{"id":718426,"date":"2025-08-27T18:08:09","date_gmt":"2025-08-27T15:08:09","guid":{"rendered":"https:\/\/roveyayinevi.com.tr\/index.php\/urun\/turklesmek-islamlasmak-muasirlasmak-3\/"},"modified":"2026-04-16T02:26:26","modified_gmt":"2026-04-15T23:26:26","slug":"turklesmek-islamlasmak-muasirlasmak-3","status":"publish","type":"product","link":"https:\/\/roveyayinevi.com.tr\/index.php\/urun\/turklesmek-islamlasmak-muasirlasmak-3\/","title":{"rendered":"T\u00fcrkle\u015fmek \u0130slamla\u015fmak Muas\u0131rla\u015fmak"},"content":{"rendered":"<p>Ziya G\u00f6kalp\u2019\u0131n T\u00fcrkle\u015fmek \u0130sl\u00e2mla\u015fmak Muas\u0131rla\u015fmak kitab\u0131 1918\u2019de bas\u0131lm\u0131\u015ft\u0131r. Daha \u00f6nce, 1913-1914\u2019te, T\u00fcrk Yurdu\u2019nda bir seri makale olarak yay\u0131mlanm\u0131\u015ft\u0131. 1918 bask\u0131s\u0131yla T\u00fcrk Yurdu\u2019nda \u00e7\u0131kan makaleleri kar\u015f\u0131la\u015ft\u0131rd\u0131k. Farkl\u0131l\u0131klar\u0131 belirttik.  Kitaba al\u0131nmayan bir makaleyi de s\u0131ras\u0131nda verdik. Bu makale, H. \u015e. imzas\u0131n\u0131 kullanan bir Ermeni vatanda\u015fa cevapt\u0131r. H. \u015e., Ziya G\u00f6kalp\u2019\u0131n makalesinde baz\u0131 a\u00e7\u0131klamalar\u0131 tenkit etmi\u015ftir. Bu tenkit, makale olarak T\u00fcrk Yurdu\u2019nda yay\u0131nlanm\u0131\u015ft\u0131r. H. \u015e.\u2019nin makalesi, okuyucuya, Ziya G\u00f6kalp\u2019\u0131n cevab\u0131yla kar\u015f\u0131la\u015ft\u0131rma imk\u00e2n\u0131 sa\u011flayacakt\u0131r. Sadele\u015ftirme yoluna gitmedik. G\u00f6kalp\u2019\u0131n \u00fcsl\u00fbbuna ve fikirlerine sad\u0131k kald\u0131k.  Zaman\u0131m\u0131zda kullan\u0131lmayan kelimeler i\u00e7in s\u00f6zl\u00fck verdi\u011fimiz gibi, metinlerde ge\u00e7en isimleri ve kavramlar\u0131 tek tek a\u00e7\u0131klad\u0131k. Elinizdeki eserin, bir b\u00fct\u00fcn h\u00e2linde, Ziya G\u00f6kalp\u2019\u0131n temel fikirlerini tan\u0131ma imk\u00e2n\u0131 sa\u011flayaca\u011f\u0131n\u0131 d\u00fc\u015f\u00fcn\u00fcyoruz. <\/p>\n","protected":false},"excerpt":{"rendered":"<p>Ziya G\u00f6kalp\u2019\u0131n T\u00fcrkle\u015fmek \u0130sl\u00e2mla\u015fmak Muas\u0131rla\u015fmak kitab\u0131 1918\u2019de bas\u0131lm\u0131\u015ft\u0131r. Daha \u00f6nce, 1913-1914\u2019te, T\u00fcrk Yurdu\u2019nda bir seri makale olarak yay\u0131mlanm\u0131\u015ft\u0131. 1918 bask\u0131s\u0131yla T\u00fcrk Yurdu\u2019nda \u00e7\u0131kan makaleleri kar\u015f\u0131la\u015ft\u0131rd\u0131k. Farkl\u0131l\u0131klar\u0131<span class=\"excerpt-hellip\"> [\u2026]<\/span><\/p>\n","protected":false},"featured_media":0,"template":"","meta":{"_monsterinsights_skip_tracking":false,"_monsterinsights_sitenote_active":false,"_monsterinsights_sitenote_note":"","_monsterinsights_sitenote_category":0},"product_brand":[],"product_cat":[12325,12324],"product_tag":[],"class_list":{"0":"post-718426","1":"product","2":"type-product","3":"status-publish","5":"product_cat-diger-sosyoloji","6":"product_cat-sosyoloji","7":"pa_cilt-ciltsiz","8":"pa_tur-kitap","9":"pa_yayinevi-bilge-kultur-sanat","10":"pa_yazar-ziya-gokalp","12":"first","13":"instock","14":"sale","15":"shipping-taxable","16":"purchasable","17":"product-type-simple"},"_links":{"self":[{"href":"https:\/\/roveyayinevi.com.tr\/index.php\/wp-json\/wp\/v2\/product\/718426","targetHints":{"allow":["GET"]}}],"collection":[{"href":"https:\/\/roveyayinevi.com.tr\/index.php\/wp-json\/wp\/v2\/product"}],"about":[{"href":"https:\/\/roveyayinevi.com.tr\/index.php\/wp-json\/wp\/v2\/types\/product"}],"wp:attachment":[{"href":"https:\/\/roveyayinevi.com.tr\/index.php\/wp-json\/wp\/v2\/media?parent=718426"}],"wp:term":[{"taxonomy":"product_brand","embeddable":true,"href":"https:\/\/roveyayinevi.com.tr\/index.php\/wp-json\/wp\/v2\/product_brand?post=718426"},{"taxonomy":"product_cat","embeddable":true,"href":"https:\/\/roveyayinevi.com.tr\/index.php\/wp-json\/wp\/v2\/product_cat?post=718426"},{"taxonomy":"product_tag","embeddable":true,"href":"https:\/\/roveyayinevi.com.tr\/index.php\/wp-json\/wp\/v2\/product_tag?post=718426"}],"curies":[{"name":"wp","href":"https:\/\/api.w.org\/{rel}","templated":true}]}}