{"id":718425,"date":"2025-08-27T18:08:09","date_gmt":"2025-08-27T15:08:09","guid":{"rendered":"https:\/\/roveyayinevi.com.tr\/index.php\/urun\/turkculugun-esaslari-4\/"},"modified":"2026-04-16T02:26:26","modified_gmt":"2026-04-15T23:26:26","slug":"turkculugun-esaslari-4","status":"publish","type":"product","link":"https:\/\/roveyayinevi.com.tr\/index.php\/urun\/turkculugun-esaslari-4\/","title":{"rendered":"T\u00fcrk\u00e7\u00fcl\u00fc\u011f\u00fcn Esaslar\u0131"},"content":{"rendered":"<p>T\u00fcrk\u00e7\u00fcl\u00fc\u011f\u00fcn Esaslar\u0131, 1923\u2019te yay\u0131mlanm\u0131\u015ft\u0131r. Osmanl\u0131 da\u011f\u0131lm\u0131\u015f, ad\u0131 \u201cT\u00fcrkiye\u201d olan yeni bir devlet do\u011fmu\u015ftur ki, bu topraklarda hangi etnisiteye d\u00e2hil olursa olsun herkes \u201cT\u00fcrk\u201d kabul edilmi\u015ftir. Ziya G\u00f6kalp, T\u00fcrk\u00e7\u00fcl\u00fc\u011f\u00fcn Esaslar\u0131\u2019yla Yeni T\u00fcrkiye\u2019nin fikr\u00ee \u00e7er\u00e7evesini \u00e7izmi\u015ftir. Eser, bir\u00e7ok defa yeni yaz\u0131ya aktar\u0131lm\u0131\u015ft\u0131r. Ancak, imlada farkl\u0131 yol takip edilmi\u015ftir. G\u00f6kalp\u2019\u0131n kelimelerini de\u011fi\u015ftirmeden m\u00fcmk\u00fcn oldu\u011fu kadar okumay\u0131 kolayla\u015ft\u0131r\u0131c\u0131 yol tercih edilmi\u015ftir. G\u00f6kalp, T\u00fcrk\u00e7\u00fcl\u00fc\u011f\u00fcn Esaslar\u0131\u2019nda dilde sadele\u015ftirme ve tasfiye \u00fczerinde durur; \u201ca\u015f\u0131r\u0131\u201d tasfiyeci olarak Raif Mehmet Fuat\u2019\u0131 g\u00f6sterir. Raif Mehmet Fuat (K\u00f6seraif)\u2019\u0131n T\u00fcrk Yurdu\u2019nda \u00e7\u0131kan \u201cT\u00fcrk Dilini Sadele\u015ftirmek Meselesi\u201d ba\u015fl\u0131kl\u0131 makalesini, k\u0131yas imk\u00e2n\u0131 sa\u011flamak i\u00e7in, kitab\u0131n sonuna koyduk. G\u00f6kalp\u2019\u0131n Yeni T\u00fcrkiye i\u00e7in tekliflerini bir b\u00fct\u00fcn olarak elinizdeki T\u00fcrk\u00e7\u00fcl\u00fc\u011f\u00fcn Esaslar\u0131\u2019nda okuyacaks\u0131n\u0131z. <\/p>\n","protected":false},"excerpt":{"rendered":"<p>T\u00fcrk\u00e7\u00fcl\u00fc\u011f\u00fcn Esaslar\u0131, 1923\u2019te yay\u0131mlanm\u0131\u015ft\u0131r. Osmanl\u0131 da\u011f\u0131lm\u0131\u015f, ad\u0131 \u201cT\u00fcrkiye\u201d olan yeni bir devlet do\u011fmu\u015ftur ki, bu topraklarda hangi etnisiteye d\u00e2hil olursa olsun herkes \u201cT\u00fcrk\u201d kabul edilmi\u015ftir. Ziya<span class=\"excerpt-hellip\"> [\u2026]<\/span><\/p>\n","protected":false},"featured_media":0,"template":"","meta":{"_monsterinsights_skip_tracking":false,"_monsterinsights_sitenote_active":false,"_monsterinsights_sitenote_note":"","_monsterinsights_sitenote_category":0},"product_brand":[],"product_cat":[12325,12324],"product_tag":[],"class_list":{"0":"post-718425","1":"product","2":"type-product","3":"status-publish","5":"product_cat-diger-sosyoloji","6":"product_cat-sosyoloji","7":"pa_cilt-ciltsiz","8":"pa_tur-kitap","9":"pa_yayinevi-bilge-kultur-sanat","10":"pa_yazar-ziya-gokalp","12":"first","13":"instock","14":"sale","15":"shipping-taxable","16":"purchasable","17":"product-type-simple"},"_links":{"self":[{"href":"https:\/\/roveyayinevi.com.tr\/index.php\/wp-json\/wp\/v2\/product\/718425","targetHints":{"allow":["GET"]}}],"collection":[{"href":"https:\/\/roveyayinevi.com.tr\/index.php\/wp-json\/wp\/v2\/product"}],"about":[{"href":"https:\/\/roveyayinevi.com.tr\/index.php\/wp-json\/wp\/v2\/types\/product"}],"wp:attachment":[{"href":"https:\/\/roveyayinevi.com.tr\/index.php\/wp-json\/wp\/v2\/media?parent=718425"}],"wp:term":[{"taxonomy":"product_brand","embeddable":true,"href":"https:\/\/roveyayinevi.com.tr\/index.php\/wp-json\/wp\/v2\/product_brand?post=718425"},{"taxonomy":"product_cat","embeddable":true,"href":"https:\/\/roveyayinevi.com.tr\/index.php\/wp-json\/wp\/v2\/product_cat?post=718425"},{"taxonomy":"product_tag","embeddable":true,"href":"https:\/\/roveyayinevi.com.tr\/index.php\/wp-json\/wp\/v2\/product_tag?post=718425"}],"curies":[{"name":"wp","href":"https:\/\/api.w.org\/{rel}","templated":true}]}}