{"id":718423,"date":"2025-08-27T18:08:08","date_gmt":"2025-08-27T15:08:08","guid":{"rendered":"https:\/\/roveyayinevi.com.tr\/index.php\/urun\/acik-yaranin-sesi-bir-politik-anlati-olarak-ahmet-kaya-sarkilari\/"},"modified":"2026-04-16T02:26:26","modified_gmt":"2026-04-15T23:26:26","slug":"acik-yaranin-sesi-bir-politik-anlati-olarak-ahmet-kaya-sarkilari","status":"publish","type":"product","link":"https:\/\/roveyayinevi.com.tr\/index.php\/urun\/acik-yaranin-sesi-bir-politik-anlati-olarak-ahmet-kaya-sarkilari\/","title":{"rendered":"A\u00e7\u0131k Yaran\u0131n Sesi &#8211; Bir Politik Anlat\u0131 Olarak Ahmet Kaya \u015eark\u0131lar\u0131"},"content":{"rendered":"<p>Ahmet Kaya\u2019n\u0131nki 1957\u2019de Malatya\u2019da ba\u015flay\u0131p 2000 y\u0131l\u0131nda Paris\u2019te s\u00fcrg\u00fcnde sonlanan, i\u00e7inden g\u00f6\u00e7, yoksulluk, devrimcilik, hapishane, alb\u00fcmler, konserler, \u015fiirler, yasaklamalar, toplatma kararlar\u0131, televizyon programlar, \u00f6d\u00fcller, hayranlar ve \u015f\u00f6hret ge\u00e7en bir hayat. \u0130lkay Kara, bu hayat\u0131n \u015fark\u0131lara da sinen yans\u0131malar\u0131na bakarak bir t\u00fcr \u201cdireni\u015fin\u201d ve \u201ckapanmayan yaralar\u0131n sesi\u201d olarak Ahmet Kaya \u015fark\u0131lar\u0131ndaki politik tutumlar\u0131 ele al\u0131yor, T\u00fcrkiye\u2019deki toplumsal muhalefetin zaman i\u00e7inde \u00fcretti\u011fi anlam d\u00fcnyas\u0131n\u0131 Ahmet Kaya \u015fark\u0131lar\u0131 arac\u0131l\u0131\u011f\u0131yla a\u00e7\u0131\u011fa \u00e7\u0131karmaya \u00e7al\u0131\u015f\u0131yor. Ahmet Kaya\u2019n\u0131n d\u00fcne, \u015fimdiye ve gelece\u011fe dair bak\u0131\u015f a\u00e7\u0131lar\u0131n\u0131n \u015fark\u0131 s\u00f6zleri arac\u0131l\u0131\u011f\u0131yla izlendi\u011fi A\u00e7\u0131k Yaran\u0131n Sesi\u2019nde Ahmet Kaya repertuvar\u0131ndaki m\u00fccadele tecr\u00fcbesini an\u0131msatan \u015fark\u0131lar; yas \u015fark\u0131lar\u0131; \u201cs\u0131z\u0131\u201dl\u0131 \u015fark\u0131lar; ihbara, ihanete ve korkuya dair \u015fark\u0131lar; tezg\u00e2htarlar\u0131n, fabrika k\u0131zlar\u0131n\u0131n, emek\u00e7ilerin \u015fark\u0131lar\u0131; a\u00e7l\u0131\u011f\u0131n ve yoksullu\u011fun \u015fark\u0131lar\u0131; a\u015fk \u015fark\u0131lar\u0131; da\u011flara s\u00f6ylenen, K\u00fcrt sorununa dair \u015fark\u0131lar teorik bir zemine oturuyor. Hem T\u00fcrkiye\u2019deki toplumsal m\u00fccadelenin m\u00fczikle ili\u015fkisine bakan hem biyografik olmasa daAhmet Kaya\u2019n\u0131n hayat\u0131n\u0131n arka plan\u0131na mercek tutan, okurken mutlaka e\u015flik edilecek \u015fark\u0131lar bulunacak bir kitap.&#8221;Bana bir \u00e7ocuk diyor ki, \u2018Ahmet Abi ben bug\u00fcne kadar Ferdi \u00d6zbe\u011fen\u2019i dinliyordum, devrimcilerin b\u00f6yle \u015fark\u0131lar yapt\u0131\u011f\u0131n\u0131 bilmiyordum. \u0130zin verir misin, devrimci olabilir miyim?\u2019 diyor. Bir taraftan ba\u015fka biri diyor: \u2018Ahmet Abi senin i\u00e7in kom\u00fcnist diyorlar, \u00e7ok \u00fcz\u00fcl\u00fcyorum.&#8221;<\/p>\n","protected":false},"excerpt":{"rendered":"<p>Ahmet Kaya\u2019n\u0131nki 1957\u2019de Malatya\u2019da ba\u015flay\u0131p 2000 y\u0131l\u0131nda Paris\u2019te s\u00fcrg\u00fcnde sonlanan, i\u00e7inden g\u00f6\u00e7, yoksulluk, devrimcilik, hapishane, alb\u00fcmler, konserler, \u015fiirler, yasaklamalar, toplatma kararlar\u0131, televizyon programlar, \u00f6d\u00fcller, hayranlar ve<span class=\"excerpt-hellip\"> [\u2026]<\/span><\/p>\n","protected":false},"featured_media":0,"template":"","meta":{"_monsterinsights_skip_tracking":false,"_monsterinsights_sitenote_active":false,"_monsterinsights_sitenote_note":"","_monsterinsights_sitenote_category":0},"product_brand":[],"product_cat":[13590,12337],"product_tag":[],"class_list":{"0":"post-718423","1":"product","2":"type-product","3":"status-publish","5":"product_cat-arastirma-inceleme-politika-siyaset","6":"product_cat-politika-siyaset","7":"pa_cilt-ciltsiz","8":"pa_tur-kitap","9":"pa_yayinevi-iletisim-yayinlari","10":"pa_yazar-ilkay-kara","12":"first","13":"instock","14":"sale","15":"shipping-taxable","16":"purchasable","17":"product-type-simple"},"_links":{"self":[{"href":"https:\/\/roveyayinevi.com.tr\/index.php\/wp-json\/wp\/v2\/product\/718423","targetHints":{"allow":["GET"]}}],"collection":[{"href":"https:\/\/roveyayinevi.com.tr\/index.php\/wp-json\/wp\/v2\/product"}],"about":[{"href":"https:\/\/roveyayinevi.com.tr\/index.php\/wp-json\/wp\/v2\/types\/product"}],"wp:attachment":[{"href":"https:\/\/roveyayinevi.com.tr\/index.php\/wp-json\/wp\/v2\/media?parent=718423"}],"wp:term":[{"taxonomy":"product_brand","embeddable":true,"href":"https:\/\/roveyayinevi.com.tr\/index.php\/wp-json\/wp\/v2\/product_brand?post=718423"},{"taxonomy":"product_cat","embeddable":true,"href":"https:\/\/roveyayinevi.com.tr\/index.php\/wp-json\/wp\/v2\/product_cat?post=718423"},{"taxonomy":"product_tag","embeddable":true,"href":"https:\/\/roveyayinevi.com.tr\/index.php\/wp-json\/wp\/v2\/product_tag?post=718423"}],"curies":[{"name":"wp","href":"https:\/\/api.w.org\/{rel}","templated":true}]}}