{"id":718422,"date":"2025-08-27T18:08:07","date_gmt":"2025-08-27T15:08:07","guid":{"rendered":"https:\/\/roveyayinevi.com.tr\/index.php\/urun\/yoluma-cik-kaderimden-gec\/"},"modified":"2026-04-16T02:26:26","modified_gmt":"2026-04-15T23:26:26","slug":"yoluma-cik-kaderimden-gec","status":"publish","type":"product","link":"https:\/\/roveyayinevi.com.tr\/index.php\/urun\/yoluma-cik-kaderimden-gec\/","title":{"rendered":"Yoluma \u00c7\u0131k Kaderimden Ge\u00e7"},"content":{"rendered":"<p>Bu gece sen y\u0131ka makyaj\u0131m\u0131, \u00c7\u0131kmayan rimelimi, Giydir pijamalar\u0131m\u0131. Hi\u00e7 g\u00fcc\u00fcm yok B\u0131rakma! B\u0131rakma bedenimi. Bir \u00e7ay koy, kokulu severim bilirsin, Bu gece al b\u00fct\u00fcn y\u00fcklerimi, Ta\u015f\u0131yamad\u0131\u011f\u0131m y\u00fcre\u011fimi, Akmayan g\u00f6zya\u015f\u0131m\u0131&#8230; Nas\u0131l koktu\u011funu biliyor musun sa\u00e7lar\u0131m\u0131n? Dokun! Ellerinde aks\u0131n sa\u00e7lar\u0131m. Uyut nefesinle g\u00f6\u011fs\u00fcnde Al bu gece!&#8230; Ne kadar K\u0131rd\u0131larsa, Yordularsa, Hi\u00e7bir \u015fey yerine koydularsa, \u00c7ek al ruhumdan Kapat g\u00f6zlerimi&#8230; <\/p>\n","protected":false},"excerpt":{"rendered":"<p>Bu gece sen y\u0131ka makyaj\u0131m\u0131, \u00c7\u0131kmayan rimelimi, Giydir pijamalar\u0131m\u0131. Hi\u00e7 g\u00fcc\u00fcm yok B\u0131rakma! B\u0131rakma bedenimi. Bir \u00e7ay koy, kokulu severim bilirsin, Bu gece al b\u00fct\u00fcn y\u00fcklerimi,<span class=\"excerpt-hellip\"> [\u2026]<\/span><\/p>\n","protected":false},"featured_media":0,"template":"","meta":{"_monsterinsights_skip_tracking":false,"_monsterinsights_sitenote_active":false,"_monsterinsights_sitenote_note":"","_monsterinsights_sitenote_category":0},"product_brand":[],"product_cat":[12291,12509],"product_tag":[],"class_list":{"0":"post-718422","1":"product","2":"type-product","3":"status-publish","5":"product_cat-edebiyat","6":"product_cat-siir","7":"pa_cilt-ciltsiz","8":"pa_tur-kitap","9":"pa_yayinevi-luna-yayinlari","10":"pa_yazar-nese-kilic","12":"first","13":"instock","14":"sale","15":"shipping-taxable","16":"purchasable","17":"product-type-simple"},"_links":{"self":[{"href":"https:\/\/roveyayinevi.com.tr\/index.php\/wp-json\/wp\/v2\/product\/718422","targetHints":{"allow":["GET"]}}],"collection":[{"href":"https:\/\/roveyayinevi.com.tr\/index.php\/wp-json\/wp\/v2\/product"}],"about":[{"href":"https:\/\/roveyayinevi.com.tr\/index.php\/wp-json\/wp\/v2\/types\/product"}],"wp:attachment":[{"href":"https:\/\/roveyayinevi.com.tr\/index.php\/wp-json\/wp\/v2\/media?parent=718422"}],"wp:term":[{"taxonomy":"product_brand","embeddable":true,"href":"https:\/\/roveyayinevi.com.tr\/index.php\/wp-json\/wp\/v2\/product_brand?post=718422"},{"taxonomy":"product_cat","embeddable":true,"href":"https:\/\/roveyayinevi.com.tr\/index.php\/wp-json\/wp\/v2\/product_cat?post=718422"},{"taxonomy":"product_tag","embeddable":true,"href":"https:\/\/roveyayinevi.com.tr\/index.php\/wp-json\/wp\/v2\/product_tag?post=718422"}],"curies":[{"name":"wp","href":"https:\/\/api.w.org\/{rel}","templated":true}]}}