{"id":718421,"date":"2025-08-27T18:08:06","date_gmt":"2025-08-27T15:08:06","guid":{"rendered":"https:\/\/roveyayinevi.com.tr\/index.php\/urun\/dunyayi-degistiren-konusmalar\/"},"modified":"2026-04-16T02:26:26","modified_gmt":"2026-04-15T23:26:26","slug":"dunyayi-degistiren-konusmalar","status":"publish","type":"product","link":"https:\/\/roveyayinevi.com.tr\/index.php\/urun\/dunyayi-degistiren-konusmalar\/","title":{"rendered":"D\u00fcnyay\u0131 De\u011fi\u015ftiren Konu\u015fmalar"},"content":{"rendered":"<p>Sava\u015f \u00e7a\u011fr\u0131lar\u0131ndan ate\u015fkeslere, \u00f6zg\u00fcrl\u00fck isyanlar\u0131ndan ilham kayna\u011f\u0131 s\u00f6zlere, kutlamalardan anmalara kadar bir\u00e7ok konu\u015fmay\u0131 derleyen bu merak uyand\u0131ran antoloji, \u00f6nemli fig\u00fcrlerin seslerini tarihsel ba\u011flamda bir araya getiriyor.Earl Spencer&#8217;\u0131n Galler Prensesi olan k\u0131z\u0131 Diana\u2019n\u0131n cenazesinde \u201cModern \u00e7a\u011f\u0131n en talihsiz kad\u0131n\u0131\u201d dedi\u011fi konu\u015fmas\u0131, Nikita Kru\u015f\u00e7ev&#8217;in 1956&#8217;daki \u201cGizli S\u00f6ylev\u201di, Kevin Rudd\u2019\u0131n Avustralya\u2019da k\u00f6t\u00fc muamele g\u00f6ren Aborjinler i\u00e7in yapt\u0131\u011f\u0131 tarihi savunmas\u0131, Barack Obama\u2019n\u0131n ABD ba\u015fkanl\u0131k se\u00e7imlerindeki ilk zafer konu\u015fmas\u0131, Malala Yusufzay\u2019\u0131n BM Gen\u00e7lik Meclisindeki e\u011fitime destek \u00e7a\u011fr\u0131s\u0131, \u0130ndira Gandi\u2019nin kad\u0131n e\u011fitiminin \u00f6nemine dair g\u00f6r\u00fc\u015fleri, Al Gore\u2019un BM Bali \u0130klim De\u011fi\u015fikli\u011fi Konferans\u0131\u2019ndaki konu\u015fmas\u0131\u2026Bunlar\u0131n yan\u0131 s\u0131ra, Martin Luther King\u2019in \u201cBir hayalim var\u201d ve \u201cVaat edilmi\u015f topraklar\u0131 g\u00f6rd\u00fcm\u201d konu\u015fmalar\u0131 ile Nelson Mandela\u2019n\u0131n co\u015fkulu s\u00f6ylevleri de d\u00e2hil olmak \u00fczere, modern d\u00fcnyay\u0131 \u015fekillendirmi\u015f olan 50&#8217;nin \u00fczerinde \u00f6nemli tarihi fig\u00fcr\u00fcn ilham veren konu\u015fmalar\u0131 bir araya geliyor. Her konu\u015fmac\u0131n\u0131n biyografisi ile konu\u015fmas\u0131n\u0131n \u00f6nemi ve sonu\u00e7lar\u0131na yer verilen bu kitab\u0131, d\u00fcnya tarihinin s\u00fcr\u00fckleyici bir \u00f6zeti olarak okuyacaks\u0131n\u0131z.<\/p>\n","protected":false},"excerpt":{"rendered":"<p>Sava\u015f \u00e7a\u011fr\u0131lar\u0131ndan ate\u015fkeslere, \u00f6zg\u00fcrl\u00fck isyanlar\u0131ndan ilham kayna\u011f\u0131 s\u00f6zlere, kutlamalardan anmalara kadar bir\u00e7ok konu\u015fmay\u0131 derleyen bu merak uyand\u0131ran antoloji, \u00f6nemli fig\u00fcrlerin seslerini tarihsel ba\u011flamda bir araya getiriyor.Earl<span class=\"excerpt-hellip\"> [\u2026]<\/span><\/p>\n","protected":false},"featured_media":0,"template":"","meta":{"_monsterinsights_skip_tracking":false,"_monsterinsights_sitenote_active":false,"_monsterinsights_sitenote_note":"","_monsterinsights_sitenote_category":0},"product_brand":[],"product_cat":[12305,12304],"product_tag":[],"class_list":{"0":"post-718421","1":"product","2":"type-product","3":"status-publish","5":"product_cat-dunya-tarihi","6":"product_cat-tarih","7":"pa_cilt-ciltsiz","8":"pa_tur-kitap","9":"pa_yayinevi-indigo-kitap","10":"pa_yazar-kolektif","12":"first","13":"instock","14":"sale","15":"shipping-taxable","16":"purchasable","17":"product-type-simple"},"_links":{"self":[{"href":"https:\/\/roveyayinevi.com.tr\/index.php\/wp-json\/wp\/v2\/product\/718421","targetHints":{"allow":["GET"]}}],"collection":[{"href":"https:\/\/roveyayinevi.com.tr\/index.php\/wp-json\/wp\/v2\/product"}],"about":[{"href":"https:\/\/roveyayinevi.com.tr\/index.php\/wp-json\/wp\/v2\/types\/product"}],"wp:attachment":[{"href":"https:\/\/roveyayinevi.com.tr\/index.php\/wp-json\/wp\/v2\/media?parent=718421"}],"wp:term":[{"taxonomy":"product_brand","embeddable":true,"href":"https:\/\/roveyayinevi.com.tr\/index.php\/wp-json\/wp\/v2\/product_brand?post=718421"},{"taxonomy":"product_cat","embeddable":true,"href":"https:\/\/roveyayinevi.com.tr\/index.php\/wp-json\/wp\/v2\/product_cat?post=718421"},{"taxonomy":"product_tag","embeddable":true,"href":"https:\/\/roveyayinevi.com.tr\/index.php\/wp-json\/wp\/v2\/product_tag?post=718421"}],"curies":[{"name":"wp","href":"https:\/\/api.w.org\/{rel}","templated":true}]}}