{"id":718420,"date":"2025-08-27T18:08:05","date_gmt":"2025-08-27T15:08:05","guid":{"rendered":"https:\/\/roveyayinevi.com.tr\/index.php\/urun\/gecedeki\/"},"modified":"2026-04-16T02:26:26","modified_gmt":"2026-04-15T23:26:26","slug":"gecedeki","status":"publish","type":"product","link":"https:\/\/roveyayinevi.com.tr\/index.php\/urun\/gecedeki\/","title":{"rendered":"Gecedeki"},"content":{"rendered":"<p>Muhakkak ya\u011fmurlar diner, kaybolur f\u0131rt\u0131nalar Yerine bir sis ge\u00e7er Sonunu g\u00f6remezsin bekleyi\u015flerin Koyula\u015ft\u0131k\u00e7a da\u011f\u0131l\u0131r \u00fcmitlerin Da\u011f\u0131ld\u0131k\u00e7a bir gemi demir al\u0131r bu sulardan Muhakkak bir kad\u0131n\u0131n sa\u00e7lar\u0131 dalgalan\u0131r \u00fcst\u00fcnde Muhakkak s\u0131rt\u0131n r\u0131ht\u0131ma \u00e7evrilmi\u015ftir Nihayetinde gelip ge\u00e7mi\u015ftir her \u015fey Sona ermi\u015ftir bu nevmit fas\u0131l Sonras\u0131, miskin deryalar i\u00e7inde dingin bir pus Sonras\u0131, silinir suretin o perde i\u00e7inde sonsuz G\u00f6r\u00fcyorum A\u011f\u0131rla\u015ft\u0131k\u00e7a bu sisler sinesinde sevdam\u0131n Muhakkak gideceksin, Gideceksin biliyorum.  <\/p>\n","protected":false},"excerpt":{"rendered":"<p>Muhakkak ya\u011fmurlar diner, kaybolur f\u0131rt\u0131nalar Yerine bir sis ge\u00e7er Sonunu g\u00f6remezsin bekleyi\u015flerin Koyula\u015ft\u0131k\u00e7a da\u011f\u0131l\u0131r \u00fcmitlerin Da\u011f\u0131ld\u0131k\u00e7a bir gemi demir al\u0131r bu sulardan Muhakkak bir kad\u0131n\u0131n sa\u00e7lar\u0131<span class=\"excerpt-hellip\"> [\u2026]<\/span><\/p>\n","protected":false},"featured_media":0,"template":"","meta":{"_monsterinsights_skip_tracking":false,"_monsterinsights_sitenote_active":false,"_monsterinsights_sitenote_note":"","_monsterinsights_sitenote_category":0},"product_brand":[],"product_cat":[12291,12509],"product_tag":[],"class_list":{"0":"post-718420","1":"product","2":"type-product","3":"status-publish","5":"product_cat-edebiyat","6":"product_cat-siir","7":"pa_cilt-ciltsiz","8":"pa_tur-kitap","9":"pa_yayinevi-luna-yayinlari","10":"pa_yazar-halil-saygin","12":"first","13":"instock","14":"sale","15":"shipping-taxable","16":"purchasable","17":"product-type-simple"},"_links":{"self":[{"href":"https:\/\/roveyayinevi.com.tr\/index.php\/wp-json\/wp\/v2\/product\/718420","targetHints":{"allow":["GET"]}}],"collection":[{"href":"https:\/\/roveyayinevi.com.tr\/index.php\/wp-json\/wp\/v2\/product"}],"about":[{"href":"https:\/\/roveyayinevi.com.tr\/index.php\/wp-json\/wp\/v2\/types\/product"}],"wp:attachment":[{"href":"https:\/\/roveyayinevi.com.tr\/index.php\/wp-json\/wp\/v2\/media?parent=718420"}],"wp:term":[{"taxonomy":"product_brand","embeddable":true,"href":"https:\/\/roveyayinevi.com.tr\/index.php\/wp-json\/wp\/v2\/product_brand?post=718420"},{"taxonomy":"product_cat","embeddable":true,"href":"https:\/\/roveyayinevi.com.tr\/index.php\/wp-json\/wp\/v2\/product_cat?post=718420"},{"taxonomy":"product_tag","embeddable":true,"href":"https:\/\/roveyayinevi.com.tr\/index.php\/wp-json\/wp\/v2\/product_tag?post=718420"}],"curies":[{"name":"wp","href":"https:\/\/api.w.org\/{rel}","templated":true}]}}