{"id":718419,"date":"2025-08-27T18:08:04","date_gmt":"2025-08-27T15:08:04","guid":{"rendered":"https:\/\/roveyayinevi.com.tr\/index.php\/urun\/kadife-pantolonlu-cocuk\/"},"modified":"2026-04-16T02:26:26","modified_gmt":"2026-04-15T23:26:26","slug":"kadife-pantolonlu-cocuk","status":"publish","type":"product","link":"https:\/\/roveyayinevi.com.tr\/index.php\/urun\/kadife-pantolonlu-cocuk\/","title":{"rendered":"Kadife Pantolonlu \u00c7ocuk"},"content":{"rendered":"<p>Bacha posh nedir bilir misiniz?Afganistan\u2019da, hi\u00e7 erkek \u00e7ocu\u011fu olmayan aileler, genellikle ailenin en k\u00fc\u00e7\u00fck k\u0131z\u0131n\u0131 bir s\u00fcreli\u011fine erke\u011fe \u00e7evirirler. B\u00f6ylece eve \u015fans gelece\u011fine ve bir sonraki bebe\u011fin erkek olaca\u011f\u0131na inan\u0131rlar. Obayda ve ailesi de K\u00e2bil\u2019de kendi h\u00e2llerinde, mutlu bir hayat s\u00fcrerken ya\u015fanan bir kazayla her \u015fey alt\u00fcst olur. Baca\u011f\u0131n\u0131 kaybeden babas\u0131 art\u0131k \u00e7al\u0131\u015famayacak durumdad\u0131r. Aile ge\u00e7inebilmek i\u00e7in k\u00fc\u00e7\u00fck bir k\u00f6ye, akrabalar\u0131n\u0131n yan\u0131na yerle\u015fir. Hi\u00e7 erkek karde\u015fi olmayan Obayda, ablalar\u0131 ile bu yeni hayata al\u0131\u015fmaya \u00e7al\u0131\u015fmaktad\u0131r. Ancak ailenin b\u00fcy\u00fc\u011f\u00fc olan yengeleri, Obayda ve ailesinin talihsizli\u011finden ho\u015fnutsuzdur. G\u00fcn\u00fcn birinde Obayda\u2019n\u0131n annesini, onu bir erke\u011fe \u00e7evirmesi i\u00e7in ikna edince, Obayda\u2019n\u0131n bildi\u011fi her \u015fey elinden al\u0131n\u0131r. Art\u0131k upuzun sa\u00e7lar\u0131, giymeye bay\u0131ld\u0131\u011f\u0131 birbirinden g\u00fczel elbiseleri yoktur. G\u00fczel Obayda, kadife bir pantolonun i\u00e7indeki \u00fcrkek bir \u00e7ocuk olup \u00e7\u0131km\u0131\u015ft\u0131r. Bu hi\u00e7 bilmedi\u011fi yeni d\u00fcnyada kaybolmaktan korkarken Rahim\u2019le tan\u0131\u015f\u0131r. Bu iki \u00e7ocu\u011fun s\u0131ra d\u0131\u015f\u0131 dostlu\u011fu ve kesi\u015fen kaderleri, her \u015feyi de\u011fi\u015ftirecektir.<\/p>\n","protected":false},"excerpt":{"rendered":"<p>Bacha posh nedir bilir misiniz?Afganistan\u2019da, hi\u00e7 erkek \u00e7ocu\u011fu olmayan aileler, genellikle ailenin en k\u00fc\u00e7\u00fck k\u0131z\u0131n\u0131 bir s\u00fcreli\u011fine erke\u011fe \u00e7evirirler. B\u00f6ylece eve \u015fans gelece\u011fine ve bir sonraki<span class=\"excerpt-hellip\"> [\u2026]<\/span><\/p>\n","protected":false},"featured_media":0,"template":"","meta":{"_monsterinsights_skip_tracking":false,"_monsterinsights_sitenote_active":false,"_monsterinsights_sitenote_note":"","_monsterinsights_sitenote_category":0},"product_brand":[],"product_cat":[12291,12711],"product_tag":[],"class_list":{"0":"post-718419","1":"product","2":"type-product","3":"status-publish","5":"product_cat-edebiyat","6":"product_cat-roman-oyku","7":"pa_cilt-ciltsiz","8":"pa_tur-kitap","9":"pa_yayinevi-beyaz-balina-yayinlari","10":"pa_yazar-nadia-hashimi","12":"first","13":"instock","14":"sale","15":"shipping-taxable","16":"purchasable","17":"product-type-simple"},"_links":{"self":[{"href":"https:\/\/roveyayinevi.com.tr\/index.php\/wp-json\/wp\/v2\/product\/718419","targetHints":{"allow":["GET"]}}],"collection":[{"href":"https:\/\/roveyayinevi.com.tr\/index.php\/wp-json\/wp\/v2\/product"}],"about":[{"href":"https:\/\/roveyayinevi.com.tr\/index.php\/wp-json\/wp\/v2\/types\/product"}],"wp:attachment":[{"href":"https:\/\/roveyayinevi.com.tr\/index.php\/wp-json\/wp\/v2\/media?parent=718419"}],"wp:term":[{"taxonomy":"product_brand","embeddable":true,"href":"https:\/\/roveyayinevi.com.tr\/index.php\/wp-json\/wp\/v2\/product_brand?post=718419"},{"taxonomy":"product_cat","embeddable":true,"href":"https:\/\/roveyayinevi.com.tr\/index.php\/wp-json\/wp\/v2\/product_cat?post=718419"},{"taxonomy":"product_tag","embeddable":true,"href":"https:\/\/roveyayinevi.com.tr\/index.php\/wp-json\/wp\/v2\/product_tag?post=718419"}],"curies":[{"name":"wp","href":"https:\/\/api.w.org\/{rel}","templated":true}]}}