{"id":718418,"date":"2025-08-27T18:08:04","date_gmt":"2025-08-27T15:08:04","guid":{"rendered":"https:\/\/roveyayinevi.com.tr\/index.php\/urun\/uygulamali-finansal-tablolar-analizi\/"},"modified":"2026-04-16T02:26:26","modified_gmt":"2026-04-15T23:26:26","slug":"uygulamali-finansal-tablolar-analizi","status":"publish","type":"product","link":"https:\/\/roveyayinevi.com.tr\/index.php\/urun\/uygulamali-finansal-tablolar-analizi\/","title":{"rendered":"Uygulamal\u0131 Finansal Tablolar Analizi"},"content":{"rendered":"<p>B\u00f6l\u00fcm I  Finansal Tablolar\u0131n Genel \u0130lkeleri ve \u0130lgili Taraflar \u0130\u00e7in \u00d6nemi &#8211; Dr. \u00d6\u011fr. \u00dcyesi \u00d6zen AK\u00c7AKANAT B\u00f6l\u00fcm II Bilan\u00e7o Analizi &#8211; Do\u00e7. Dr. Ali BAYRAKDARO\u011eLU, Dr. Yusuf TEPEL\u0130 B\u00f6l\u00fcm III Gelir Tablosu Analizi &#8211; Dr. \u00d6\u011fr. \u00dcyesi Esin Nesrin CAN B\u00f6l\u00fcm IV Finansal Tablolar Analizi Teknikleri &#8211; Do\u00e7. Dr. Serhat Y\u00dcKSEL B\u00f6l\u00fcm V Oran Analizi &#8211; Do\u00e7. Dr. G\u00fc\u00e7l\u00fc OKAY B\u00f6l\u00fcm VI Fon Ak\u0131m Tablosu Analizi &#8211; Do\u00e7. Dr. Sibel Y\u0131lmaz T\u00dcRKMEN B\u00f6l\u00fcm VII Kar Da\u011f\u0131t\u0131m Tablosu Analizi &#8211; Do\u00e7. Dr. Sezer BOZKU\u015e KAHYAO\u011eLU B\u00f6l\u00fcm VIII Nakit Ak\u0131\u015f Tablosu Analizi &#8211; Dr. \u00d6\u011fr. \u00dcyesi Ne\u015fe \u00c7OBAN \u00c7EL\u0130KDEM\u0130R B\u00f6l\u00fcm IX Ba\u015fa Bas Ve Kald\u0131ra\u00e7 Analizi &#8211; Do\u00e7. Dr. Aysel G\u00dcNDO\u011eDU B\u00f6l\u00fcm X Enflasyon Ortam\u0131nda Finansal Tablo Analizi &#8211; Do\u00e7. Dr. Aclan OMA\u011e, Dr. \u00d6\u011fr. \u00dcyesi Altan MASUN  B\u00f6l\u00fcm XI Finansal Tablolarda Dipnot Okuma ve Yorumlama &#8211; Dr. Mustafa Tevfik KARTAL B\u00f6l\u00fcm XII  Finansal Tablo Hileleri &#8211; Dr. \u00d6\u011fr. \u00dcyesi Ne\u015fe \u00c7oban \u00c7EL\u0130KDEM\u0130R <\/p>\n","protected":false},"excerpt":{"rendered":"<p>B\u00f6l\u00fcm I Finansal Tablolar\u0131n Genel \u0130lkeleri ve \u0130lgili Taraflar \u0130\u00e7in \u00d6nemi &#8211; Dr. \u00d6\u011fr. \u00dcyesi \u00d6zen AK\u00c7AKANAT B\u00f6l\u00fcm II Bilan\u00e7o Analizi &#8211; Do\u00e7. Dr. Ali BAYRAKDARO\u011eLU,<span class=\"excerpt-hellip\"> [\u2026]<\/span><\/p>\n","protected":false},"featured_media":0,"template":"","meta":{"_monsterinsights_skip_tracking":false,"_monsterinsights_sitenote_active":false,"_monsterinsights_sitenote_note":"","_monsterinsights_sitenote_category":0},"product_brand":[],"product_cat":[17249,13043],"product_tag":[],"class_list":{"0":"post-718418","1":"product","2":"type-product","3":"status-publish","5":"product_cat-borsa-finans","6":"product_cat-ekonomi","7":"pa_cilt-ciltsiz","8":"pa_tur-kitap","9":"pa_yayinevi-gazi-kitabevi","10":"pa_yazar-aysel-gundogdu","12":"first","13":"instock","14":"sale","15":"shipping-taxable","16":"purchasable","17":"product-type-simple"},"_links":{"self":[{"href":"https:\/\/roveyayinevi.com.tr\/index.php\/wp-json\/wp\/v2\/product\/718418","targetHints":{"allow":["GET"]}}],"collection":[{"href":"https:\/\/roveyayinevi.com.tr\/index.php\/wp-json\/wp\/v2\/product"}],"about":[{"href":"https:\/\/roveyayinevi.com.tr\/index.php\/wp-json\/wp\/v2\/types\/product"}],"wp:attachment":[{"href":"https:\/\/roveyayinevi.com.tr\/index.php\/wp-json\/wp\/v2\/media?parent=718418"}],"wp:term":[{"taxonomy":"product_brand","embeddable":true,"href":"https:\/\/roveyayinevi.com.tr\/index.php\/wp-json\/wp\/v2\/product_brand?post=718418"},{"taxonomy":"product_cat","embeddable":true,"href":"https:\/\/roveyayinevi.com.tr\/index.php\/wp-json\/wp\/v2\/product_cat?post=718418"},{"taxonomy":"product_tag","embeddable":true,"href":"https:\/\/roveyayinevi.com.tr\/index.php\/wp-json\/wp\/v2\/product_tag?post=718418"}],"curies":[{"name":"wp","href":"https:\/\/api.w.org\/{rel}","templated":true}]}}