{"id":718417,"date":"2025-08-27T18:08:03","date_gmt":"2025-08-27T15:08:03","guid":{"rendered":"https:\/\/roveyayinevi.com.tr\/index.php\/urun\/saglikta-kalite-yonetimi-ve-akreditasyon\/"},"modified":"2026-04-16T02:26:26","modified_gmt":"2026-04-15T23:26:26","slug":"saglikta-kalite-yonetimi-ve-akreditasyon","status":"publish","type":"product","link":"https:\/\/roveyayinevi.com.tr\/index.php\/urun\/saglikta-kalite-yonetimi-ve-akreditasyon\/","title":{"rendered":"Sa\u011fl\u0131kta Kalite Y\u00f6netimi ve Akreditasyon"},"content":{"rendered":"<p>B\u00f6l\u00fcm I Kalite ve Akreditasyona Teorik Bir Bak\u0131\u015f  B\u00f6l\u00fcm II Sa\u011fl\u0131k Hizmetlerinde Kalitenin Tarihsel Geli\u015fimi B\u00f6l\u00fcm III Kalite \u0130yile\u015ftirme Ara\u00e7lar\u0131 B\u00f6l\u00fcm IV  Sa\u011fl\u0131kta Kalite Y\u00f6netim Sistemleri B\u00f6l\u00fcm V  Sa\u011fl\u0131k Hizmetlerinde D\u0131\u015f De\u011ferlendirme ve Akreditasyon B\u00f6l\u00fcm VI Performans ve Kalite Y\u00f6netimi \u0130li\u015fkisi B\u00f6l\u00fcm VII Sa\u011fl\u0131kta Kalite ve Maliyet \u0130li\u015fkisi  B\u00f6l\u00fcm VIII Standartlar A\u00e7\u0131s\u0131ndan Sa\u011fl\u0131kta Kalite ve Akreditasyon B\u00f6l\u00fcm IX  Hasta ve \u00c7al\u0131\u015fan G\u00fcvenli\u011fi  B\u00f6l\u00fcm X Sa\u011fl\u0131k Hizmetlerinde Risk Y\u00f6netimi  B\u00f6l\u00fcm XI  Sa\u011fl\u0131k Hizmet Kalitesi B\u00f6l\u00fcm XII Klinik Kalite  B\u00f6l\u00fcm XIII Teknoloji ve Sa\u011fl\u0131k Hizmetlerinin Kalitesi B\u00f6l\u00fcm XIV  Sa\u011fl\u0131kta S\u00fcrd\u00fcr\u00fclebilir Stratejik Kalite Y\u00f6netimi <\/p>\n","protected":false},"excerpt":{"rendered":"<p>B\u00f6l\u00fcm I Kalite ve Akreditasyona Teorik Bir Bak\u0131\u015f B\u00f6l\u00fcm II Sa\u011fl\u0131k Hizmetlerinde Kalitenin Tarihsel Geli\u015fimi B\u00f6l\u00fcm III Kalite \u0130yile\u015ftirme Ara\u00e7lar\u0131 B\u00f6l\u00fcm IV Sa\u011fl\u0131kta Kalite Y\u00f6netim Sistemleri<span class=\"excerpt-hellip\"> [\u2026]<\/span><\/p>\n","protected":false},"featured_media":0,"template":"","meta":{"_monsterinsights_skip_tracking":false,"_monsterinsights_sitenote_active":false,"_monsterinsights_sitenote_note":"","_monsterinsights_sitenote_category":0},"product_brand":[],"product_cat":[13366,13365],"product_tag":[],"class_list":{"0":"post-718417","1":"product","2":"type-product","3":"status-publish","5":"product_cat-diger-saglik","6":"product_cat-saglik","7":"pa_cilt-ciltsiz","8":"pa_tur-kitap","9":"pa_yayinevi-gazi-kitabevi","10":"pa_yazar-umut-beylik-keziban-avci","12":"first","13":"instock","14":"sale","15":"shipping-taxable","16":"purchasable","17":"product-type-simple"},"_links":{"self":[{"href":"https:\/\/roveyayinevi.com.tr\/index.php\/wp-json\/wp\/v2\/product\/718417","targetHints":{"allow":["GET"]}}],"collection":[{"href":"https:\/\/roveyayinevi.com.tr\/index.php\/wp-json\/wp\/v2\/product"}],"about":[{"href":"https:\/\/roveyayinevi.com.tr\/index.php\/wp-json\/wp\/v2\/types\/product"}],"wp:attachment":[{"href":"https:\/\/roveyayinevi.com.tr\/index.php\/wp-json\/wp\/v2\/media?parent=718417"}],"wp:term":[{"taxonomy":"product_brand","embeddable":true,"href":"https:\/\/roveyayinevi.com.tr\/index.php\/wp-json\/wp\/v2\/product_brand?post=718417"},{"taxonomy":"product_cat","embeddable":true,"href":"https:\/\/roveyayinevi.com.tr\/index.php\/wp-json\/wp\/v2\/product_cat?post=718417"},{"taxonomy":"product_tag","embeddable":true,"href":"https:\/\/roveyayinevi.com.tr\/index.php\/wp-json\/wp\/v2\/product_tag?post=718417"}],"curies":[{"name":"wp","href":"https:\/\/api.w.org\/{rel}","templated":true}]}}