{"id":718414,"date":"2025-08-27T18:08:01","date_gmt":"2025-08-27T15:08:01","guid":{"rendered":"https:\/\/roveyayinevi.com.tr\/index.php\/urun\/kutlama\/"},"modified":"2026-04-16T02:26:26","modified_gmt":"2026-04-15T23:26:26","slug":"kutlama","status":"publish","type":"product","link":"https:\/\/roveyayinevi.com.tr\/index.php\/urun\/kutlama\/","title":{"rendered":"Kutlama"},"content":{"rendered":"<p>Mersin\u2019in c\u0131v\u0131l c\u0131v\u0131l sokaklar\u0131nda ko\u015fu\u015fturan, oyunlar oynayan \u00e7ocuklardan biri olan Mert on ya\u015f\u0131nda ne\u015feli bir \u00e7ocuktur. Bu ko\u015fu\u015fturmaya dahil olan ba\u015fka misafirler de vard\u0131r. Korku dolu bir i\u00e7 sava\u015ftan ka\u00e7\u0131p gelen, can\u0131n\u0131 zor kurtaran m\u00fclteciler ve onlar\u0131n da en az Mert kadar saf y\u00fcrekli \u00e7ocuklar\u0131 da bu sokaklar\u0131 doldurmaya ba\u015flam\u0131\u015ft\u0131r. Uzun zamand\u0131r bu \u015fehrin k\u00fclt\u00fcr\u00fc ve gelenekleri ile do\u011fup b\u00fcy\u00fcyen ve bu \u015fekilde ya\u015fam\u0131\u015f olan sakinler, \u015fehre yabanc\u0131 insanlar\u0131n gelmelerini yad\u0131rgam\u0131\u015flar ve i\u00e7ten i\u00e7e huzursuz hissetmi\u015flerdir.   Bu \u015fekilde huzursuzlukla ba\u015flayan gidi\u015fat kimsenin tahmin edemedi\u011fi bir hale b\u00fcr\u00fcnerek herkesi \u015fa\u015f\u0131rtmaya ba\u015flam\u0131\u015ft\u0131r. K\u00fc\u00e7\u00fck \u00e7ocuklar\u0131n saf oyunlar\u0131, b\u00fcy\u00fcklerin d\u00fcnyas\u0131n\u0131n k\u00f6t\u00fcc\u00fcl oyunlar\u0131na engel olmu\u015f ve herkesi i\u00e7ine saran bir dostluk k\u00f6pr\u00fcs\u00fc olu\u015fturmu\u015ftur. Bu sevginin g\u00fcc\u00fc b\u00fcy\u00fcr ve t\u00fcm \u015fehri kaplar. G\u00fcn\u00fcm\u00fczde hemen hemen d\u00fcnyan\u0131n her k\u00f6\u015fesinde ya\u015fanan bir dram\u0131, Ezgi Elibol Top\u00e7uo\u011flu usta kalemi ile \u00e7ocuklar\u0131n zevkle okuyaca\u011f\u0131, e\u011flenece\u011fi ama ayn\u0131 zamanda biraz da bu meseleler \u00fczerine d\u00fc\u015f\u00fcnece\u011fi ve sorular soraca\u011f\u0131 bir forma sokuyor. \u00c7ocuklar i\u00e7in roman yazmak zordur. Bunu b\u00f6yle \u00e7etrefilli bir mesele etraf\u0131nda \u00f6rmek daha da zordur. Yazar\u0131n ustal\u0131\u011f\u0131 tam bu a\u015famada devreye girer ve bir k\u00f6rd\u00fc\u011f\u00fcm gibi alg\u0131lanan \u00e7\u0131kmaz sokaklar, sat\u0131rlar\u0131n aras\u0131nda ne\u015fe i\u00e7inde kaybolur. Bir solukta okunacak enfes bir \u00e7ocuk roman\u0131na d\u00f6n\u00fc\u015f\u00fcr. Kutlama, yazar\u0131n \u00f6zenle kurdu\u011fu c\u00fcmlelerle i\u015fte bu zoru ba\u015far\u0131yor. \u00c7ok k\u0131sa bir s\u00fcrede farkl\u0131 dillere \u00e7evrilip, ba\u015fka \u00fclkelerdeki \u00e7ocuklar\u0131n da okuyaca\u011f\u0131 ve b\u00fcy\u00fck \u00f6vg\u00fcler alaca\u011f\u0131ndan hi\u00e7 \u015f\u00fcphe duymad\u0131\u011f\u0131m\u0131z Kutlama\u2019y\u0131 b\u00fct\u00fcn \u00e7ocuklar\u0131n be\u011fenisine sunuyoruz.<\/p>\n","protected":false},"excerpt":{"rendered":"<p>Mersin\u2019in c\u0131v\u0131l c\u0131v\u0131l sokaklar\u0131nda ko\u015fu\u015fturan, oyunlar oynayan \u00e7ocuklardan biri olan Mert on ya\u015f\u0131nda ne\u015feli bir \u00e7ocuktur. Bu ko\u015fu\u015fturmaya dahil olan ba\u015fka misafirler de vard\u0131r. Korku dolu<span class=\"excerpt-hellip\"> [\u2026]<\/span><\/p>\n","protected":false},"featured_media":0,"template":"","meta":{"_monsterinsights_skip_tracking":false,"_monsterinsights_sitenote_active":false,"_monsterinsights_sitenote_note":"","_monsterinsights_sitenote_category":0},"product_brand":[],"product_cat":[12291,12711],"product_tag":[],"class_list":{"0":"post-718414","1":"product","2":"type-product","3":"status-publish","5":"product_cat-edebiyat","6":"product_cat-roman-oyku","7":"pa_cilt-ciltsiz","8":"pa_tur-kitap","9":"pa_yayinevi-yeni-insan-yayinlari","10":"pa_yazar-ezgi-elibol-topcuoglu","12":"first","13":"instock","14":"sale","15":"shipping-taxable","16":"purchasable","17":"product-type-simple"},"_links":{"self":[{"href":"https:\/\/roveyayinevi.com.tr\/index.php\/wp-json\/wp\/v2\/product\/718414","targetHints":{"allow":["GET"]}}],"collection":[{"href":"https:\/\/roveyayinevi.com.tr\/index.php\/wp-json\/wp\/v2\/product"}],"about":[{"href":"https:\/\/roveyayinevi.com.tr\/index.php\/wp-json\/wp\/v2\/types\/product"}],"wp:attachment":[{"href":"https:\/\/roveyayinevi.com.tr\/index.php\/wp-json\/wp\/v2\/media?parent=718414"}],"wp:term":[{"taxonomy":"product_brand","embeddable":true,"href":"https:\/\/roveyayinevi.com.tr\/index.php\/wp-json\/wp\/v2\/product_brand?post=718414"},{"taxonomy":"product_cat","embeddable":true,"href":"https:\/\/roveyayinevi.com.tr\/index.php\/wp-json\/wp\/v2\/product_cat?post=718414"},{"taxonomy":"product_tag","embeddable":true,"href":"https:\/\/roveyayinevi.com.tr\/index.php\/wp-json\/wp\/v2\/product_tag?post=718414"}],"curies":[{"name":"wp","href":"https:\/\/api.w.org\/{rel}","templated":true}]}}