{"id":718412,"date":"2025-08-27T18:08:00","date_gmt":"2025-08-27T15:08:00","guid":{"rendered":"https:\/\/roveyayinevi.com.tr\/index.php\/urun\/mahalle-odakli-katilim\/"},"modified":"2026-04-16T02:26:26","modified_gmt":"2026-04-15T23:26:26","slug":"mahalle-odakli-katilim","status":"publish","type":"product","link":"https:\/\/roveyayinevi.com.tr\/index.php\/urun\/mahalle-odakli-katilim\/","title":{"rendered":"Mahalle Odakl\u0131 Kat\u0131l\u0131m"},"content":{"rendered":"<p>Yerel y\u00f6netimlerin en k\u00fc\u00e7\u00fck halkas\u0131n\u0131 olu\u015fturan mahalleler hem halka en yak\u0131n olmalar\u0131 hem de kat\u0131l\u0131mc\u0131 mekanizmalar\u0131 uygulamaya ge\u00e7irelebilecek birimler olmalar\u0131 a\u00e7\u0131s\u0131ndan \u00f6nemlidir . Bu nedenle yerel y\u00f6netim tarihimiz i\u00e7erisinde olduk\u00e7a \u00f6nemli yere sahip olan mahalle y\u00f6netimlerimizin varl\u0131\u011f\u0131 ve kat\u0131l\u0131mc\u0131 demokrasinin hayata ge\u00e7irebilmesi a\u00e7\u0131s\u0131ndan \u00f6nemi b\u00fcy\u00fck olan mahalle kavram\u0131n\u0131 yeniden tart\u0131\u015fmaya a\u00e7mak bu kitap \u00e7al\u0131\u015fmas\u0131n\u0131n konusunu olu\u015fturmaktad\u0131r.Kat\u0131l\u0131m\u0131n etkin olmas\u0131 ise mahalle \u00f6l\u00e7e\u011finden belki daha k\u00fc\u00e7\u00fck \u00f6l\u00e7ek olarak sokak \u00f6l\u00e7e\u011finden ele alarak sa\u011flamak , yerel y\u00f6netimlerin y\u00f6reye \u00f6zg\u00fc sorunlar i\u00e7in do\u011fru \u00e7\u00f6z\u00fcmler \u00fcretmesine olanak verecektir.G\u00fcn\u00fcm\u00fczdeki mahallelerin , mahallelinin birbirini tan\u0131yabilece\u011fi \u00f6l\u00e7e\u011fin olduk\u00e7a \u00f6tesinde bir b\u00fcy\u00fckl\u00fc\u011fe sahip oldu\u011funu g\u00f6rmekteyiz.Bu durum mahalleye olan aidiyetin ve kat\u0131l\u0131m\u0131n azalmas\u0131na neden olmaktad\u0131r.Bu duruma dikkat \u00e7ekmek i\u00e7in bu kitapta mevcut mahallenin s\u0131n\u0131rlar\u0131n\u0131n ve n\u00fcfusunun belirli bir \u00f6l\u00e7e\u011fe oturtulmas\u0131 gerekti\u011fi , kat\u0131l\u0131m\u0131n \u00f6nc\u00fclerinin kimler olaca\u011f\u0131 ve olmas\u0131 gerekti\u011fi tart\u0131\u015f\u0131lm\u0131\u015ft\u0131r.<\/p>\n","protected":false},"excerpt":{"rendered":"<p>Yerel y\u00f6netimlerin en k\u00fc\u00e7\u00fck halkas\u0131n\u0131 olu\u015fturan mahalleler hem halka en yak\u0131n olmalar\u0131 hem de kat\u0131l\u0131mc\u0131 mekanizmalar\u0131 uygulamaya ge\u00e7irelebilecek birimler olmalar\u0131 a\u00e7\u0131s\u0131ndan \u00f6nemlidir . Bu nedenle yerel<span class=\"excerpt-hellip\"> [\u2026]<\/span><\/p>\n","protected":false},"featured_media":0,"template":"","meta":{"_monsterinsights_skip_tracking":false,"_monsterinsights_sitenote_active":false,"_monsterinsights_sitenote_note":"","_monsterinsights_sitenote_category":0},"product_brand":[],"product_cat":[12351,12324],"product_tag":[],"class_list":{"0":"post-718412","1":"product","2":"type-product","3":"status-publish","5":"product_cat-siyaset-sosyolojisi","6":"product_cat-sosyoloji","7":"pa_cilt-ciltsiz","8":"pa_tur-kitap","9":"pa_yayinevi-astana-yayinlari","10":"pa_yazar-kolektif","12":"first","13":"instock","14":"sale","15":"shipping-taxable","16":"purchasable","17":"product-type-simple"},"_links":{"self":[{"href":"https:\/\/roveyayinevi.com.tr\/index.php\/wp-json\/wp\/v2\/product\/718412","targetHints":{"allow":["GET"]}}],"collection":[{"href":"https:\/\/roveyayinevi.com.tr\/index.php\/wp-json\/wp\/v2\/product"}],"about":[{"href":"https:\/\/roveyayinevi.com.tr\/index.php\/wp-json\/wp\/v2\/types\/product"}],"wp:attachment":[{"href":"https:\/\/roveyayinevi.com.tr\/index.php\/wp-json\/wp\/v2\/media?parent=718412"}],"wp:term":[{"taxonomy":"product_brand","embeddable":true,"href":"https:\/\/roveyayinevi.com.tr\/index.php\/wp-json\/wp\/v2\/product_brand?post=718412"},{"taxonomy":"product_cat","embeddable":true,"href":"https:\/\/roveyayinevi.com.tr\/index.php\/wp-json\/wp\/v2\/product_cat?post=718412"},{"taxonomy":"product_tag","embeddable":true,"href":"https:\/\/roveyayinevi.com.tr\/index.php\/wp-json\/wp\/v2\/product_tag?post=718412"}],"curies":[{"name":"wp","href":"https:\/\/api.w.org\/{rel}","templated":true}]}}