{"id":718409,"date":"2025-08-27T18:07:58","date_gmt":"2025-08-27T15:07:58","guid":{"rendered":"https:\/\/roveyayinevi.com.tr\/index.php\/urun\/nefaset-lokantasi\/"},"modified":"2026-04-16T02:26:25","modified_gmt":"2026-04-15T23:26:25","slug":"nefaset-lokantasi","status":"publish","type":"product","link":"https:\/\/roveyayinevi.com.tr\/index.php\/urun\/nefaset-lokantasi\/","title":{"rendered":"Nefaset Lokantas\u0131"},"content":{"rendered":"<p>\u201cHat\u0131rlamak kalbin d\u00fc\u015f\u00fcnmesidir. B\u0131rak kalbin d\u00fc\u015f\u00fcns\u00fcn. Hat\u0131rla.\u201d Varolu\u015fu anlams\u0131z bulanlar\u0131 anlam\u0131yordu. Ona g\u00f6re varolu\u015fun sorunu nihayetinde anlams\u0131z de\u011fil a\u015f\u0131r\u0131 anlaml\u0131 olmas\u0131yd\u0131. Katlanmas\u0131 zor olan da anlams\u0131zl\u0131\u011f\u0131 de\u011fil sonsuzcas\u0131na uzay\u0131p giden anlamlar\u0131yd\u0131. \u015eu sakin sakin y\u00fcr\u00fcyen insanlar\u0131n kafalar\u0131n\u0131n i\u00e7inde ne dolaplar, ruhlar\u0131nda kim bilir ne tufanlar d\u00f6n\u00fcyor, bedenlerinin i\u00e7indeki katilleri, maktulleri, \u00e2limleri, adileri saklamak i\u00e7in kim bilir nas\u0131l mucizevi bir m\u00fccadele veriyorlard\u0131. Bir ay \u00f6nce, on alt\u0131 y\u0131ld\u0131r \u00e7al\u0131\u015ft\u0131\u011f\u0131 gazeteden kovulmas\u0131n\u0131n ard\u0131ndan T\u00fcrkiye\u2019yi terk edip Rio de Janeiro\u2019ya yerle\u015fme karar\u0131 alan gazeteci Salih\u2019i, y\u0131llard\u0131r m\u00fcdavimi oldu\u011fu Nefaset Lokantas\u0131\u2019nda, neredeyse ailesi haline gelen lokanta sahiplerinin d\u00fczenledi\u011fi veda yeme\u011finde ba\u015fka bir \u201csonun ba\u015flang\u0131c\u0131\u201d beklemektedir. Salih\u2019in, kendi deyimiyle \u201czehirlenmi\u015f bir topraktan\u201d gitme hayali \u00f6nce bir ge\u00e7mi\u015f a\u015fk hik\u00e2yesine, sonra \u00e7ocukluk hik\u00e2yesine tak\u0131l\u0131r. Belle\u011fin labirentlerinde ge\u00e7mi\u015fe yap\u0131lan bu yolculukta i\u00e7 i\u00e7e ge\u00e7en zaman par\u00e7alar\u0131, bir yandan bug\u00fcne bula\u015f\u0131p onu belirsiz bir bo\u015flukta as\u0131l\u0131 b\u0131rak\u0131rken, bir yandan da gelece\u011fi bulan\u0131kla\u015ft\u0131r\u0131r. Musa\u2019n\u0131n Uykusu ile tan\u0131d\u0131\u011f\u0131m\u0131z Tu\u011fba Do\u011fan ikinci kitab\u0131 Nefaset Lokantas\u0131 ile g\u00fcn\u00fcm\u00fcz T\u00fcrkiyesi\u2019nde hayat\u0131n somut ger\u00e7eklikleriyle bo\u011fu\u015fan bireyin a\u00e7mazlar\u0131n\u0131, ana karakteri Salih\u2019in bak\u0131\u015f a\u00e7\u0131s\u0131yla ele al\u0131rken, zaman ve co\u011frafya ikili\u011finin k\u0131skac\u0131nda dile gelen varolu\u015fun i\u00e7sesini de anlat\u0131ya dahil ediyor. Ki\u015fi arzusuysa co\u011frafya kaderdir. <\/p>\n","protected":false},"excerpt":{"rendered":"<p>\u201cHat\u0131rlamak kalbin d\u00fc\u015f\u00fcnmesidir. B\u0131rak kalbin d\u00fc\u015f\u00fcns\u00fcn. Hat\u0131rla.\u201d Varolu\u015fu anlams\u0131z bulanlar\u0131 anlam\u0131yordu. Ona g\u00f6re varolu\u015fun sorunu nihayetinde anlams\u0131z de\u011fil a\u015f\u0131r\u0131 anlaml\u0131 olmas\u0131yd\u0131. Katlanmas\u0131 zor olan da anlams\u0131zl\u0131\u011f\u0131<span class=\"excerpt-hellip\"> [\u2026]<\/span><\/p>\n","protected":false},"featured_media":0,"template":"","meta":{"_monsterinsights_skip_tracking":false,"_monsterinsights_sitenote_active":false,"_monsterinsights_sitenote_note":"","_monsterinsights_sitenote_category":0},"product_brand":[],"product_cat":[12291,12711],"product_tag":[],"class_list":{"0":"post-718409","1":"product","2":"type-product","3":"status-publish","5":"product_cat-edebiyat","6":"product_cat-roman-oyku","7":"pa_cilt-ciltsiz","8":"pa_tur-kitap","9":"pa_yayinevi-yapi-kredi-yayinlari","10":"pa_yazar-tugba-dogan","12":"first","13":"instock","14":"sale","15":"shipping-taxable","16":"purchasable","17":"product-type-simple"},"_links":{"self":[{"href":"https:\/\/roveyayinevi.com.tr\/index.php\/wp-json\/wp\/v2\/product\/718409","targetHints":{"allow":["GET"]}}],"collection":[{"href":"https:\/\/roveyayinevi.com.tr\/index.php\/wp-json\/wp\/v2\/product"}],"about":[{"href":"https:\/\/roveyayinevi.com.tr\/index.php\/wp-json\/wp\/v2\/types\/product"}],"wp:attachment":[{"href":"https:\/\/roveyayinevi.com.tr\/index.php\/wp-json\/wp\/v2\/media?parent=718409"}],"wp:term":[{"taxonomy":"product_brand","embeddable":true,"href":"https:\/\/roveyayinevi.com.tr\/index.php\/wp-json\/wp\/v2\/product_brand?post=718409"},{"taxonomy":"product_cat","embeddable":true,"href":"https:\/\/roveyayinevi.com.tr\/index.php\/wp-json\/wp\/v2\/product_cat?post=718409"},{"taxonomy":"product_tag","embeddable":true,"href":"https:\/\/roveyayinevi.com.tr\/index.php\/wp-json\/wp\/v2\/product_tag?post=718409"}],"curies":[{"name":"wp","href":"https:\/\/api.w.org\/{rel}","templated":true}]}}