{"id":718408,"date":"2025-08-27T18:07:57","date_gmt":"2025-08-27T15:07:57","guid":{"rendered":"https:\/\/roveyayinevi.com.tr\/index.php\/urun\/dendil\/"},"modified":"2026-04-08T02:33:31","modified_gmt":"2026-04-07T23:33:31","slug":"dendil","status":"publish","type":"product","link":"https:\/\/roveyayinevi.com.tr\/index.php\/urun\/dendil\/","title":{"rendered":"Dendil"},"content":{"rendered":"<p>Gulam H\u00fcseyin S\u00e2edi birbirinden etkileyici d\u00f6rt hik\u00e2ye anlat\u0131yor DEND\u0130L\u2019de: Mond nehri y\u00fckselince, k\u0131y\u0131 kasabas\u0131nda mahsur kalan bir yabanc\u0131n\u0131n zamanla gitmek fikrinden uzakla\u015fmas\u0131n\u0131 konu alan \u201c\u015eifa Mahalli\u201d, riyak\u00e2r aile ili\u015fkilerine ne\u015fter vuran \u201cYang\u0131n\u201d, traji komik bir durumu kara mizahla i\u015fleyen \u201cKeykavus, Kel ve Ben\u201d ve tekinsiz bir mahallede ge\u00e7en \u201cDendil\u201d. Babas\u0131 taraf\u0131ndan geneleve b\u0131rak\u0131lan Tamara\u2019n\u0131n g\u00fczelli\u011fine kap\u0131lan mahalle halk\u0131, ona hak etti\u011fi de\u011feri verece\u011fine inanarak gen\u00e7 k\u0131z\u0131 el birli\u011fiyle Amerikal\u0131 bir yabanc\u0131ya sunar. Ancak k\u0131sa zamanda ger\u00e7ek t\u00fcm sertli\u011fiyle irkiltir hem Dendil\u2019i hem de okuru.   \u0130ran edebiyat\u0131nda b\u00fcy\u00fcl\u00fc ger\u00e7ek\u00e7ili\u011fin babas\u0131 kabul edilen S\u00e2edi\u2019den s\u0131ra d\u0131\u015f\u0131 olaylar\u0131, samimi ve sars\u0131c\u0131 bir \u00fcslupla anlatan, zihinlerde iz b\u0131rakacak bir eser.   Do\u011frusu ben k\u00e2buslar\u0131m\u0131, evhamlar\u0131m\u0131 yaz\u0131ya d\u00f6k\u00fcyorum. Kendimi de\u011fil, etraf\u0131mdaki insanlar\u0131 ve olaylar\u0131 d\u00fc\u015f\u00fcnd\u00fc\u011f\u00fcm i\u00e7in de evhamlar\u0131m ve k\u00e2buslar\u0131m bunlarla ilgili. Bu y\u00fczden en \u00e7ok korktu\u011fum \u015fey, binlerce k\u00e2busumu yaz\u0131ya d\u00f6kemeden \u00f6lmektir. Gulam H\u00fcseyin S\u00e2edi <\/p>\n","protected":false},"excerpt":{"rendered":"<p>Gulam H\u00fcseyin S\u00e2edi birbirinden etkileyici d\u00f6rt hik\u00e2ye anlat\u0131yor DEND\u0130L\u2019de: Mond nehri y\u00fckselince, k\u0131y\u0131 kasabas\u0131nda mahsur kalan bir yabanc\u0131n\u0131n zamanla gitmek fikrinden uzakla\u015fmas\u0131n\u0131 konu alan \u201c\u015eifa Mahalli\u201d,<span class=\"excerpt-hellip\"> [\u2026]<\/span><\/p>\n","protected":false},"featured_media":0,"template":"","meta":{"_monsterinsights_skip_tracking":false,"_monsterinsights_sitenote_active":false,"_monsterinsights_sitenote_note":"","_monsterinsights_sitenote_category":0},"product_brand":[],"product_cat":[12291,12711],"product_tag":[],"class_list":{"0":"post-718408","1":"product","2":"type-product","3":"status-publish","5":"product_cat-edebiyat","6":"product_cat-roman-oyku","7":"pa_cilt-ciltsiz","8":"pa_tur-kitap","9":"pa_yayinevi-yapi-kredi-yayinlari","10":"pa_yazar-gulam-huseyin-saedi","12":"first","13":"instock","14":"sale","15":"shipping-taxable","16":"purchasable","17":"product-type-simple"},"_links":{"self":[{"href":"https:\/\/roveyayinevi.com.tr\/index.php\/wp-json\/wp\/v2\/product\/718408","targetHints":{"allow":["GET"]}}],"collection":[{"href":"https:\/\/roveyayinevi.com.tr\/index.php\/wp-json\/wp\/v2\/product"}],"about":[{"href":"https:\/\/roveyayinevi.com.tr\/index.php\/wp-json\/wp\/v2\/types\/product"}],"wp:attachment":[{"href":"https:\/\/roveyayinevi.com.tr\/index.php\/wp-json\/wp\/v2\/media?parent=718408"}],"wp:term":[{"taxonomy":"product_brand","embeddable":true,"href":"https:\/\/roveyayinevi.com.tr\/index.php\/wp-json\/wp\/v2\/product_brand?post=718408"},{"taxonomy":"product_cat","embeddable":true,"href":"https:\/\/roveyayinevi.com.tr\/index.php\/wp-json\/wp\/v2\/product_cat?post=718408"},{"taxonomy":"product_tag","embeddable":true,"href":"https:\/\/roveyayinevi.com.tr\/index.php\/wp-json\/wp\/v2\/product_tag?post=718408"}],"curies":[{"name":"wp","href":"https:\/\/api.w.org\/{rel}","templated":true}]}}