{"id":718403,"date":"2025-08-27T18:07:53","date_gmt":"2025-08-27T15:07:53","guid":{"rendered":"https:\/\/roveyayinevi.com.tr\/index.php\/urun\/ustalar-gibi-cizmek\/"},"modified":"2026-04-16T02:26:25","modified_gmt":"2026-04-15T23:26:25","slug":"ustalar-gibi-cizmek","status":"publish","type":"product","link":"https:\/\/roveyayinevi.com.tr\/index.php\/urun\/ustalar-gibi-cizmek\/","title":{"rendered":"Ustalar Gibi \u00c7izmek"},"content":{"rendered":"<p>Kendinize g\u00fcvenerek ve yetene\u011finizi konu\u015fturarak \u00e7izim yapma iste\u011finiz s\u00f6z konusu oldu\u011funda bunu size usta ressamlardan daha iyi kim \u00f6\u011fretebilir?  Ustalar Gibi \u00c7izin eski Yunanl\u0131lardan Leonardo\u2019ya, Raffaello\u2019ya, Ingres\u2019e ve Van Gogh\u2019a kadar d\u00fcnyaca \u00fcnl\u00fc ressam\u0131n 100\u2019den fazla \u00e7izimine yer veriyor. \u00c7ok satan yazar BarringtonBarber, b\u00fcy\u00fck ustalar\u0131n \u00e7izimde nas\u0131l bir yakla\u015f\u0131m tarz\u0131 benimsediklerini ve eserlerinin ni\u00e7in bu kadar ba\u015far\u0131l\u0131 oldu\u011funu ara\u015ft\u0131r\u0131p analiz etti\u011fi y\u0131llar\u0131n birikimi bilgilerini sizlerle payla\u015f\u0131yor. \u00c7izim \u00f6\u011frenmenin denenmi\u015f ve test edilmi\u015f y\u00f6ntemi, b\u00fcy\u00fck sanat \u00e7al\u0131\u015fmalar\u0131n\u0131n kopyalanmas\u0131 hem e\u011flendirici hem de \u00f6\u011freticidir. \u00dcstelik \u00e7arp\u0131c\u0131 sonu\u00e7lara ula\u015ft\u0131rabilir. <\/p>\n","protected":false},"excerpt":{"rendered":"<p>Kendinize g\u00fcvenerek ve yetene\u011finizi konu\u015fturarak \u00e7izim yapma iste\u011finiz s\u00f6z konusu oldu\u011funda bunu size usta ressamlardan daha iyi kim \u00f6\u011fretebilir? Ustalar Gibi \u00c7izin eski Yunanl\u0131lardan Leonardo\u2019ya, Raffaello\u2019ya,<span class=\"excerpt-hellip\"> [\u2026]<\/span><\/p>\n","protected":false},"featured_media":0,"template":"","meta":{"_monsterinsights_skip_tracking":false,"_monsterinsights_sitenote_active":false,"_monsterinsights_sitenote_note":"","_monsterinsights_sitenote_category":0},"product_brand":[],"product_cat":[28265,15563],"product_tag":[],"class_list":{"0":"post-718403","1":"product","2":"type-product","3":"status-publish","5":"product_cat-diger-hobi","6":"product_cat-hobi","7":"pa_cilt-ciltsiz","8":"pa_tur-kitap","9":"pa_yayinevi-profil-kitap","10":"pa_yazar-barrington-barber","12":"first","13":"instock","14":"sale","15":"shipping-taxable","16":"purchasable","17":"product-type-simple"},"_links":{"self":[{"href":"https:\/\/roveyayinevi.com.tr\/index.php\/wp-json\/wp\/v2\/product\/718403","targetHints":{"allow":["GET"]}}],"collection":[{"href":"https:\/\/roveyayinevi.com.tr\/index.php\/wp-json\/wp\/v2\/product"}],"about":[{"href":"https:\/\/roveyayinevi.com.tr\/index.php\/wp-json\/wp\/v2\/types\/product"}],"wp:attachment":[{"href":"https:\/\/roveyayinevi.com.tr\/index.php\/wp-json\/wp\/v2\/media?parent=718403"}],"wp:term":[{"taxonomy":"product_brand","embeddable":true,"href":"https:\/\/roveyayinevi.com.tr\/index.php\/wp-json\/wp\/v2\/product_brand?post=718403"},{"taxonomy":"product_cat","embeddable":true,"href":"https:\/\/roveyayinevi.com.tr\/index.php\/wp-json\/wp\/v2\/product_cat?post=718403"},{"taxonomy":"product_tag","embeddable":true,"href":"https:\/\/roveyayinevi.com.tr\/index.php\/wp-json\/wp\/v2\/product_tag?post=718403"}],"curies":[{"name":"wp","href":"https:\/\/api.w.org\/{rel}","templated":true}]}}