{"id":718400,"date":"2025-08-27T18:07:52","date_gmt":"2025-08-27T15:07:52","guid":{"rendered":"https:\/\/roveyayinevi.com.tr\/index.php\/urun\/ismet-badem-efsanesi\/"},"modified":"2026-04-16T02:26:25","modified_gmt":"2026-04-15T23:26:25","slug":"ismet-badem-efsanesi","status":"publish","type":"product","link":"https:\/\/roveyayinevi.com.tr\/index.php\/urun\/ismet-badem-efsanesi\/","title":{"rendered":"\u0130smet Badem Efsanesi"},"content":{"rendered":"<p>\u201cBiraz h\u00fcz\u00fcn, biraz keyif; i\u015fte \u2018Benim Hayat\u0131m\u2019. Bu h\u00fcz\u00fcnl\u00fc ve keyifli hayattan, yani \u0130smet Badem\u2019in hayat\u0131ndan baz\u0131 par\u00e7alar aktaraca\u011f\u0131m sizlere. \u015eu an neredesiniz, bilmiyorum. E\u011fer varsa kravat\u0131n\u0131z\u0131 biraz gev\u015fetin. Oturdu\u011funuz koltu\u011fa g\u00fczelce yay\u0131l\u0131n&#8230; Nas\u0131l, biraz rahatlad\u0131n\u0131z m\u0131? Gelin, bu \u00f6yk\u00fcy\u00fc g\u00fczelce payla\u015fal\u0131m\u2026\u201d Kimileri i\u00e7in o \u201cBaba \u0130smet\u201dti, geri kalan herkes i\u00e7inse \u201c\u0130smet Abi\u201d. Televizyonun basketbolla bulu\u015ftu\u011fu y\u0131llardan bug\u00fcne dek, basketbolun en bilinen ve sevilen ekran y\u00fcz\u00fcyd\u00fc. Nesiller boyunca T\u00fcrkiye, basketbolu onun \u015fovlar\u0131yla, yaz\u0131lar\u0131yla ve yay\u0131nlar\u0131yla tan\u0131d\u0131, onunla sevdi. Hayattaki en b\u00fcy\u00fck arzusu, yediden yetmi\u015fe t\u00fcm \u00fclkeye basketbol a\u015fk\u0131n\u0131 a\u015f\u0131layabilmekti. Bu u\u011furda \u00fclkenin d\u00f6rt bir yan\u0131nda say\u0131s\u0131z panel, konferans ve program d\u00fczenledi; yaz\u0131lar\u0131yla, fikirleriyle ve biricik g\u00f6zbebe\u011fi, emsalsiz Fanatik Basket gazetesiyle, hayat\u0131n\u0131 basketbolun bayraktarl\u0131\u011f\u0131na adad\u0131. T\u00fcrkiye\u2019de, \u2018basketbol\u2019 denilince ilk akla gelen, her akla geli\u015finde de y\u00fczleri g\u00fcl\u00fcmseten fig\u00fcrlerden biri oldu. Hep istedi\u011fi gibi ya\u015fad\u0131, ne yapt\u0131ysa kendi tarz\u0131yla yapt\u0131, yel de\u011firmenlerine kar\u015f\u0131 dimdik sava\u015ft\u0131; hi\u00e7bir zaman zorluklardan y\u0131lmad\u0131, sert r\u00fczg\u00e2rlara boyun e\u011fmedi ve sonsuzlu\u011fa da, yine arzu etti\u011fi bi\u00e7imde kavu\u015ftu\u2026 T\u00fcrkiye basketbol tarihinin gelmi\u015f ge\u00e7mi\u015f en b\u00fcy\u00fck misyoneri ve en b\u00fcy\u00fck emek\u00e7ilerinden birisi olan \u0130smet Badem\u2019in, daha evvel \u201cBen \u0130smet Badem\u201d ve \u201cEbruli\u201d isimli eserlerinde, Fanatik Basket gazetesinde, spor dergilerinde ve \u00e7e\u015fitli mecralarda kaleme al\u0131nm\u0131\u015f yaz\u0131lar\u0131n\u0131n ve \u015fiirlerinin yan\u0131 s\u0131ra, vefat\u0131n\u0131n ard\u0131ndan ailesi, sevenleri ve basketbol camias\u0131 taraf\u0131ndan dile getirilenler bu kitapta, bir k\u00fclliyat \u00f6zeniyle derlendi. \u0130\u00e7inde basketboldan tarihe, edebiyattan sanata, Balzac\u2019tan Neruda\u2019ya, Cemal S\u00fcreya\u2019dan Kennedy ailesine dek akla hayale s\u0131\u011fmayacak anekdotlar\u0131n yer ald\u0131\u011f\u0131 nice an\u0131s\u0131yla, \u0130smet Badem\u2019in ya\u015fam\u0131, ba\u015far\u0131lar\u0131, basketbola katt\u0131klar\u0131 ve hayalleri, okurlar\u0131n\u0131 bu sayfalarda a\u011f\u0131rl\u0131yor. \u0130smet Badem\u2019in entelekt\u00fcel hayat g\u00f6r\u00fc\u015f\u00fc, tarih \u015fuuru, maceraperest ruhu ve \u00f6l\u00fcms\u00fcz miras\u0131yla, \u201cdudaklar\u0131n\u0131zdan tebess\u00fcm, kalbinizden basketbol sevgisi\u201d hi\u00e7bir zaman eksik olmayacak\u2026 <\/p>\n","protected":false},"excerpt":{"rendered":"<p>\u201cBiraz h\u00fcz\u00fcn, biraz keyif; i\u015fte \u2018Benim Hayat\u0131m\u2019. Bu h\u00fcz\u00fcnl\u00fc ve keyifli hayattan, yani \u0130smet Badem\u2019in hayat\u0131ndan baz\u0131 par\u00e7alar aktaraca\u011f\u0131m sizlere. \u015eu an neredesiniz, bilmiyorum. E\u011fer varsa<span class=\"excerpt-hellip\"> [\u2026]<\/span><\/p>\n","protected":false},"featured_media":0,"template":"","meta":{"_monsterinsights_skip_tracking":false,"_monsterinsights_sitenote_active":false,"_monsterinsights_sitenote_note":"","_monsterinsights_sitenote_category":0},"product_brand":[],"product_cat":[15563,15564],"product_tag":[],"class_list":{"0":"post-718400","1":"product","2":"type-product","3":"status-publish","5":"product_cat-hobi","6":"product_cat-spor","7":"pa_cilt-ciltsiz","8":"pa_tur-kitap","9":"pa_yayinevi-profil-kitap","10":"pa_yazar-ismet-badem","12":"first","13":"instock","14":"sale","15":"shipping-taxable","16":"purchasable","17":"product-type-simple"},"_links":{"self":[{"href":"https:\/\/roveyayinevi.com.tr\/index.php\/wp-json\/wp\/v2\/product\/718400","targetHints":{"allow":["GET"]}}],"collection":[{"href":"https:\/\/roveyayinevi.com.tr\/index.php\/wp-json\/wp\/v2\/product"}],"about":[{"href":"https:\/\/roveyayinevi.com.tr\/index.php\/wp-json\/wp\/v2\/types\/product"}],"wp:attachment":[{"href":"https:\/\/roveyayinevi.com.tr\/index.php\/wp-json\/wp\/v2\/media?parent=718400"}],"wp:term":[{"taxonomy":"product_brand","embeddable":true,"href":"https:\/\/roveyayinevi.com.tr\/index.php\/wp-json\/wp\/v2\/product_brand?post=718400"},{"taxonomy":"product_cat","embeddable":true,"href":"https:\/\/roveyayinevi.com.tr\/index.php\/wp-json\/wp\/v2\/product_cat?post=718400"},{"taxonomy":"product_tag","embeddable":true,"href":"https:\/\/roveyayinevi.com.tr\/index.php\/wp-json\/wp\/v2\/product_tag?post=718400"}],"curies":[{"name":"wp","href":"https:\/\/api.w.org\/{rel}","templated":true}]}}