{"id":718398,"date":"2025-08-27T18:07:51","date_gmt":"2025-08-27T15:07:51","guid":{"rendered":"https:\/\/roveyayinevi.com.tr\/index.php\/urun\/bu-saatlerde-olusan-bir-meraki-da-gidereyim\/"},"modified":"2026-04-16T02:26:25","modified_gmt":"2026-04-15T23:26:25","slug":"bu-saatlerde-olusan-bir-meraki-da-gidereyim","status":"publish","type":"product","link":"https:\/\/roveyayinevi.com.tr\/index.php\/urun\/bu-saatlerde-olusan-bir-meraki-da-gidereyim\/","title":{"rendered":"Bu Saatlerde Olu\u015fan Bir Merak\u0131 Da Gidereyim"},"content":{"rendered":"<p>Bu kitab\u0131n yazar\u0131, ili\u015fkiler hakk\u0131nda iyi bir \u015fey duymak istiyorsan\u0131z kitab\u0131 tekrar rafa koyup arkada\u015f\u0131n\u0131za kahve fal\u0131 bakt\u0131rman\u0131z\u0131 \u00f6neriyor. Fakat e\u011fer ger\u00e7ekleri duymaktan korkmuyorsan\u0131z bu kitap bir  nebze de olsa size yard\u0131mc\u0131 olabilir. Merak etti\u011finiz her \u015feye bir cevap verdi\u011fimi iddia  etmemekle birlikte asla kabullenemedi\u011fimiz, etraf\u0131m\u0131zdaki insanlar\u0131n da \u00fcz\u00fclmeyelim diye asla s\u00f6yleyemedikleri \u00e7o\u011fu \u015feyi duymak belki ho\u015funuza gitmeyecek ama ben ger\u00e7ekleri duyman\u0131z i\u00e7in kendi ad\u0131ma bu riski al\u0131yorum. Kitap fl\u00f6rt, ili\u015fki ve ayr\u0131l\u0131k s\u00fcre\u00e7lerinin erkek g\u00f6z\u00fcnden, m\u00fcmk\u00fcn oldu\u011funca d\u00fcr\u00fcst ve kar\u015f\u0131 tarafla empati kurmaya \u00e7al\u0131\u015farak tan\u0131mlanmas\u0131n\u0131 ve bu s\u00fcre\u00e7lerde ya\u015fanan  baz\u0131 \u00f6nemli meraklar\u0131 gidermeye \u00e7al\u0131\u015f\u0131rken  bir yandan da sorular\u0131 cevaplamay\u0131  ama\u00e7l\u0131yor. Umar\u0131m ba\u015far\u0131r. <\/p>\n","protected":false},"excerpt":{"rendered":"<p>Bu kitab\u0131n yazar\u0131, ili\u015fkiler hakk\u0131nda iyi bir \u015fey duymak istiyorsan\u0131z kitab\u0131 tekrar rafa koyup arkada\u015f\u0131n\u0131za kahve fal\u0131 bakt\u0131rman\u0131z\u0131 \u00f6neriyor. Fakat e\u011fer ger\u00e7ekleri duymaktan korkmuyorsan\u0131z bu kitap<span class=\"excerpt-hellip\"> [\u2026]<\/span><\/p>\n","protected":false},"featured_media":0,"template":"","meta":{"_monsterinsights_skip_tracking":false,"_monsterinsights_sitenote_active":false,"_monsterinsights_sitenote_note":"","_monsterinsights_sitenote_category":0},"product_brand":[],"product_cat":[18545,12291],"product_tag":[],"class_list":{"0":"post-718398","1":"product","2":"type-product","3":"status-publish","5":"product_cat-anlati","6":"product_cat-edebiyat","7":"pa_cilt-ciltsiz","8":"pa_tur-kitap","9":"pa_yayinevi-inkilap-kitabevi","10":"pa_yazar-guray-gursel","12":"first","13":"instock","14":"sale","15":"shipping-taxable","16":"purchasable","17":"product-type-simple"},"_links":{"self":[{"href":"https:\/\/roveyayinevi.com.tr\/index.php\/wp-json\/wp\/v2\/product\/718398","targetHints":{"allow":["GET"]}}],"collection":[{"href":"https:\/\/roveyayinevi.com.tr\/index.php\/wp-json\/wp\/v2\/product"}],"about":[{"href":"https:\/\/roveyayinevi.com.tr\/index.php\/wp-json\/wp\/v2\/types\/product"}],"wp:attachment":[{"href":"https:\/\/roveyayinevi.com.tr\/index.php\/wp-json\/wp\/v2\/media?parent=718398"}],"wp:term":[{"taxonomy":"product_brand","embeddable":true,"href":"https:\/\/roveyayinevi.com.tr\/index.php\/wp-json\/wp\/v2\/product_brand?post=718398"},{"taxonomy":"product_cat","embeddable":true,"href":"https:\/\/roveyayinevi.com.tr\/index.php\/wp-json\/wp\/v2\/product_cat?post=718398"},{"taxonomy":"product_tag","embeddable":true,"href":"https:\/\/roveyayinevi.com.tr\/index.php\/wp-json\/wp\/v2\/product_tag?post=718398"}],"curies":[{"name":"wp","href":"https:\/\/api.w.org\/{rel}","templated":true}]}}