{"id":718397,"date":"2025-08-27T18:07:50","date_gmt":"2025-08-27T15:07:50","guid":{"rendered":"https:\/\/roveyayinevi.com.tr\/index.php\/urun\/istegin-benim-icin-emirdir\/"},"modified":"2026-04-11T02:33:00","modified_gmt":"2026-04-10T23:33:00","slug":"istegin-benim-icin-emirdir","status":"publish","type":"product","link":"https:\/\/roveyayinevi.com.tr\/index.php\/urun\/istegin-benim-icin-emirdir\/","title":{"rendered":"\u0130ste\u011fin Benim \u0130\u00e7in Emirdir"},"content":{"rendered":"<p>Bu kitap isteklerimiz ve ihtiya\u00e7lar\u0131m\u0131z aras\u0131nda s\u0131k\u0131\u015f\u0131p kald\u0131\u011f\u0131m\u0131z, yarg\u0131lan\u0131p incitildi\u011fimiz; bereketimizi, erilya da di\u015fil enerjimizi, \u00fcmitlerimizi yitirdi\u011fimiz bu gezegende, var olan yetilerimizi hat\u0131rlamam\u0131z ve onlar\u0131 yeniden hayata ge\u00e7irebilmemiz i\u00e7in yaz\u0131ld\u0131. \u0130stemek eyleminin varl\u0131\u011f\u0131 bile istedi\u011fin her neyse onu almaya dair en g\u00fc\u00e7l\u00fc niyettir. \u0130\u015fte bu kitapta isteklerini kendine \u00e7a\u011f\u0131rmay\u0131, istedi\u011fin \u015feye d\u00f6n\u00fc\u015fmeyi, onunla ayn\u0131 frekansta titre\u015fmeyi \u00f6\u011freneceksin. Ey kad\u0131n, sen rahim ta\u015f\u0131yorsun. O ki Yaradan\u2019\u0131n en \u00f6zel kimliklerinden. Sen istersen yapars\u0131n. \u00d6yle bir sar\u0131p sarmalars\u0131n ki \u015fefkatinle, istedi\u011fin her neyse pervane ola ola, senden ba\u015fka hi\u00e7 bir \u015feyi alternatif kabul etmeden sana gelir. Sen Kibele\u2019nin bereketini ta\u015f\u0131yorsun, sen besleyip b\u00fcy\u00fctensin, ayn\u0131 zamanda Lilith entrika dolu ya da asice ba\u015fkald\u0131rabilensin. Bir ba\u015fka \u015feye benzemeden ve birini \u00e7ok sevmeden \u00f6nce kendi var olu\u015funa f\u0131rsattan\u0131mal\u0131, do\u011fu\u015ftan sahip oldu\u011fun yeteneklerini ke\u015ffetmelisin. Bilesinki minik bir mum alevi, bir ka\u00e7 damla bitki \u00f6z\u00fc, bir par\u00e7a a\u011fa\u00e7 kabu\u011fu en derin yaralara bile \u015fifa verebilir.Sen kudretlisin ve ana krali\u00e7esin, ye\u015fermeye haz\u0131r tohumlar\u0131n h\u00e2l\u00e2 i\u00e7inde. \u0130\u015fte \u015fimdi Kibele\u2019yi, Lilith\u2019i, Ceres\u2019i, Vesta\u2019y\u0131, Juno\u2019yu uyand\u0131rma zaman\u0131. Onlar kad\u0131n\u0131n ilahi taraf\u0131n\u0131n sadece hik\u00e2yele\u015ftirilerek betimlenmi\u015f, tarif edilmi\u015f fig\u00fcrleri. Sen bundan \u00e7ok daha fazlas\u0131s\u0131n. \u015eimdi bulmal\u0131s\u0131n, nerede vazge\u00e7tin \u00f6z bilginden ve nerede kaybettin g\u00fcc\u00fcn\u00fc? <\/p>\n","protected":false},"excerpt":{"rendered":"<p>Bu kitap isteklerimiz ve ihtiya\u00e7lar\u0131m\u0131z aras\u0131nda s\u0131k\u0131\u015f\u0131p kald\u0131\u011f\u0131m\u0131z, yarg\u0131lan\u0131p incitildi\u011fimiz; bereketimizi, erilya da di\u015fil enerjimizi, \u00fcmitlerimizi yitirdi\u011fimiz bu gezegende, var olan yetilerimizi hat\u0131rlamam\u0131z ve onlar\u0131 yeniden<span class=\"excerpt-hellip\"> [\u2026]<\/span><\/p>\n","protected":false},"featured_media":0,"template":"","meta":{"_monsterinsights_skip_tracking":false,"_monsterinsights_sitenote_active":false,"_monsterinsights_sitenote_note":"","_monsterinsights_sitenote_category":0},"product_brand":[],"product_cat":[12364,12376],"product_tag":[],"class_list":{"0":"post-718397","1":"product","2":"type-product","3":"status-publish","5":"product_cat-genel-konular","6":"product_cat-kisisel-gelisim","7":"pa_cilt-ciltsiz","8":"pa_tur-kitap","9":"pa_yayinevi-nemesis-kitap","10":"pa_yazar-mine-olmez","12":"first","13":"instock","14":"sale","15":"shipping-taxable","16":"purchasable","17":"product-type-simple"},"_links":{"self":[{"href":"https:\/\/roveyayinevi.com.tr\/index.php\/wp-json\/wp\/v2\/product\/718397","targetHints":{"allow":["GET"]}}],"collection":[{"href":"https:\/\/roveyayinevi.com.tr\/index.php\/wp-json\/wp\/v2\/product"}],"about":[{"href":"https:\/\/roveyayinevi.com.tr\/index.php\/wp-json\/wp\/v2\/types\/product"}],"wp:attachment":[{"href":"https:\/\/roveyayinevi.com.tr\/index.php\/wp-json\/wp\/v2\/media?parent=718397"}],"wp:term":[{"taxonomy":"product_brand","embeddable":true,"href":"https:\/\/roveyayinevi.com.tr\/index.php\/wp-json\/wp\/v2\/product_brand?post=718397"},{"taxonomy":"product_cat","embeddable":true,"href":"https:\/\/roveyayinevi.com.tr\/index.php\/wp-json\/wp\/v2\/product_cat?post=718397"},{"taxonomy":"product_tag","embeddable":true,"href":"https:\/\/roveyayinevi.com.tr\/index.php\/wp-json\/wp\/v2\/product_tag?post=718397"}],"curies":[{"name":"wp","href":"https:\/\/api.w.org\/{rel}","templated":true}]}}