{"id":718395,"date":"2025-08-27T18:07:49","date_gmt":"2025-08-27T15:07:49","guid":{"rendered":"https:\/\/roveyayinevi.com.tr\/index.php\/urun\/marxin-sanat-felsefesi\/"},"modified":"2026-04-16T02:26:25","modified_gmt":"2026-04-15T23:26:25","slug":"marxin-sanat-felsefesi","status":"publish","type":"product","link":"https:\/\/roveyayinevi.com.tr\/index.php\/urun\/marxin-sanat-felsefesi\/","title":{"rendered":"Marx\u2019\u0131n Sanat Felsefesi"},"content":{"rendered":"<p>Marx, Kas\u0131m 1837\u2019de babas\u0131na yazd\u0131\u011f\u0131 mektupta yasad\u0131\u011f\u0131 g\u00fcnleri bir ge\u00e7i\u015f d\u00f6nemiolarak tan\u0131mlar. Bu mektupta,\u201cHer de\u011fi\u015fim, bir \u00f6l\u00e7\u00fcde bir ku\u011fu \u015fark\u0131s\u0131d\u0131r; bir\u00f6l\u00e7\u00fcde de bir b\u00fcy\u00fck yeni \u015fiirin ba\u015flang\u0131c\u0131d\u0131r.\u201ddiye yazar.Bu eserde Marx, Hegelci felsefenin ku\u011fu \u015fark\u0131s\u0131n\u0131, \u2018bir b\u00fcy\u00fck yeni \u015fiirinba\u015flang\u0131c\u0131\u2019na d\u00f6n\u00fc\u015ft\u00fcrmeye \u00e7al\u0131\u015f\u0131r.Marksist esteti\u011fin slogan\u0131 \u015fudur: Sanat \u00f6ld\u00fc!Ya\u015fas\u0131n sanat! Marksist edebiyat ele\u015ftirmeni ve estetikkuramc\u0131s\u0131 Mihail Lif\u015fits\u2019inMarx\u2019\u0131n SanatFelsefesi adl\u0131 eserini, Terry Eagleton\u2019\u0131nSunu\u015f\u2019uve Murat Belge \u00e7evirisi ile sunuyoruz.<\/p>\n","protected":false},"excerpt":{"rendered":"<p>Marx, Kas\u0131m 1837\u2019de babas\u0131na yazd\u0131\u011f\u0131 mektupta yasad\u0131\u011f\u0131 g\u00fcnleri bir ge\u00e7i\u015f d\u00f6nemiolarak tan\u0131mlar. Bu mektupta,\u201cHer de\u011fi\u015fim, bir \u00f6l\u00e7\u00fcde bir ku\u011fu \u015fark\u0131s\u0131d\u0131r; bir\u00f6l\u00e7\u00fcde de bir b\u00fcy\u00fck yeni \u015fiirin<span class=\"excerpt-hellip\"> [\u2026]<\/span><\/p>\n","protected":false},"featured_media":0,"template":"","meta":{"_monsterinsights_skip_tracking":false,"_monsterinsights_sitenote_active":false,"_monsterinsights_sitenote_note":"","_monsterinsights_sitenote_category":0},"product_brand":[],"product_cat":[12388,26788],"product_tag":[],"class_list":{"0":"post-718395","1":"product","2":"type-product","3":"status-publish","5":"product_cat-felsefe","6":"product_cat-filozoflar","7":"pa_cilt-ciltsiz","8":"pa_tur-kitap","9":"pa_yayinevi-fol-kitap","10":"pa_yazar-mihail-lifsits","12":"first","13":"instock","14":"sale","15":"shipping-taxable","16":"purchasable","17":"product-type-simple"},"_links":{"self":[{"href":"https:\/\/roveyayinevi.com.tr\/index.php\/wp-json\/wp\/v2\/product\/718395","targetHints":{"allow":["GET"]}}],"collection":[{"href":"https:\/\/roveyayinevi.com.tr\/index.php\/wp-json\/wp\/v2\/product"}],"about":[{"href":"https:\/\/roveyayinevi.com.tr\/index.php\/wp-json\/wp\/v2\/types\/product"}],"wp:attachment":[{"href":"https:\/\/roveyayinevi.com.tr\/index.php\/wp-json\/wp\/v2\/media?parent=718395"}],"wp:term":[{"taxonomy":"product_brand","embeddable":true,"href":"https:\/\/roveyayinevi.com.tr\/index.php\/wp-json\/wp\/v2\/product_brand?post=718395"},{"taxonomy":"product_cat","embeddable":true,"href":"https:\/\/roveyayinevi.com.tr\/index.php\/wp-json\/wp\/v2\/product_cat?post=718395"},{"taxonomy":"product_tag","embeddable":true,"href":"https:\/\/roveyayinevi.com.tr\/index.php\/wp-json\/wp\/v2\/product_tag?post=718395"}],"curies":[{"name":"wp","href":"https:\/\/api.w.org\/{rel}","templated":true}]}}