{"id":718394,"date":"2025-08-27T18:07:49","date_gmt":"2025-08-27T15:07:49","guid":{"rendered":"https:\/\/roveyayinevi.com.tr\/index.php\/urun\/nefesten-solunuma\/"},"modified":"2026-04-16T02:26:25","modified_gmt":"2026-04-15T23:26:25","slug":"nefesten-solunuma","status":"publish","type":"product","link":"https:\/\/roveyayinevi.com.tr\/index.php\/urun\/nefesten-solunuma\/","title":{"rendered":"Nefesten Solunuma"},"content":{"rendered":"<p>Nefesten Solunuma B\u00fct\u00fcnc\u00fcl Sa\u011fl\u0131k Kitab\u0131Son 15 y\u0131lda \u00e7ok \u00f6nemli ara\u015ft\u0131rma, \u00e7al\u0131\u015fma ve paradigma de\u011fi\u015ftiren bulu\u015flar\u0131n ger\u00e7ekle\u015ftirildi\u011fi bu \u00f6nemli konuyu geni\u015f bir yelpazede ele alan yazar bizi, Nefesten Solunuma, farkl\u0131 bir deyi\u015fle Do\u011fu&#8217;dan Bat\u0131&#8217;ya bir yolculu\u011fa \u00e7\u0131kar\u0131yor. Nefes kavram\u0131, Bat\u0131 t\u0131bb\u0131n\u0131n \u201csolunum\u201d olarak tan\u0131mlad\u0131\u011f\u0131 alan\u0131n i\u00e7ine girmi\u015f, \u00f6nemli tedavi protokollerinde \u201ckadim nefes formlar\u0131\u201d kullan\u0131lmaya ba\u015flanm\u0131\u015f ve bu teknikler integratif alan\u0131n \u00f6nemli terapatik uygulamalar\u0131ndan biri haline gelmi\u015ftir.Bu kitaptan \u00f6\u011frenece\u011finiz her bilgi sa\u011fl\u0131\u011f\u0131n\u0131z\u0131n sorumlulu\u011funu almak anlam\u0131nda sizi daha donan\u0131ml\u0131, co\u015fkulu k\u0131lacak ve \u00f6zsayg\u0131n\u0131z\u0131 beklentilerinizin \u00f6tesinde y\u00fckseltecektir. Bir\u00e7ok farkl\u0131 k\u00fclt\u00fcr\u00fcn kadim nefes tekniklerinin yan\u0131 s\u0131ra \u201cSolunum Fizyolojisi\u201d, \u201cSolunum Fizyopatolojisi\u201d ve \u201cPulmoner Rehabilitasyon\u201d gibi allopatik t\u0131bb\u0131n ya da Bat\u0131 t\u0131bb\u0131n\u0131n alan\u0131na giren konulara da ek b\u00f6l\u00fcmler olarak olabildi\u011fince kapsaml\u0131 bir \u015fekilde yer veriyor. &#8220;Bilgiyle y\u00fckl\u00fc bu kitap ger\u00e7ekten de nefes almam\u0131z\u0131 sa\u011fl\u0131yor.&#8221;Do\u00e7. Dr. Ebru G\u00fczel<\/p>\n","protected":false},"excerpt":{"rendered":"<p>Nefesten Solunuma B\u00fct\u00fcnc\u00fcl Sa\u011fl\u0131k Kitab\u0131Son 15 y\u0131lda \u00e7ok \u00f6nemli ara\u015ft\u0131rma, \u00e7al\u0131\u015fma ve paradigma de\u011fi\u015ftiren bulu\u015flar\u0131n ger\u00e7ekle\u015ftirildi\u011fi bu \u00f6nemli konuyu geni\u015f bir yelpazede ele alan yazar bizi,<span class=\"excerpt-hellip\"> [\u2026]<\/span><\/p>\n","protected":false},"featured_media":0,"template":"","meta":{"_monsterinsights_skip_tracking":false,"_monsterinsights_sitenote_active":false,"_monsterinsights_sitenote_note":"","_monsterinsights_sitenote_category":0},"product_brand":[],"product_cat":[20313,13365],"product_tag":[],"class_list":{"0":"post-718394","1":"product","2":"type-product","3":"status-publish","5":"product_cat-basvuru-kitaplari-saglik","6":"product_cat-saglik","7":"pa_cilt-ciltsiz","8":"pa_tur-kitap","9":"pa_yayinevi-kuraldisi-yayinevi","10":"pa_yazar-omer-onder","12":"first","13":"instock","14":"sale","15":"shipping-taxable","16":"purchasable","17":"product-type-simple"},"_links":{"self":[{"href":"https:\/\/roveyayinevi.com.tr\/index.php\/wp-json\/wp\/v2\/product\/718394","targetHints":{"allow":["GET"]}}],"collection":[{"href":"https:\/\/roveyayinevi.com.tr\/index.php\/wp-json\/wp\/v2\/product"}],"about":[{"href":"https:\/\/roveyayinevi.com.tr\/index.php\/wp-json\/wp\/v2\/types\/product"}],"wp:attachment":[{"href":"https:\/\/roveyayinevi.com.tr\/index.php\/wp-json\/wp\/v2\/media?parent=718394"}],"wp:term":[{"taxonomy":"product_brand","embeddable":true,"href":"https:\/\/roveyayinevi.com.tr\/index.php\/wp-json\/wp\/v2\/product_brand?post=718394"},{"taxonomy":"product_cat","embeddable":true,"href":"https:\/\/roveyayinevi.com.tr\/index.php\/wp-json\/wp\/v2\/product_cat?post=718394"},{"taxonomy":"product_tag","embeddable":true,"href":"https:\/\/roveyayinevi.com.tr\/index.php\/wp-json\/wp\/v2\/product_tag?post=718394"}],"curies":[{"name":"wp","href":"https:\/\/api.w.org\/{rel}","templated":true}]}}