{"id":718393,"date":"2025-08-27T18:07:48","date_gmt":"2025-08-27T15:07:48","guid":{"rendered":"https:\/\/roveyayinevi.com.tr\/index.php\/urun\/bebegin-uykusu-neden-onemlidir\/"},"modified":"2026-04-16T02:26:25","modified_gmt":"2026-04-15T23:26:25","slug":"bebegin-uykusu-neden-onemlidir","status":"publish","type":"product","link":"https:\/\/roveyayinevi.com.tr\/index.php\/urun\/bebegin-uykusu-neden-onemlidir\/","title":{"rendered":"Bebe\u011fin Uykusu Neden \u00d6nemlidir?"},"content":{"rendered":"<p>Bebeklerin uykusuyla ilgili olarak bildi\u011fimizi sand\u0131\u011f\u0131m\u0131z \u015feylerin \u00e7o\u011fu yanl\u0131\u015ft\u0131r.Yeti\u015fkin uykusu ile bebek uykusu aras\u0131ndaki farklardan ba\u015flayarak bebek uykusunun biyolojisini anlamak \u00e7ok \u00f6nemlidir. Beyin geli\u015fimi ba\u015fta olmak \u00fczere, bebe\u011fin her t\u00fcrl\u00fc geli\u015fiminde uykunun rol\u00fc ve i\u015flevi b\u00fcy\u00fckt\u00fcr. Uykuyla birlikte gece beslenmesi nas\u0131l y\u00fcr\u00fcr? Anne s\u00fct\u00fcyle beslenen bebe\u011fin uykusuyla haz\u0131r s\u00fct veya mamayla beslenen bebe\u011fin uykusunun ayn\u0131 olmad\u0131\u011f\u0131n\u0131 bilmek ve ona g\u00f6re hareket etmek gerekir. Britanya\u2019da tan\u0131nm\u0131\u015f bir \u00e7ocuk e\u011fitimi uzman\u0131 olan yazar, bebe\u011fin uykusunun yan\u0131 s\u0131ra emziren annenin uykusu, bebe\u011fin kendisini g\u00fcvende hissetmesi, gece beslenmesinin kesilmesi, uykuda emzik kullan\u0131m\u0131 gibi akla gelebilecek bir\u00e7ok sorunu da ele al\u0131yor. Bu kitap, bebeklerin bir ya\u015f\u0131na kadar uykuyla ilgili hemen b\u00fct\u00fcn sorunlar\u0131na \u00e7\u00f6z\u00fcm bulman\u0131za yard\u0131mc\u0131 olacakt\u0131r.<\/p>\n","protected":false},"excerpt":{"rendered":"<p>Bebeklerin uykusuyla ilgili olarak bildi\u011fimizi sand\u0131\u011f\u0131m\u0131z \u015feylerin \u00e7o\u011fu yanl\u0131\u015ft\u0131r.Yeti\u015fkin uykusu ile bebek uykusu aras\u0131ndaki farklardan ba\u015flayarak bebek uykusunun biyolojisini anlamak \u00e7ok \u00f6nemlidir. Beyin geli\u015fimi ba\u015fta olmak<span class=\"excerpt-hellip\"> [\u2026]<\/span><\/p>\n","protected":false},"featured_media":0,"template":"","meta":{"_monsterinsights_skip_tracking":false,"_monsterinsights_sitenote_active":false,"_monsterinsights_sitenote_note":"","_monsterinsights_sitenote_category":0},"product_brand":[],"product_cat":[17996,12364],"product_tag":[],"class_list":{"0":"post-718393","1":"product","2":"type-product","3":"status-publish","5":"product_cat-ebeveyn-kitaplari","6":"product_cat-genel-konular","7":"pa_cilt-ciltsiz","8":"pa_tur-kitap","9":"pa_yayinevi-kuraldisi-yayinevi","10":"pa_yazar-sarah-ockwell-smith","12":"first","13":"instock","14":"sale","15":"shipping-taxable","16":"purchasable","17":"product-type-simple"},"_links":{"self":[{"href":"https:\/\/roveyayinevi.com.tr\/index.php\/wp-json\/wp\/v2\/product\/718393","targetHints":{"allow":["GET"]}}],"collection":[{"href":"https:\/\/roveyayinevi.com.tr\/index.php\/wp-json\/wp\/v2\/product"}],"about":[{"href":"https:\/\/roveyayinevi.com.tr\/index.php\/wp-json\/wp\/v2\/types\/product"}],"wp:attachment":[{"href":"https:\/\/roveyayinevi.com.tr\/index.php\/wp-json\/wp\/v2\/media?parent=718393"}],"wp:term":[{"taxonomy":"product_brand","embeddable":true,"href":"https:\/\/roveyayinevi.com.tr\/index.php\/wp-json\/wp\/v2\/product_brand?post=718393"},{"taxonomy":"product_cat","embeddable":true,"href":"https:\/\/roveyayinevi.com.tr\/index.php\/wp-json\/wp\/v2\/product_cat?post=718393"},{"taxonomy":"product_tag","embeddable":true,"href":"https:\/\/roveyayinevi.com.tr\/index.php\/wp-json\/wp\/v2\/product_tag?post=718393"}],"curies":[{"name":"wp","href":"https:\/\/api.w.org\/{rel}","templated":true}]}}