{"id":718391,"date":"2025-08-27T18:07:47","date_gmt":"2025-08-27T15:07:47","guid":{"rendered":"https:\/\/roveyayinevi.com.tr\/index.php\/urun\/insanlik-guldurusunde-yuzler-ve-bildiriler\/"},"modified":"2026-04-16T02:26:25","modified_gmt":"2026-04-15T23:26:25","slug":"insanlik-guldurusunde-yuzler-ve-bildiriler","status":"publish","type":"product","link":"https:\/\/roveyayinevi.com.tr\/index.php\/urun\/insanlik-guldurusunde-yuzler-ve-bildiriler\/","title":{"rendered":"\u0130nsanl\u0131k G\u00fcld\u00fcr\u00fcs\u00fc\u2019nde Y\u00fczler ve Bildiriler"},"content":{"rendered":"<p>&#8220;Bir tek y\u00fcz\u00fcm\u00fcz vard\u0131r, ama sevgili ya da meslek de\u011fi\u015ftirdi\u011fimiz zaman, tutkuyla sevdi\u011fimiz ya da \u00e7evremizde olup bitenler kar\u015f\u0131s\u0131nda t\u00fcmde ilgisiz kald\u0131\u011f\u0131m\u0131z zaman bu y\u00fcz t\u00fcm\u00fcyle ayn\u0131 y\u00fcz de\u011fildir. Y\u00fcz ayn\u0131 zamanda hem yazg\u0131y\u0131, hem ya\u015fam\u0131, hem duyumlar\u0131, hem duygular\u0131 yans\u0131t\u0131r.&#8221; Tahsin Y\u00fccel&#8217;in, \u0130nsanl\u0131k G\u00fcld\u00fcr\u00fcs\u00fc&#8217;ndeki y\u00fcz ve beden betimlemelerini g\u00f6stergebilimsel bir y\u00f6ntemle \u00e7\u00f6z\u00fcmledi\u011fi bu yap\u0131t, Balzac ki\u015filerinin evrenine, d\u0131\u015f g\u00f6r\u00fcn\u00fc\u015flerinin gizledi\u011fi ve\/ya da a\u00e7\u0131nlad\u0131\u011f\u0131 anlam katmanlar\u0131na yap\u0131lan zorlu bir yolculu\u011fun \u00fcr\u00fcn\u00fc. &#8220;Do\u011fa&#8221;dan &#8220;ekin&#8221;e uzanan dizgisel bir bak\u0131\u015f.<\/p>\n","protected":false},"excerpt":{"rendered":"<p>&#8220;Bir tek y\u00fcz\u00fcm\u00fcz vard\u0131r, ama sevgili ya da meslek de\u011fi\u015ftirdi\u011fimiz zaman, tutkuyla sevdi\u011fimiz ya da \u00e7evremizde olup bitenler kar\u015f\u0131s\u0131nda t\u00fcmde ilgisiz kald\u0131\u011f\u0131m\u0131z zaman bu y\u00fcz t\u00fcm\u00fcyle<span class=\"excerpt-hellip\"> [\u2026]<\/span><\/p>\n","protected":false},"featured_media":0,"template":"","meta":{"_monsterinsights_skip_tracking":false,"_monsterinsights_sitenote_active":false,"_monsterinsights_sitenote_note":"","_monsterinsights_sitenote_category":0},"product_brand":[],"product_cat":[12365,12364],"product_tag":[],"class_list":{"0":"post-718391","1":"product","2":"type-product","3":"status-publish","5":"product_cat-diger-genel-konular","6":"product_cat-genel-konular","7":"pa_cilt-ciltsiz","8":"pa_tur-kitap","9":"pa_yayinevi-yapi-kredi-yayinlari","10":"pa_yazar-tahsin-yucel","12":"first","13":"instock","14":"sale","15":"shipping-taxable","16":"purchasable","17":"product-type-simple"},"_links":{"self":[{"href":"https:\/\/roveyayinevi.com.tr\/index.php\/wp-json\/wp\/v2\/product\/718391","targetHints":{"allow":["GET"]}}],"collection":[{"href":"https:\/\/roveyayinevi.com.tr\/index.php\/wp-json\/wp\/v2\/product"}],"about":[{"href":"https:\/\/roveyayinevi.com.tr\/index.php\/wp-json\/wp\/v2\/types\/product"}],"wp:attachment":[{"href":"https:\/\/roveyayinevi.com.tr\/index.php\/wp-json\/wp\/v2\/media?parent=718391"}],"wp:term":[{"taxonomy":"product_brand","embeddable":true,"href":"https:\/\/roveyayinevi.com.tr\/index.php\/wp-json\/wp\/v2\/product_brand?post=718391"},{"taxonomy":"product_cat","embeddable":true,"href":"https:\/\/roveyayinevi.com.tr\/index.php\/wp-json\/wp\/v2\/product_cat?post=718391"},{"taxonomy":"product_tag","embeddable":true,"href":"https:\/\/roveyayinevi.com.tr\/index.php\/wp-json\/wp\/v2\/product_tag?post=718391"}],"curies":[{"name":"wp","href":"https:\/\/api.w.org\/{rel}","templated":true}]}}