{"id":718390,"date":"2025-08-27T18:07:46","date_gmt":"2025-08-27T15:07:46","guid":{"rendered":"https:\/\/roveyayinevi.com.tr\/index.php\/urun\/tek-kitapta-namik-kemal\/"},"modified":"2026-04-16T02:26:25","modified_gmt":"2026-04-15T23:26:25","slug":"tek-kitapta-namik-kemal","status":"publish","type":"product","link":"https:\/\/roveyayinevi.com.tr\/index.php\/urun\/tek-kitapta-namik-kemal\/","title":{"rendered":"Tek Kitapta Nam\u0131k Kemal"},"content":{"rendered":"<p>\u00d6ner Ya\u011fc\u0131, Mustafa Kemal Atat\u00fcrk&#8217;\u00fcn, \u201cdirenme g\u00fcc\u00fc\u201d ald\u0131\u011f\u0131 isimlerden biri olan, Vatan ve \u00d6zg\u00fcrl\u00fck \u015fairimiz Nam\u0131k Kemal&#8217;i, bir b\u00fct\u00fcn halinde; hayat\u0131, d\u00fc\u015f\u00fcnceleri ve eserleriyle anlat\u0131yor&#8230; &#8220;Ben bu memlekette milletin padi\u015fah, h\u00fcrriyetin kanun oldu\u011funu g\u00f6remeyece\u011fim,  fakat sen bunu mutlaka g\u00f6receksin&#8230; Babana inan. Vatan\u0131m\u0131z yok olmayacak, kendini kurtaracak. H\u00fcrriyeti elde edecek.  Kim ne derse desin, inanma. Yaln\u0131zca bana inan.  Hi\u00e7 \u015f\u00fcphe yok ki \u00fclkemizde halk\u0131n egemen olaca\u011f\u0131 g\u00fcn gelecek. Ekrem, ben bug\u00fcn\u00fc g\u00f6remeyebilirim,  ama sen g\u00f6receksin. H\u00fcrriyet bayra\u011f\u0131n\u0131 ta\u015f\u0131yanlardan biri olacaks\u0131n.&#8221; (Nam\u0131k Kemal&#8217;in o\u011fluna yazd\u0131\u011f\u0131 bir mektuptan&#8230;) <\/p>\n","protected":false},"excerpt":{"rendered":"<p>\u00d6ner Ya\u011fc\u0131, Mustafa Kemal Atat\u00fcrk&#8217;\u00fcn, \u201cdirenme g\u00fcc\u00fc\u201d ald\u0131\u011f\u0131 isimlerden biri olan, Vatan ve \u00d6zg\u00fcrl\u00fck \u015fairimiz Nam\u0131k Kemal&#8217;i, bir b\u00fct\u00fcn halinde; hayat\u0131, d\u00fc\u015f\u00fcnceleri ve eserleriyle anlat\u0131yor&#8230; &#8220;Ben<span class=\"excerpt-hellip\"> [\u2026]<\/span><\/p>\n","protected":false},"featured_media":0,"template":"","meta":{"_monsterinsights_skip_tracking":false,"_monsterinsights_sitenote_active":false,"_monsterinsights_sitenote_note":"","_monsterinsights_sitenote_category":0},"product_brand":[],"product_cat":[14009,12291],"product_tag":[],"class_list":{"0":"post-718390","1":"product","2":"type-product","3":"status-publish","5":"product_cat-biyografi-otobiyografi-edebiyat","6":"product_cat-edebiyat","7":"pa_cilt-ciltsiz","8":"pa_tur-kitap","9":"pa_yayinevi-telgrafhane-yayinlari","10":"pa_yazar-oner-yagci","12":"first","13":"instock","14":"sale","15":"shipping-taxable","16":"purchasable","17":"product-type-simple"},"_links":{"self":[{"href":"https:\/\/roveyayinevi.com.tr\/index.php\/wp-json\/wp\/v2\/product\/718390","targetHints":{"allow":["GET"]}}],"collection":[{"href":"https:\/\/roveyayinevi.com.tr\/index.php\/wp-json\/wp\/v2\/product"}],"about":[{"href":"https:\/\/roveyayinevi.com.tr\/index.php\/wp-json\/wp\/v2\/types\/product"}],"wp:attachment":[{"href":"https:\/\/roveyayinevi.com.tr\/index.php\/wp-json\/wp\/v2\/media?parent=718390"}],"wp:term":[{"taxonomy":"product_brand","embeddable":true,"href":"https:\/\/roveyayinevi.com.tr\/index.php\/wp-json\/wp\/v2\/product_brand?post=718390"},{"taxonomy":"product_cat","embeddable":true,"href":"https:\/\/roveyayinevi.com.tr\/index.php\/wp-json\/wp\/v2\/product_cat?post=718390"},{"taxonomy":"product_tag","embeddable":true,"href":"https:\/\/roveyayinevi.com.tr\/index.php\/wp-json\/wp\/v2\/product_tag?post=718390"}],"curies":[{"name":"wp","href":"https:\/\/api.w.org\/{rel}","templated":true}]}}