{"id":718389,"date":"2025-08-27T18:07:45","date_gmt":"2025-08-27T15:07:45","guid":{"rendered":"https:\/\/roveyayinevi.com.tr\/index.php\/urun\/cennet-kokulum\/"},"modified":"2026-04-16T02:26:25","modified_gmt":"2026-04-15T23:26:25","slug":"cennet-kokulum","status":"publish","type":"product","link":"https:\/\/roveyayinevi.com.tr\/index.php\/urun\/cennet-kokulum\/","title":{"rendered":"Cennet Kokulum"},"content":{"rendered":"<p>Sen benim ayvam \u00e7ile\u011fim nar\u0131m Bu hayattaki varl\u0131\u011f\u0131m Miras\u0131ms\u0131n d\u00fcnyada b\u0131rakt\u0131\u011f\u0131m G\u00f6nl\u00fcmdeki ac\u0131m G\u00f6z\u00fcmdeki ya\u015f\u0131m Evime ko\u015farak var\u0131\u015f\u0131m Korkudan titreyi\u015fim Sab\u0131rs\u0131zl\u0131kla bekleyi\u015fim G\u00fcne\u015fim ay\u0131m y\u0131ld\u0131z\u0131m Arabamla yapt\u0131\u011f\u0131m h\u0131z\u0131m Denizim kumsal\u0131m yaln\u0131zl\u0131\u011f\u0131m Masmavi ba\u011f\u0131ms\u0131zl\u0131\u011f\u0131m Kimselerin dokunamad\u0131\u011f\u0131 yan\u0131m Sen ki Huzur buldu\u011fum O\u011flum Cennet kokulum&#8230; <\/p>\n","protected":false},"excerpt":{"rendered":"<p>Sen benim ayvam \u00e7ile\u011fim nar\u0131m Bu hayattaki varl\u0131\u011f\u0131m Miras\u0131ms\u0131n d\u00fcnyada b\u0131rakt\u0131\u011f\u0131m G\u00f6nl\u00fcmdeki ac\u0131m G\u00f6z\u00fcmdeki ya\u015f\u0131m Evime ko\u015farak var\u0131\u015f\u0131m Korkudan titreyi\u015fim Sab\u0131rs\u0131zl\u0131kla bekleyi\u015fim G\u00fcne\u015fim ay\u0131m y\u0131ld\u0131z\u0131m Arabamla<span class=\"excerpt-hellip\"> [\u2026]<\/span><\/p>\n","protected":false},"featured_media":0,"template":"","meta":{"_monsterinsights_skip_tracking":false,"_monsterinsights_sitenote_active":false,"_monsterinsights_sitenote_note":"","_monsterinsights_sitenote_category":0},"product_brand":[],"product_cat":[12291,12509],"product_tag":[],"class_list":{"0":"post-718389","1":"product","2":"type-product","3":"status-publish","5":"product_cat-edebiyat","6":"product_cat-siir","7":"pa_cilt-ciltsiz","8":"pa_tur-kitap","9":"pa_yayinevi-karina-yayinevi","10":"pa_yazar-sevgi-sertbas","12":"first","13":"instock","14":"sale","15":"shipping-taxable","16":"purchasable","17":"product-type-simple"},"_links":{"self":[{"href":"https:\/\/roveyayinevi.com.tr\/index.php\/wp-json\/wp\/v2\/product\/718389","targetHints":{"allow":["GET"]}}],"collection":[{"href":"https:\/\/roveyayinevi.com.tr\/index.php\/wp-json\/wp\/v2\/product"}],"about":[{"href":"https:\/\/roveyayinevi.com.tr\/index.php\/wp-json\/wp\/v2\/types\/product"}],"wp:attachment":[{"href":"https:\/\/roveyayinevi.com.tr\/index.php\/wp-json\/wp\/v2\/media?parent=718389"}],"wp:term":[{"taxonomy":"product_brand","embeddable":true,"href":"https:\/\/roveyayinevi.com.tr\/index.php\/wp-json\/wp\/v2\/product_brand?post=718389"},{"taxonomy":"product_cat","embeddable":true,"href":"https:\/\/roveyayinevi.com.tr\/index.php\/wp-json\/wp\/v2\/product_cat?post=718389"},{"taxonomy":"product_tag","embeddable":true,"href":"https:\/\/roveyayinevi.com.tr\/index.php\/wp-json\/wp\/v2\/product_tag?post=718389"}],"curies":[{"name":"wp","href":"https:\/\/api.w.org\/{rel}","templated":true}]}}