{"id":718387,"date":"2025-08-27T18:07:44","date_gmt":"2025-08-27T15:07:44","guid":{"rendered":"https:\/\/roveyayinevi.com.tr\/index.php\/urun\/ilk-isim\/"},"modified":"2026-04-08T02:33:30","modified_gmt":"2026-04-07T23:33:30","slug":"ilk-isim","status":"publish","type":"product","link":"https:\/\/roveyayinevi.com.tr\/index.php\/urun\/ilk-isim\/","title":{"rendered":"\u0130lk \u0130\u015fim"},"content":{"rendered":"<p>Hayata at\u0131lman\u0131n ilk y\u0131llar\u0131ndaki \u00e7al\u0131\u015fma ya\u015fam\u0131na ili\u015fkin deneyimler&#8230; \u00c7ocuklukta \u00fcstlenilen sorumluluklar ve \u00f6\u011frencilik y\u0131llar\u0131nda yap\u0131lan i\u015fler, ki\u015filere \u00f6m\u00fcr boyu kullanacaklar\u0131 ya\u015fam becerileri kazand\u0131r\u0131r.Sorumluluk almakKendini, benli\u011fine uygun olan veya olmayan i\u015fi tan\u0131mak Karar vermek ve sonu\u00e7lar\u0131n\u0131 g\u00f6rmek Konfor alan\u0131n\u0131n d\u0131\u015f\u0131na \u00e7\u0131karak potansiyelini ke\u015ffetmek Farkl\u0131 ya\u015f ve k\u00fclt\u00fcrdeki insanlarla ili\u015fki kurmak Ekibin par\u00e7as\u0131 olmak, i\u015fbirli\u011fi ve dayan\u0131\u015fma geli\u015ftirmek Duygular\u0131n\u0131 y\u00f6netmek Paran\u0131n de\u011feri konusunda fikir sahibi olmak<\/p>\n","protected":false},"excerpt":{"rendered":"<p>Hayata at\u0131lman\u0131n ilk y\u0131llar\u0131ndaki \u00e7al\u0131\u015fma ya\u015fam\u0131na ili\u015fkin deneyimler&#8230; \u00c7ocuklukta \u00fcstlenilen sorumluluklar ve \u00f6\u011frencilik y\u0131llar\u0131nda yap\u0131lan i\u015fler, ki\u015filere \u00f6m\u00fcr boyu kullanacaklar\u0131 ya\u015fam becerileri kazand\u0131r\u0131r.Sorumluluk almakKendini, benli\u011fine uygun<span class=\"excerpt-hellip\"> [\u2026]<\/span><\/p>\n","protected":false},"featured_media":0,"template":"","meta":{"_monsterinsights_skip_tracking":false,"_monsterinsights_sitenote_active":false,"_monsterinsights_sitenote_note":"","_monsterinsights_sitenote_category":0},"product_brand":[],"product_cat":[12364,12376],"product_tag":[],"class_list":{"0":"post-718387","1":"product","2":"type-product","3":"status-publish","5":"product_cat-genel-konular","6":"product_cat-kisisel-gelisim","7":"pa_cilt-ciltsiz","8":"pa_tur-kitap","9":"pa_yayinevi-remzi-kitabevi","10":"pa_yazar-acar-baltas-handan-o-usakligil","12":"first","13":"instock","14":"sale","15":"shipping-taxable","16":"purchasable","17":"product-type-simple"},"_links":{"self":[{"href":"https:\/\/roveyayinevi.com.tr\/index.php\/wp-json\/wp\/v2\/product\/718387","targetHints":{"allow":["GET"]}}],"collection":[{"href":"https:\/\/roveyayinevi.com.tr\/index.php\/wp-json\/wp\/v2\/product"}],"about":[{"href":"https:\/\/roveyayinevi.com.tr\/index.php\/wp-json\/wp\/v2\/types\/product"}],"wp:attachment":[{"href":"https:\/\/roveyayinevi.com.tr\/index.php\/wp-json\/wp\/v2\/media?parent=718387"}],"wp:term":[{"taxonomy":"product_brand","embeddable":true,"href":"https:\/\/roveyayinevi.com.tr\/index.php\/wp-json\/wp\/v2\/product_brand?post=718387"},{"taxonomy":"product_cat","embeddable":true,"href":"https:\/\/roveyayinevi.com.tr\/index.php\/wp-json\/wp\/v2\/product_cat?post=718387"},{"taxonomy":"product_tag","embeddable":true,"href":"https:\/\/roveyayinevi.com.tr\/index.php\/wp-json\/wp\/v2\/product_tag?post=718387"}],"curies":[{"name":"wp","href":"https:\/\/api.w.org\/{rel}","templated":true}]}}