{"id":718386,"date":"2025-08-27T18:07:44","date_gmt":"2025-08-27T15:07:44","guid":{"rendered":"https:\/\/roveyayinevi.com.tr\/index.php\/urun\/kucuk-yazarin-el-kitabi\/"},"modified":"2026-04-16T02:26:25","modified_gmt":"2026-04-15T23:26:25","slug":"kucuk-yazarin-el-kitabi","status":"publish","type":"product","link":"https:\/\/roveyayinevi.com.tr\/index.php\/urun\/kucuk-yazarin-el-kitabi\/","title":{"rendered":"K\u00fc\u00e7\u00fck Yazar\u0131n El Kitab\u0131"},"content":{"rendered":"<p>K\u00fc\u00e7\u00fck Yazar\u0131n El Kitab\u0131, okuma ve yazma sevdal\u0131s\u0131 Z\u00fcmr\u00fct B\u0131y\u0131ko\u011flu\u2019nun \u00e7ocuklarla y\u00fcr\u00fctt\u00fc\u011f\u00fc yarat\u0131c\u0131 yazarl\u0131k derslerinden yola \u00e7\u0131karak haz\u0131rlad\u0131\u011f\u0131 bir k\u0131lavuz. Terminoloji karma\u015fas\u0131na girmeden hepimizin anlayaca\u011f\u0131 bir dille kurmaca metin yaz\u0131m\u0131 hakk\u0131nda bilgiler sunuyor. Karakter yaratmak, a\u00e7\u0131l\u0131\u015f c\u00fcmlesi bulmak ve kurgu \u00e7e\u015fitleri gibi ba\u015fl\u0131klarla \u00e7ok iyi bildi\u011fimiz filmler ve \u00f6yk\u00fclerden \u00f6rnekler veriyor. <\/p>\n","protected":false},"excerpt":{"rendered":"<p>K\u00fc\u00e7\u00fck Yazar\u0131n El Kitab\u0131, okuma ve yazma sevdal\u0131s\u0131 Z\u00fcmr\u00fct B\u0131y\u0131ko\u011flu\u2019nun \u00e7ocuklarla y\u00fcr\u00fctt\u00fc\u011f\u00fc yarat\u0131c\u0131 yazarl\u0131k derslerinden yola \u00e7\u0131karak haz\u0131rlad\u0131\u011f\u0131 bir k\u0131lavuz. Terminoloji karma\u015fas\u0131na girmeden hepimizin anlayaca\u011f\u0131 bir<span class=\"excerpt-hellip\"> [\u2026]<\/span><\/p>\n","protected":false},"featured_media":0,"template":"","meta":{"_monsterinsights_skip_tracking":false,"_monsterinsights_sitenote_active":false,"_monsterinsights_sitenote_note":"","_monsterinsights_sitenote_category":0},"product_brand":[],"product_cat":[12274,15842],"product_tag":[],"class_list":{"0":"post-718386","1":"product","2":"type-product","3":"status-publish","5":"product_cat-cocuk-ve-genclik-kitaplari","6":"product_cat-egitici-kitaplar","7":"pa_cilt-ciltsiz","8":"pa_tur-kitap","9":"pa_yayinevi-dinozor-cocuk","10":"pa_yazar-zumrut-biyiklioglu","12":"first","13":"instock","14":"sale","15":"shipping-taxable","16":"purchasable","17":"product-type-simple"},"_links":{"self":[{"href":"https:\/\/roveyayinevi.com.tr\/index.php\/wp-json\/wp\/v2\/product\/718386","targetHints":{"allow":["GET"]}}],"collection":[{"href":"https:\/\/roveyayinevi.com.tr\/index.php\/wp-json\/wp\/v2\/product"}],"about":[{"href":"https:\/\/roveyayinevi.com.tr\/index.php\/wp-json\/wp\/v2\/types\/product"}],"wp:attachment":[{"href":"https:\/\/roveyayinevi.com.tr\/index.php\/wp-json\/wp\/v2\/media?parent=718386"}],"wp:term":[{"taxonomy":"product_brand","embeddable":true,"href":"https:\/\/roveyayinevi.com.tr\/index.php\/wp-json\/wp\/v2\/product_brand?post=718386"},{"taxonomy":"product_cat","embeddable":true,"href":"https:\/\/roveyayinevi.com.tr\/index.php\/wp-json\/wp\/v2\/product_cat?post=718386"},{"taxonomy":"product_tag","embeddable":true,"href":"https:\/\/roveyayinevi.com.tr\/index.php\/wp-json\/wp\/v2\/product_tag?post=718386"}],"curies":[{"name":"wp","href":"https:\/\/api.w.org\/{rel}","templated":true}]}}