{"id":718385,"date":"2025-08-27T18:07:43","date_gmt":"2025-08-27T15:07:43","guid":{"rendered":"https:\/\/roveyayinevi.com.tr\/index.php\/urun\/yasam-ve-yapit\/"},"modified":"2026-04-16T02:26:25","modified_gmt":"2026-04-15T23:26:25","slug":"yasam-ve-yapit","status":"publish","type":"product","link":"https:\/\/roveyayinevi.com.tr\/index.php\/urun\/yasam-ve-yapit\/","title":{"rendered":"Ya\u015fam ve Yap\u0131t"},"content":{"rendered":"<p>Romanc\u0131 ve ele\u015ftirmen Tim Parks\u2019\u0131n, \u00f6nemli edebiyat dergilerinde benzer bir kurgu ve ama\u00e7la yay\u0131mlad\u0131\u011f\u0131 bu denemeler, \u00fcnl\u00fc romanc\u0131lar\u0131n eserleriyle hayatlar\u0131ndaki kesi\u015fmeleri, edebi ve psikolojik bir derinlik i\u00e7erisinde bulup ortaya \u00e7\u0131kar\u0131yor&#8230; Bu \u00e7arp\u0131c\u0131 ve zevkli kitapta Charles Dickens, Fyodor Dostoyevski, Thomas Hardy, Anton \u00c7ehov, James Joyce, SamuelBeckett, MurielSpark, Philip Roth, J. M. Coetzee, JulianBarnes, ColmT\u00f3ib\u00edn, GeoffDyer, Peter Stamm, Graham Swift, DaveEggers, HarukiMurakami, Peter Matthiessen, StiegLarsson ve E. L. James gibi yazarlar\u0131 yazmaya y\u00f6nelten saikler ele al\u0131n\u0131yor. Bu yazarlar\u0131n eserlerine bir bi\u00e7imde s\u0131zan ki\u015fisel \u00f6zelliklerine Tim Parks arac\u0131l\u0131\u011f\u0131yla bakmak, g\u00fcn\u00fcm\u00fcz edebiyat\u0131na ve romanc\u0131l\u0131\u011f\u0131na y\u00f6n veren detaylar\u0131 ve temalar\u0131 ke\u015ffetmemize olanak sa\u011fl\u0131yor&#8230; <\/p>\n","protected":false},"excerpt":{"rendered":"<p>Romanc\u0131 ve ele\u015ftirmen Tim Parks\u2019\u0131n, \u00f6nemli edebiyat dergilerinde benzer bir kurgu ve ama\u00e7la yay\u0131mlad\u0131\u011f\u0131 bu denemeler, \u00fcnl\u00fc romanc\u0131lar\u0131n eserleriyle hayatlar\u0131ndaki kesi\u015fmeleri, edebi ve psikolojik bir derinlik<span class=\"excerpt-hellip\"> [\u2026]<\/span><\/p>\n","protected":false},"featured_media":0,"template":"","meta":{"_monsterinsights_skip_tracking":false,"_monsterinsights_sitenote_active":false,"_monsterinsights_sitenote_note":"","_monsterinsights_sitenote_category":0},"product_brand":[],"product_cat":[13548,12408],"product_tag":[],"class_list":{"0":"post-718385","1":"product","2":"type-product","3":"status-publish","5":"product_cat-kuram","6":"product_cat-sanat","7":"pa_cilt-ciltsiz","8":"pa_tur-kitap","9":"pa_yayinevi-ayrinti-yayinlari","10":"pa_yazar-tim-parks","12":"first","13":"instock","14":"sale","15":"shipping-taxable","16":"purchasable","17":"product-type-simple"},"_links":{"self":[{"href":"https:\/\/roveyayinevi.com.tr\/index.php\/wp-json\/wp\/v2\/product\/718385","targetHints":{"allow":["GET"]}}],"collection":[{"href":"https:\/\/roveyayinevi.com.tr\/index.php\/wp-json\/wp\/v2\/product"}],"about":[{"href":"https:\/\/roveyayinevi.com.tr\/index.php\/wp-json\/wp\/v2\/types\/product"}],"wp:attachment":[{"href":"https:\/\/roveyayinevi.com.tr\/index.php\/wp-json\/wp\/v2\/media?parent=718385"}],"wp:term":[{"taxonomy":"product_brand","embeddable":true,"href":"https:\/\/roveyayinevi.com.tr\/index.php\/wp-json\/wp\/v2\/product_brand?post=718385"},{"taxonomy":"product_cat","embeddable":true,"href":"https:\/\/roveyayinevi.com.tr\/index.php\/wp-json\/wp\/v2\/product_cat?post=718385"},{"taxonomy":"product_tag","embeddable":true,"href":"https:\/\/roveyayinevi.com.tr\/index.php\/wp-json\/wp\/v2\/product_tag?post=718385"}],"curies":[{"name":"wp","href":"https:\/\/api.w.org\/{rel}","templated":true}]}}