{"id":718383,"date":"2025-08-27T18:07:42","date_gmt":"2025-08-27T15:07:42","guid":{"rendered":"https:\/\/roveyayinevi.com.tr\/index.php\/urun\/pasif-direnis\/"},"modified":"2026-04-16T02:26:25","modified_gmt":"2026-04-15T23:26:25","slug":"pasif-direnis","status":"publish","type":"product","link":"https:\/\/roveyayinevi.com.tr\/index.php\/urun\/pasif-direnis\/","title":{"rendered":"Pasif Direni\u015f"},"content":{"rendered":"<p>\u015eiddet, sava\u015flar ve ter\u00f6r dolu bir y\u00fczy\u0131ldan sonra pasif direni\u015f ideali insanlar\u0131n bilin\u00e7lerinde ve vicdanlar\u0131nda g\u00fc\u00e7l\u00fc bir merak uyand\u0131rm\u0131\u015ft\u0131r. Peki, bu ideali harekete ge\u00e7iren ilk ak\u0131mlar ve hareketler nelerdi? Bu ak\u0131mlar uzunca s\u00fcren bir sava\u015f, devrim ve \u015fiddet sarmal\u0131nda ne gibi g\u00fc\u00e7l\u00fcklerle kar\u015f\u0131 kar\u015f\u0131ya kald\u0131lar? Bu kitapta k\u00f6leli\u011fe kar\u015f\u0131 19. y\u00fczy\u0131l\u0131n ilk y\u0131llar\u0131nda, \u00f6zellikle ABD\u2019de geli\u015fen pasif direni\u015f y\u00f6ntemleri mercek alt\u0131na al\u0131n\u0131yor. Bir t\u00fcr ba\u015flang\u0131\u00e7 noktas\u0131 olarak bu tarihsel evreden hareketle H\u0131ristiyan ve demokratik sek\u00fcler \u00f6rg\u00fctlenmelere ge\u00e7iliyor; bu esnada direni\u015fin Thoreau, Tolstoy, Gandi, Capitini, Dolci, M.L. King, Dalai Lama ve Renkli Devrim \u00f6rg\u00fct\u00e7\u00fcleri gibi ana akt\u00f6rlerine kadar uzanan geni\u015f bir yelpazede pasif direni\u015f ak\u0131mlar\u0131 ve fig\u00fcrleri ele al\u0131n\u0131yor&#8230; Sosyalist hareketler, s\u00f6m\u00fcrge kar\u015f\u0131t\u0131 ve militarizm kar\u015f\u0131t\u0131 hareketler de kitab\u0131n ba\u015fl\u0131ca meseleleri aras\u0131nda. SimoneWeil ile HannahArendt gibi filozoflar\u0131n \u015fiddet problemine dair g\u00f6r\u00fc\u015fleri de pasif direni\u015f tarihi kapsam\u0131nda tart\u0131\u015fmaya a\u00e7\u0131l\u0131yor&#8230; <\/p>\n","protected":false},"excerpt":{"rendered":"<p>\u015eiddet, sava\u015flar ve ter\u00f6r dolu bir y\u00fczy\u0131ldan sonra pasif direni\u015f ideali insanlar\u0131n bilin\u00e7lerinde ve vicdanlar\u0131nda g\u00fc\u00e7l\u00fc bir merak uyand\u0131rm\u0131\u015ft\u0131r. Peki, bu ideali harekete ge\u00e7iren ilk ak\u0131mlar<span class=\"excerpt-hellip\"> [\u2026]<\/span><\/p>\n","protected":false},"featured_media":0,"template":"","meta":{"_monsterinsights_skip_tracking":false,"_monsterinsights_sitenote_active":false,"_monsterinsights_sitenote_note":"","_monsterinsights_sitenote_category":0},"product_brand":[],"product_cat":[13590,12337],"product_tag":[],"class_list":{"0":"post-718383","1":"product","2":"type-product","3":"status-publish","5":"product_cat-arastirma-inceleme-politika-siyaset","6":"product_cat-politika-siyaset","7":"pa_cilt-ciltsiz","8":"pa_tur-kitap","9":"pa_yayinevi-ayrinti-yayinlari","10":"pa_yazar-domenico-losurdo","12":"first","13":"instock","14":"sale","15":"shipping-taxable","16":"purchasable","17":"product-type-simple"},"_links":{"self":[{"href":"https:\/\/roveyayinevi.com.tr\/index.php\/wp-json\/wp\/v2\/product\/718383","targetHints":{"allow":["GET"]}}],"collection":[{"href":"https:\/\/roveyayinevi.com.tr\/index.php\/wp-json\/wp\/v2\/product"}],"about":[{"href":"https:\/\/roveyayinevi.com.tr\/index.php\/wp-json\/wp\/v2\/types\/product"}],"wp:attachment":[{"href":"https:\/\/roveyayinevi.com.tr\/index.php\/wp-json\/wp\/v2\/media?parent=718383"}],"wp:term":[{"taxonomy":"product_brand","embeddable":true,"href":"https:\/\/roveyayinevi.com.tr\/index.php\/wp-json\/wp\/v2\/product_brand?post=718383"},{"taxonomy":"product_cat","embeddable":true,"href":"https:\/\/roveyayinevi.com.tr\/index.php\/wp-json\/wp\/v2\/product_cat?post=718383"},{"taxonomy":"product_tag","embeddable":true,"href":"https:\/\/roveyayinevi.com.tr\/index.php\/wp-json\/wp\/v2\/product_tag?post=718383"}],"curies":[{"name":"wp","href":"https:\/\/api.w.org\/{rel}","templated":true}]}}