{"id":718376,"date":"2025-08-27T18:07:37","date_gmt":"2025-08-27T15:07:37","guid":{"rendered":"https:\/\/roveyayinevi.com.tr\/index.php\/urun\/hareket-iblisi-2\/"},"modified":"2026-04-16T02:26:25","modified_gmt":"2026-04-15T23:26:25","slug":"hareket-iblisi-2","status":"publish","type":"product","link":"https:\/\/roveyayinevi.com.tr\/index.php\/urun\/hareket-iblisi-2\/","title":{"rendered":"Hareket \u0130blisi"},"content":{"rendered":"<p>\u201cGrabi\u0144ski\u2019nin \u00f6yk\u00fcleri tutkulu, \u00e7arp\u0131c\u0131 ve sanr\u0131lar kadar canl\u0131. Bu kitaptaki \u00f6yk\u00fclerin her biri \u00f6zg\u00fcn; ve hi\u00e7biri ne \u00f6yk\u00fcn\u00fcn kendisinden ve karakterlerinden ne de felsefeden taviz veriyor. Hareket \u0130blisi tam manas\u0131yla muazzam bir eser.\u201dChina Mi\u00e9ville \u201cT\u00fcm b\u00fcy\u00fck korku yazarlar\u0131 gibi Grabi\u0144ski de bakt\u0131\u011f\u0131 \u015feylerin zehirli taraflar\u0131n\u0131 g\u00f6rm\u00fc\u015ft\u00fc. Demiryolu yolculu\u011funun romantik oldu\u011fu fikri, biri bu \u00f6yk\u00fcleri okuduktan sonra can \u00e7eki\u015fmeye ba\u015flar.\u201d Thomas Ligotti Kimilerine g\u00f6re \u201cPolonya\u2019n\u0131n Poe\u2019su\u201d kimilerine g\u00f6re ise \u201cPolonya\u2019n\u0131n Lovecraft\u2019\u0131\u201d olarak g\u00f6r\u00fclen Stefan Grabi\u0144ski, di\u011fer yazarlar\u0131n hen\u00fcz ke\u015fif a\u015famas\u0131nda oldu\u011fu karanl\u0131k fantazi t\u00fcr\u00fcnde kendi \u00fcslubunu kabul ettirmi\u015f ilk yazarlardand\u0131. \u00d6yk\u00fclerinde psikolojiyi, felsefeyi ve metafizi\u011fi s\u0131kl\u0131kla kullanan Grabi\u0144ski, kendi \u00f6yk\u00fclerine de \u201cpsikofantazi\u201d ya da \u201cmetafantazi\u201d denmesini istiyordu. \u0130lk kez 1919 y\u0131l\u0131nda kitap halinde yay\u0131mlanan ve \u00fcrk\u00fct\u00fcc\u00fc trenler, deli merd\u00fcmgirizler ile \u00e7\u0131\u011f\u0131r\u0131ndan \u00e7\u0131km\u0131\u015f makinistlerin oldu\u011fu \u00f6yk\u00fcleri bir araya getiren Hareket \u0130blisi, yazar\u0131n en \u00f6nemli kitab\u0131 olmas\u0131n\u0131n yan\u0131 s\u0131ra Stanislaw Lem, Robert Bloch, Thomas Ligotti ve China Mi\u00e9ville gibi isimleri de derinden etkiledi. <\/p>\n","protected":false},"excerpt":{"rendered":"<p>\u201cGrabi\u0144ski\u2019nin \u00f6yk\u00fcleri tutkulu, \u00e7arp\u0131c\u0131 ve sanr\u0131lar kadar canl\u0131. Bu kitaptaki \u00f6yk\u00fclerin her biri \u00f6zg\u00fcn; ve hi\u00e7biri ne \u00f6yk\u00fcn\u00fcn kendisinden ve karakterlerinden ne de felsefeden taviz veriyor.<span class=\"excerpt-hellip\"> [\u2026]<\/span><\/p>\n","protected":false},"featured_media":0,"template":"","meta":{"_monsterinsights_skip_tracking":false,"_monsterinsights_sitenote_active":false,"_monsterinsights_sitenote_note":"","_monsterinsights_sitenote_category":0},"product_brand":[],"product_cat":[12291,17033],"product_tag":[],"class_list":{"0":"post-718376","1":"product","2":"type-product","3":"status-publish","5":"product_cat-edebiyat","6":"product_cat-korku-gerilim","7":"pa_cilt-ciltsiz","8":"pa_tur-kitap","9":"pa_yayinevi-ithaki-yayinlari","10":"pa_yazar-stefan-grabinski","12":"first","13":"instock","14":"sale","15":"shipping-taxable","16":"purchasable","17":"product-type-simple"},"_links":{"self":[{"href":"https:\/\/roveyayinevi.com.tr\/index.php\/wp-json\/wp\/v2\/product\/718376","targetHints":{"allow":["GET"]}}],"collection":[{"href":"https:\/\/roveyayinevi.com.tr\/index.php\/wp-json\/wp\/v2\/product"}],"about":[{"href":"https:\/\/roveyayinevi.com.tr\/index.php\/wp-json\/wp\/v2\/types\/product"}],"wp:attachment":[{"href":"https:\/\/roveyayinevi.com.tr\/index.php\/wp-json\/wp\/v2\/media?parent=718376"}],"wp:term":[{"taxonomy":"product_brand","embeddable":true,"href":"https:\/\/roveyayinevi.com.tr\/index.php\/wp-json\/wp\/v2\/product_brand?post=718376"},{"taxonomy":"product_cat","embeddable":true,"href":"https:\/\/roveyayinevi.com.tr\/index.php\/wp-json\/wp\/v2\/product_cat?post=718376"},{"taxonomy":"product_tag","embeddable":true,"href":"https:\/\/roveyayinevi.com.tr\/index.php\/wp-json\/wp\/v2\/product_tag?post=718376"}],"curies":[{"name":"wp","href":"https:\/\/api.w.org\/{rel}","templated":true}]}}