{"id":718375,"date":"2025-08-27T18:07:37","date_gmt":"2025-08-27T15:07:37","guid":{"rendered":"https:\/\/roveyayinevi.com.tr\/index.php\/urun\/mundar-agaclar\/"},"modified":"2026-04-16T02:26:25","modified_gmt":"2026-04-15T23:26:25","slug":"mundar-agaclar","status":"publish","type":"product","link":"https:\/\/roveyayinevi.com.tr\/index.php\/urun\/mundar-agaclar\/","title":{"rendered":"Mundar A\u011fa\u00e7lar"},"content":{"rendered":"<p>&#8220;Adalet asl\u0131nda insan vicdan\u0131n\u0131n toplumsalla\u015fm\u0131\u015f hali bana g\u00f6re,herkesin kendi vicdan\u0131 var,herkesin i\u00e7inde kendi, terazisi var,her olay\u0131 o terazide tartar ve kendince do\u011fru yanl\u0131\u015f bir h\u00fck\u00fcm verir,bu vicdand\u0131r.Adalet ise o toplumdaki herkesin vicdanlar\u0131n\u0131n ortakla\u015ft\u0131r\u0131lmas\u0131d\u0131r.Ama vicdan\u0131 toplumsalla\u015ft\u0131rd\u0131\u011f\u0131n\u0131zda,ayn\u0131 zamanda vasatla\u015ft\u0131rm\u0131\u015f da olursunuz.&#8221;Bir kez daha &#8220;Nas\u0131l?&#8221; diye sorma s\u0131ras\u0131 ba\u015fsavc\u0131&#8217;dayd\u0131 bu sefer.&#8221;Asl\u0131nda \u00e7ok basit,toplumsalla\u015ft\u0131rd\u0131\u011f\u0131n\u0131z her \u015fey asl\u0131nda o toplumun ortalamas\u0131d\u0131r,herkesi ortak paydada bulu\u015fturmak i\u00e7in mecbursunuz.Pazarl\u0131k etmek gibi d\u00fc\u015f\u00fcn\u00fcn,sat\u0131c\u0131 be\u015f d\u00fc\u015fer,al\u0131c\u0131 \u00fc\u00e7 \u00e7\u0131kar,bir rakamda anla\u015f\u0131rlar,uzla\u015f\u0131 ancak orta yolu bulmakla olur,uzla\u015fma varsa orta yerde yani vasatta bulu\u015fulmu\u015f demektir.&#8221;S\u00fcrd\u00fcrd\u00fc konu\u015fmas\u0131n\u0131 Ali.&#8221;Her toplumda e\u011fitimli,zeki,d\u00fc\u015f\u00fcnen insanlar o toplumun en fazla y\u00fczde be\u015fini olu\u015ftururlar.\u00d6te yandan,e\u011fitimsiz,cahil,hayata dair bir beklentisi ,amac\u0131 olmayanlar da yine y\u00fczde be\u015f oran\u0131ndad\u0131rlar.Bunlardan biri toplum piramidinin tepesinde,di\u011feri dibinde bulunur.Ortada kalan y\u00fczde doksanl\u0131k k\u0131s\u0131mda ise,ortalama insanlar vard\u0131r.\u0130\u015fi g\u00fcc\u00fc olan,\u00e7oluk \u00e7ocuk sahibi,az bu\u00e7uk hayat\u0131,geli\u015fmeleri takip eden ama bir \u015feyleri de\u011fi\u015ftirmek i\u00e7in asla bir \u00e7abas\u0131 olmayan insanlar ve yine bu insanlar,gazete,radyo gibi kitle ileti\u015fim ara\u00e7lar\u0131yla toplumun en kolay ikna ikna edilebilen,en kolay y\u00f6nlendirilebilen,spek\u00fclasyona en a\u00e7\u0131k kesimidir.\u00c7\u00fcnk\u00fc \u00f6nlerine ne koyarsan\u0131z onu yerler.\u0130\u015fte toplumda bir uzla\u015f\u0131 gerekti\u011finde,bu toplum piramidinin tam ortas\u0131nda bulunan,yani cetveli vurdu\u011funuzda piramidin tam ortas\u0131na gelen yerdeki insanlar\u0131n dedi\u011fi olur.&#8221;<\/p>\n","protected":false},"excerpt":{"rendered":"<p>&#8220;Adalet asl\u0131nda insan vicdan\u0131n\u0131n toplumsalla\u015fm\u0131\u015f hali bana g\u00f6re,herkesin kendi vicdan\u0131 var,herkesin i\u00e7inde kendi, terazisi var,her olay\u0131 o terazide tartar ve kendince do\u011fru yanl\u0131\u015f bir h\u00fck\u00fcm verir,bu<span class=\"excerpt-hellip\"> [\u2026]<\/span><\/p>\n","protected":false},"featured_media":0,"template":"","meta":{"_monsterinsights_skip_tracking":false,"_monsterinsights_sitenote_active":false,"_monsterinsights_sitenote_note":"","_monsterinsights_sitenote_category":0},"product_brand":[],"product_cat":[12291,12711],"product_tag":[],"class_list":{"0":"post-718375","1":"product","2":"type-product","3":"status-publish","5":"product_cat-edebiyat","6":"product_cat-roman-oyku","7":"pa_cilt-ciltsiz","8":"pa_tur-kitap","9":"pa_yayinevi-sfk-yayincilik","10":"pa_yazar-murat-denizer","12":"first","13":"instock","14":"sale","15":"shipping-taxable","16":"purchasable","17":"product-type-simple"},"_links":{"self":[{"href":"https:\/\/roveyayinevi.com.tr\/index.php\/wp-json\/wp\/v2\/product\/718375","targetHints":{"allow":["GET"]}}],"collection":[{"href":"https:\/\/roveyayinevi.com.tr\/index.php\/wp-json\/wp\/v2\/product"}],"about":[{"href":"https:\/\/roveyayinevi.com.tr\/index.php\/wp-json\/wp\/v2\/types\/product"}],"wp:attachment":[{"href":"https:\/\/roveyayinevi.com.tr\/index.php\/wp-json\/wp\/v2\/media?parent=718375"}],"wp:term":[{"taxonomy":"product_brand","embeddable":true,"href":"https:\/\/roveyayinevi.com.tr\/index.php\/wp-json\/wp\/v2\/product_brand?post=718375"},{"taxonomy":"product_cat","embeddable":true,"href":"https:\/\/roveyayinevi.com.tr\/index.php\/wp-json\/wp\/v2\/product_cat?post=718375"},{"taxonomy":"product_tag","embeddable":true,"href":"https:\/\/roveyayinevi.com.tr\/index.php\/wp-json\/wp\/v2\/product_tag?post=718375"}],"curies":[{"name":"wp","href":"https:\/\/api.w.org\/{rel}","templated":true}]}}