{"id":718374,"date":"2025-08-27T18:07:36","date_gmt":"2025-08-27T15:07:36","guid":{"rendered":"https:\/\/roveyayinevi.com.tr\/index.php\/urun\/dost-kurtaran\/"},"modified":"2026-04-12T02:31:47","modified_gmt":"2026-04-11T23:31:47","slug":"dost-kurtaran","status":"publish","type":"product","link":"https:\/\/roveyayinevi.com.tr\/index.php\/urun\/dost-kurtaran\/","title":{"rendered":"Dost Kurtaran"},"content":{"rendered":"<p>Bir avu\u00e7 kimsesiz \u00e7ocu\u011fu, bir mahalle saklam\u0131\u015ft\u0131 her t\u00fcrl\u00fc tehlikeden. Y\u0131llar \u00f6nce dostunu kaybeden Kurtaran, nihayet mahallesine d\u00f6nm\u00fc\u015ft\u00fcr. Ancak hi\u00e7bir \u015fey giderken b\u0131rakt\u0131\u011f\u0131 gibi de\u011fildir. \u00d6zellikle de sevdaya olan inanc\u0131 ve y\u00fcre\u011fi\u2026 Geride b\u0131rakt\u0131\u011f\u0131 dostlar\u0131ndan bir aile kurmaya ve hayata yeniden tutunmaya \u00e7al\u0131\u015f\u0131rken, ka\u00e7t\u0131\u011f\u0131 bu mahallede asl\u0131nda hayat\u0131n\u0131 de\u011fi\u015ftirecek kad\u0131nla tan\u0131\u015f\u0131r. Birbirlerine d\u00fc\u015fman olan ama birbirini deli gibi seven iki insan\u2026 Kocaman bir dost ailesi\u2026 K\u00fc\u00e7\u00fcc\u00fck bir mahalle\u2026 Kaynayan dedikodu kazanlar\u0131\u2026 Yoksullu\u011fun k\u0131y\u0131s\u0131nda ye\u015feren hayatlar\u2026 Bizden, i\u00e7imizden bir hik\u00e2ye\u2026 <\/p>\n","protected":false},"excerpt":{"rendered":"<p>Bir avu\u00e7 kimsesiz \u00e7ocu\u011fu, bir mahalle saklam\u0131\u015ft\u0131 her t\u00fcrl\u00fc tehlikeden. Y\u0131llar \u00f6nce dostunu kaybeden Kurtaran, nihayet mahallesine d\u00f6nm\u00fc\u015ft\u00fcr. Ancak hi\u00e7bir \u015fey giderken b\u0131rakt\u0131\u011f\u0131 gibi de\u011fildir. \u00d6zellikle<span class=\"excerpt-hellip\"> [\u2026]<\/span><\/p>\n","protected":false},"featured_media":0,"template":"","meta":{"_monsterinsights_skip_tracking":false,"_monsterinsights_sitenote_active":false,"_monsterinsights_sitenote_note":"","_monsterinsights_sitenote_category":0},"product_brand":[],"product_cat":[12291,12711],"product_tag":[],"class_list":{"0":"post-718374","1":"product","2":"type-product","3":"status-publish","5":"product_cat-edebiyat","6":"product_cat-roman-oyku","7":"pa_cilt-ciltsiz","8":"pa_tur-kitap","9":"pa_yayinevi-muptela-yayinevi","10":"pa_yazar-funda-kinali","12":"first","13":"instock","14":"sale","15":"shipping-taxable","16":"purchasable","17":"product-type-simple"},"_links":{"self":[{"href":"https:\/\/roveyayinevi.com.tr\/index.php\/wp-json\/wp\/v2\/product\/718374","targetHints":{"allow":["GET"]}}],"collection":[{"href":"https:\/\/roveyayinevi.com.tr\/index.php\/wp-json\/wp\/v2\/product"}],"about":[{"href":"https:\/\/roveyayinevi.com.tr\/index.php\/wp-json\/wp\/v2\/types\/product"}],"wp:attachment":[{"href":"https:\/\/roveyayinevi.com.tr\/index.php\/wp-json\/wp\/v2\/media?parent=718374"}],"wp:term":[{"taxonomy":"product_brand","embeddable":true,"href":"https:\/\/roveyayinevi.com.tr\/index.php\/wp-json\/wp\/v2\/product_brand?post=718374"},{"taxonomy":"product_cat","embeddable":true,"href":"https:\/\/roveyayinevi.com.tr\/index.php\/wp-json\/wp\/v2\/product_cat?post=718374"},{"taxonomy":"product_tag","embeddable":true,"href":"https:\/\/roveyayinevi.com.tr\/index.php\/wp-json\/wp\/v2\/product_tag?post=718374"}],"curies":[{"name":"wp","href":"https:\/\/api.w.org\/{rel}","templated":true}]}}