{"id":718365,"date":"2025-08-27T18:07:30","date_gmt":"2025-08-27T15:07:30","guid":{"rendered":"https:\/\/roveyayinevi.com.tr\/index.php\/urun\/dava-11\/"},"modified":"2026-04-07T02:34:17","modified_gmt":"2026-04-06T23:34:17","slug":"dava-11","status":"publish","type":"product","link":"https:\/\/roveyayinevi.com.tr\/index.php\/urun\/dava-11\/","title":{"rendered":"Dava"},"content":{"rendered":"<p>Ne oldu\u011funu bilmedi\u011fi bir su\u00e7tan h\u00fck\u00fcm giyen Josef  K.\u2019n\u0131n b\u00fcrokrasiyle m\u00fccadelesini anlatan Dava, bug\u00fcne dek yazar\u0131n arkada\u015f\u0131 Max Brod\u2019un \u00f6ng\u00f6rd\u00fc\u011f\u00fc s\u0131ralamayla yay\u0131nlanm\u0131\u015ft\u0131. Yak\u0131n zaman \u00f6nce ar\u015fivlerde bulunan baz\u0131 elyazmalar\u0131 yeni bir s\u0131ralamay\u0131 gerekli k\u0131ld\u0131. Elinizdeki metin eski s\u0131ralamada g\u00f6z ard\u0131 edilen par\u00e7alar\u0131n as\u0131l yerlerine kavu\u015fmas\u0131yla olu\u015fturulmu\u015ftur ve bu anlamda T\u00fcrk\u00e7ede bir ilktir.<\/p>\n","protected":false},"excerpt":{"rendered":"<p>Ne oldu\u011funu bilmedi\u011fi bir su\u00e7tan h\u00fck\u00fcm giyen Josef K.\u2019n\u0131n b\u00fcrokrasiyle m\u00fccadelesini anlatan Dava, bug\u00fcne dek yazar\u0131n arkada\u015f\u0131 Max Brod\u2019un \u00f6ng\u00f6rd\u00fc\u011f\u00fc s\u0131ralamayla yay\u0131nlanm\u0131\u015ft\u0131. Yak\u0131n zaman \u00f6nce ar\u015fivlerde<span class=\"excerpt-hellip\"> [\u2026]<\/span><\/p>\n","protected":false},"featured_media":0,"template":"","meta":{"_monsterinsights_skip_tracking":false,"_monsterinsights_sitenote_active":false,"_monsterinsights_sitenote_note":"","_monsterinsights_sitenote_category":0},"product_brand":[],"product_cat":[12291,12711],"product_tag":[],"class_list":{"0":"post-718365","1":"product","2":"type-product","3":"status-publish","5":"product_cat-edebiyat","6":"product_cat-roman-oyku","7":"pa_cilt-ciltsiz","8":"pa_tur-kitap","9":"pa_yayinevi-turkuvaz-kitap","10":"pa_yazar-franz-kafka","12":"first","13":"instock","14":"sale","15":"shipping-taxable","16":"purchasable","17":"product-type-simple"},"_links":{"self":[{"href":"https:\/\/roveyayinevi.com.tr\/index.php\/wp-json\/wp\/v2\/product\/718365","targetHints":{"allow":["GET"]}}],"collection":[{"href":"https:\/\/roveyayinevi.com.tr\/index.php\/wp-json\/wp\/v2\/product"}],"about":[{"href":"https:\/\/roveyayinevi.com.tr\/index.php\/wp-json\/wp\/v2\/types\/product"}],"wp:attachment":[{"href":"https:\/\/roveyayinevi.com.tr\/index.php\/wp-json\/wp\/v2\/media?parent=718365"}],"wp:term":[{"taxonomy":"product_brand","embeddable":true,"href":"https:\/\/roveyayinevi.com.tr\/index.php\/wp-json\/wp\/v2\/product_brand?post=718365"},{"taxonomy":"product_cat","embeddable":true,"href":"https:\/\/roveyayinevi.com.tr\/index.php\/wp-json\/wp\/v2\/product_cat?post=718365"},{"taxonomy":"product_tag","embeddable":true,"href":"https:\/\/roveyayinevi.com.tr\/index.php\/wp-json\/wp\/v2\/product_tag?post=718365"}],"curies":[{"name":"wp","href":"https:\/\/api.w.org\/{rel}","templated":true}]}}