{"id":718363,"date":"2025-08-27T18:07:29","date_gmt":"2025-08-27T15:07:29","guid":{"rendered":"https:\/\/roveyayinevi.com.tr\/index.php\/urun\/vergi-ihtilaflarinin-cozum-rehberi\/"},"modified":"2026-04-16T02:26:24","modified_gmt":"2026-04-15T23:26:24","slug":"vergi-ihtilaflarinin-cozum-rehberi","status":"publish","type":"product","link":"https:\/\/roveyayinevi.com.tr\/index.php\/urun\/vergi-ihtilaflarinin-cozum-rehberi\/","title":{"rendered":"Vergi \u0130htilaflar\u0131n\u0131n \u00c7\u00f6z\u00fcm Rehberi"},"content":{"rendered":"<p>Vergi Mahkemesinde Dava A\u00e7ma, \u0130stinaf, Temyiz Tarh Edilen Vergi ve Kesilen Cezalara Kar\u015f\u0131 Dava S\u00fcre\u00e7leri Ka\u00e7ak\u00e7\u0131l\u0131k Su\u00e7lar\u0131 ve Cezalar\u0131 ile Dava S\u00fcre\u00e7leri \u0130htiyati Haciz, \u0130htiyati Tahakkuk, \u00d6deme Emri, Haciz ve Dava A\u00e7ma G\u00fcmr\u00fck Vergileri (Uzla\u015fma, \u0130tiraz, Dava A\u00e7ma) <\/p>\n","protected":false},"excerpt":{"rendered":"<p>Vergi Mahkemesinde Dava A\u00e7ma, \u0130stinaf, Temyiz Tarh Edilen Vergi ve Kesilen Cezalara Kar\u015f\u0131 Dava S\u00fcre\u00e7leri Ka\u00e7ak\u00e7\u0131l\u0131k Su\u00e7lar\u0131 ve Cezalar\u0131 ile Dava S\u00fcre\u00e7leri \u0130htiyati Haciz, \u0130htiyati Tahakkuk,<span class=\"excerpt-hellip\"> [\u2026]<\/span><\/p>\n","protected":false},"featured_media":0,"template":"","meta":{"_monsterinsights_skip_tracking":false,"_monsterinsights_sitenote_active":false,"_monsterinsights_sitenote_note":"","_monsterinsights_sitenote_category":0},"product_brand":[],"product_cat":[15350,17583],"product_tag":[],"class_list":{"0":"post-718363","1":"product","2":"type-product","3":"status-publish","5":"product_cat-hukuk","6":"product_cat-kanun-ve-uygulama-kitaplari","7":"pa_cilt-ciltsiz","8":"pa_tur-kitap","9":"pa_yayinevi-yade-yayinlari","10":"pa_yazar-aykut-gulec","12":"first","13":"instock","14":"sale","15":"shipping-taxable","16":"purchasable","17":"product-type-simple"},"_links":{"self":[{"href":"https:\/\/roveyayinevi.com.tr\/index.php\/wp-json\/wp\/v2\/product\/718363","targetHints":{"allow":["GET"]}}],"collection":[{"href":"https:\/\/roveyayinevi.com.tr\/index.php\/wp-json\/wp\/v2\/product"}],"about":[{"href":"https:\/\/roveyayinevi.com.tr\/index.php\/wp-json\/wp\/v2\/types\/product"}],"wp:attachment":[{"href":"https:\/\/roveyayinevi.com.tr\/index.php\/wp-json\/wp\/v2\/media?parent=718363"}],"wp:term":[{"taxonomy":"product_brand","embeddable":true,"href":"https:\/\/roveyayinevi.com.tr\/index.php\/wp-json\/wp\/v2\/product_brand?post=718363"},{"taxonomy":"product_cat","embeddable":true,"href":"https:\/\/roveyayinevi.com.tr\/index.php\/wp-json\/wp\/v2\/product_cat?post=718363"},{"taxonomy":"product_tag","embeddable":true,"href":"https:\/\/roveyayinevi.com.tr\/index.php\/wp-json\/wp\/v2\/product_tag?post=718363"}],"curies":[{"name":"wp","href":"https:\/\/api.w.org\/{rel}","templated":true}]}}