{"id":718360,"date":"2025-08-27T18:07:27","date_gmt":"2025-08-27T15:07:27","guid":{"rendered":"https:\/\/roveyayinevi.com.tr\/index.php\/urun\/cumhuriyetci-koylu-millet-partisinden-milliyetci-hareket-partisine\/"},"modified":"2026-03-11T02:45:30","modified_gmt":"2026-03-10T23:45:30","slug":"cumhuriyetci-koylu-millet-partisinden-milliyetci-hareket-partisine","status":"publish","type":"product","link":"https:\/\/roveyayinevi.com.tr\/index.php\/urun\/cumhuriyetci-koylu-millet-partisinden-milliyetci-hareket-partisine\/","title":{"rendered":"Cumhuriyet\u00e7i K\u00f6yl\u00fc Millet Partisi&#8217;nden Milliyet\u00e7i Hareket Partisi&#8217;ne"},"content":{"rendered":"<p>Cumhuriyet\u00e7i K\u00f6yl\u00fc Millet Partisi\u2019nden Milliyet\u00e7i Hareket Partisi\u2019ne isimli bu \u00e7al\u0131\u015fmada \u00f6ncelikle ordunun T\u00fcrk modernle\u015fmesi s\u00fcrecindeki \u201c\u00f6nc\u00fc\u201d rol\u00fcne at\u0131f yap\u0131lmas\u0131 suretiyle modern T\u00fcrk tarihinde \u201cordu-siyaset\u201d ili\u015fkisinin seyrine k\u0131saca de\u011finilmi\u015f ve \u00e7al\u0131\u015fman\u0131n merkezini te\u015fkil eden 27 May\u0131s d\u00f6nemi ve sonras\u0131nda ya\u015fanan geli\u015fmeler irdelenmi\u015ftir. Ayr\u0131ca, sivil siyasete geri d\u00f6n\u00fc\u015ften sonra meydana gelen 22 \u015eubat ve 21 May\u0131s hadiselerine temas edilmi\u015f ve 60\u2019l\u0131 y\u0131llarda mevcut olan partilere dair de k\u0131sa bilgiler aktar\u0131lm\u0131\u015ft\u0131r. \u00c7al\u0131\u015fman\u0131n ikinci b\u00f6l\u00fcm\u00fcnde ise T\u00fcrke\u015f ve arkada\u015flar\u0131n\u0131n 27 May\u0131s d\u00f6nemindeki faaliyetlerinden aktif siyasete d\u00e2hil olmaya \u201ckesin\u201d olarak karar vermesine kadar ge\u00e7ecek olan periyod \u201cmercek alt\u0131na\u201d al\u0131n\u0131rken, 13 Kas\u0131m hadisesi, 14\u2019ler olarak adland\u0131r\u0131lacak grubun faaliyetleri ve T\u00fcrke\u015f\u2019in yurda geri d\u00f6n\u00fc\u015f\u00fcnden sonra ya\u015fanan hadiseler tetkik edilmi\u015ftir. \u00c7al\u0131\u015fman\u0131n \u00fc\u00e7\u00fcnc\u00fc b\u00f6l\u00fcm\u00fc ise T\u00fcrke\u015f\u2019in \u201caktif siyasete\u201d iltihak\u0131ndan, liderli\u011fini yapaca\u011f\u0131 CKMP\u2019nin MHP ismini alaca\u011f\u0131 8-9 \u015eubat 1969 kongresine kadar olan d\u00f6nemi ihtiva etmi\u015ftir. T\u00fcrke\u015f ile birlikte \u201cCKMP\u2019nin h\u00fcviyetinin de\u011fi\u015fmesi\u201d, \u201cparti i\u00e7erisinde ya\u015fanan ihtilaflar\u201d, \u201cpartinin meclis faaliyetleri\u201d, \u201cpartinin meclis performans\u0131\u201d, \u201cpartinin bu d\u00f6nemde kat\u0131ld\u0131\u011f\u0131 se\u00e7imler\u201d, \u201cpartinin di\u011fer siyasi m\u00fcesseselerle olan m\u00fcnasebetleri\u201d, \u201cpartinin fikri\/siyasi d\u00f6n\u00fc\u015f\u00fcm\u00fc\u201d gibi konular, bu b\u00f6l\u00fcm\u00fcn temel olarak temas etti\u011fi hususlar\u0131 te\u015fkil etmi\u015ftir.Cumhuriyet sonras\u0131 siyas\u00ee tarihimizin m\u00fchim bir d\u00f6nemini teferruatl\u0131ca incelemesi bak\u0131m\u0131ndan alana katk\u0131 sa\u011flayan Dr. Ferit Salim Sanl\u0131, \u00e7al\u0131\u015fmas\u0131nda ayr\u0131ca d\u00f6nemin siyasi yelpazesinde CKMP\u2019nin konumu tespit etmeye \u00e7al\u0131\u015fm\u0131\u015f, partinin gen\u00e7lik ile olan m\u00fcnasebeti ve \u201cideolojisi\u201dni de incelemi\u015ftir.<\/p>\n","protected":false},"excerpt":{"rendered":"<p>Cumhuriyet\u00e7i K\u00f6yl\u00fc Millet Partisi\u2019nden Milliyet\u00e7i Hareket Partisi\u2019ne isimli bu \u00e7al\u0131\u015fmada \u00f6ncelikle ordunun T\u00fcrk modernle\u015fmesi s\u00fcrecindeki \u201c\u00f6nc\u00fc\u201d rol\u00fcne at\u0131f yap\u0131lmas\u0131 suretiyle modern T\u00fcrk tarihinde \u201cordu-siyaset\u201d ili\u015fkisinin seyrine<span class=\"excerpt-hellip\"> [\u2026]<\/span><\/p>\n","protected":false},"featured_media":0,"template":"","meta":{"_monsterinsights_skip_tracking":false,"_monsterinsights_sitenote_active":false,"_monsterinsights_sitenote_note":"","_monsterinsights_sitenote_category":0},"product_brand":[],"product_cat":[12337,14543],"product_tag":[],"class_list":{"0":"post-718360","1":"product","2":"type-product","3":"status-publish","5":"product_cat-politika-siyaset","6":"product_cat-turkiye-siyaseti-ve-politikasi","7":"pa_cilt-ciltsiz","8":"pa_tur-kitap","9":"pa_yayinevi-otuken-nesriyat","10":"pa_yazar-ferit-salim-sanli","12":"first","13":"instock","14":"sale","15":"shipping-taxable","16":"purchasable","17":"product-type-simple"},"_links":{"self":[{"href":"https:\/\/roveyayinevi.com.tr\/index.php\/wp-json\/wp\/v2\/product\/718360","targetHints":{"allow":["GET"]}}],"collection":[{"href":"https:\/\/roveyayinevi.com.tr\/index.php\/wp-json\/wp\/v2\/product"}],"about":[{"href":"https:\/\/roveyayinevi.com.tr\/index.php\/wp-json\/wp\/v2\/types\/product"}],"wp:attachment":[{"href":"https:\/\/roveyayinevi.com.tr\/index.php\/wp-json\/wp\/v2\/media?parent=718360"}],"wp:term":[{"taxonomy":"product_brand","embeddable":true,"href":"https:\/\/roveyayinevi.com.tr\/index.php\/wp-json\/wp\/v2\/product_brand?post=718360"},{"taxonomy":"product_cat","embeddable":true,"href":"https:\/\/roveyayinevi.com.tr\/index.php\/wp-json\/wp\/v2\/product_cat?post=718360"},{"taxonomy":"product_tag","embeddable":true,"href":"https:\/\/roveyayinevi.com.tr\/index.php\/wp-json\/wp\/v2\/product_tag?post=718360"}],"curies":[{"name":"wp","href":"https:\/\/api.w.org\/{rel}","templated":true}]}}