{"id":718359,"date":"2025-08-27T18:07:26","date_gmt":"2025-08-27T15:07:26","guid":{"rendered":"https:\/\/roveyayinevi.com.tr\/index.php\/urun\/en-sonunda-patrick-melrose-5-kitap\/"},"modified":"2026-04-16T02:26:24","modified_gmt":"2026-04-15T23:26:24","slug":"en-sonunda-patrick-melrose-5-kitap","status":"publish","type":"product","link":"https:\/\/roveyayinevi.com.tr\/index.php\/urun\/en-sonunda-patrick-melrose-5-kitap\/","title":{"rendered":"En Sonunda &#8211; Patrick Melrose 5. Kitap"},"content":{"rendered":"<p>Aile yak\u0131nlar\u0131, akrabalar ve d\u00fc\u015fmanlar annesini son yolculu\u011funa u\u011furlamak i\u00e7in topland\u0131\u011f\u0131nda, Patrick Melrose ebeveynsiz bir ya\u015fam\u0131n hep hayalini kurdu\u011fu \u00f6zg\u00fcrl\u00fc\u011f\u00fc getirip getirmeyece\u011fini d\u00fc\u015f\u00fcnmektedir.  Ancak defin t\u00f6reninin ard\u0131ndan aile fertlerinin son bir kez bir araya geldi\u011fi, sosyal a\u00e7\u0131dan hassasiyetler ve korkularla dolu bulu\u015fmada, birbirini izleyen sessizlik ve g\u00fcr\u00fclt\u00fclerin aras\u0131nda, Patrick en sonunda yeni bir ak\u0131nt\u0131n\u0131n, yeni bir t\u00fcr selamet ihtimalinin varl\u0131\u011f\u0131n\u0131 hissetmeye ba\u015flar.Edward St. Aubyn\u2019in dizi filme de uyarlanan \u00e7ok \u00f6d\u00fcll\u00fc, yar\u0131 otobiyografik \u201cPatrick Melrose\u201d romanlar\u0131, hem incelikli \u00fcslubu ve ironisi hem de insanc\u0131l duyarl\u0131l\u0131\u011f\u0131yla dikkat \u00e7ekiyor. 1960\u2019larda ba\u015flayan romanlar Melrose\u2019 un travmatik \u00e7ocuklu\u011funu, 1980\u2019lerin New York\u2019undaki bunal\u0131ml\u0131 gen\u00e7lik g\u00fcnlerini ve 2000\u2019li y\u0131llar\u0131n \u0130ngiltere\u2019sindeki olgunluk d\u00f6nemini anlatarak bir ku\u015fa\u011f\u0131n panoramas\u0131n\u0131 sergiliyor. Ayn\u0131 anda hem epik hem samimi, hem \u015fa\u015f\u0131rt\u0131c\u0131 hem n\u00fcktedan Melrose romanlar\u0131n\u0131n hepsi birer ba\u015fyap\u0131t.Maggie O\u2019Farrell<\/p>\n","protected":false},"excerpt":{"rendered":"<p>Aile yak\u0131nlar\u0131, akrabalar ve d\u00fc\u015fmanlar annesini son yolculu\u011funa u\u011furlamak i\u00e7in topland\u0131\u011f\u0131nda, Patrick Melrose ebeveynsiz bir ya\u015fam\u0131n hep hayalini kurdu\u011fu \u00f6zg\u00fcrl\u00fc\u011f\u00fc getirip getirmeyece\u011fini d\u00fc\u015f\u00fcnmektedir. Ancak defin t\u00f6reninin<span class=\"excerpt-hellip\"> [\u2026]<\/span><\/p>\n","protected":false},"featured_media":0,"template":"","meta":{"_monsterinsights_skip_tracking":false,"_monsterinsights_sitenote_active":false,"_monsterinsights_sitenote_note":"","_monsterinsights_sitenote_category":0},"product_brand":[],"product_cat":[12291,12711],"product_tag":[],"class_list":{"0":"post-718359","1":"product","2":"type-product","3":"status-publish","5":"product_cat-edebiyat","6":"product_cat-roman-oyku","7":"pa_cilt-ciltsiz","8":"pa_tur-kitap","9":"pa_yayinevi-can-yayinlari","10":"pa_yazar-edward-st-aubyn","12":"first","13":"instock","14":"sale","15":"shipping-taxable","16":"purchasable","17":"product-type-simple"},"_links":{"self":[{"href":"https:\/\/roveyayinevi.com.tr\/index.php\/wp-json\/wp\/v2\/product\/718359","targetHints":{"allow":["GET"]}}],"collection":[{"href":"https:\/\/roveyayinevi.com.tr\/index.php\/wp-json\/wp\/v2\/product"}],"about":[{"href":"https:\/\/roveyayinevi.com.tr\/index.php\/wp-json\/wp\/v2\/types\/product"}],"wp:attachment":[{"href":"https:\/\/roveyayinevi.com.tr\/index.php\/wp-json\/wp\/v2\/media?parent=718359"}],"wp:term":[{"taxonomy":"product_brand","embeddable":true,"href":"https:\/\/roveyayinevi.com.tr\/index.php\/wp-json\/wp\/v2\/product_brand?post=718359"},{"taxonomy":"product_cat","embeddable":true,"href":"https:\/\/roveyayinevi.com.tr\/index.php\/wp-json\/wp\/v2\/product_cat?post=718359"},{"taxonomy":"product_tag","embeddable":true,"href":"https:\/\/roveyayinevi.com.tr\/index.php\/wp-json\/wp\/v2\/product_tag?post=718359"}],"curies":[{"name":"wp","href":"https:\/\/api.w.org\/{rel}","templated":true}]}}