{"id":718357,"date":"2025-08-27T18:07:25","date_gmt":"2025-08-27T15:07:25","guid":{"rendered":"https:\/\/roveyayinevi.com.tr\/index.php\/urun\/turk-dunyasi-kulturu-2\/"},"modified":"2026-04-16T02:26:24","modified_gmt":"2026-04-15T23:26:24","slug":"turk-dunyasi-kulturu-2","status":"publish","type":"product","link":"https:\/\/roveyayinevi.com.tr\/index.php\/urun\/turk-dunyasi-kulturu-2\/","title":{"rendered":"T\u00fcrk D\u00fcnyas\u0131 K\u00fclt\u00fcr\u00fc 2"},"content":{"rendered":"<p>T\u00fcrk d\u00fcnyas\u0131n\u0131n herhangi bir y\u00f6resinde olu\u015fan bir k\u00fclt\u00fcr unsuru benimsendik\u00e7e \/ sahiplenildik\u00e7e zamanla \u00fclke genelinde yayg\u0131nla\u015fabilmekte, \u00fclke genelinden de co\u011frafya yak\u0131nl\u0131\u011f\u0131 olan di\u011fer T\u00fcrk \u00fclkelerine ve T\u00fcrk\u00e7enin konu\u015fuldu\u011fu b\u00f6lge \u00fclkelerine yay\u0131labilmektedir. Bu \u015fekilde ortaya \u00e7\u0131kan ve benimsenerek \/ sahiplenilerek yay\u0131lan ortak k\u00fclt\u00fcr unsurlar\u0131 T\u00fcrk k\u00fclt\u00fcr d\u00fcnyas\u0131n\u0131 olu\u015fturur. De\u011fi\u015fik leh\u00e7e, \u015five ve a\u011f\u0131zlar\u0131 olsa da ortak bir dil (T\u00fcrk\u00e7e), uyguland\u0131\u011f\u0131 y\u00f6relere ve \u00fclkelere g\u00f6re \u00e7e\u015fitlense de ortak \u00f6zellikler ta\u015f\u0131yan t\u00f6re, gelenek ve g\u00f6renekler; din ve ahl\u00e2k anlay\u0131\u015flar\u0131; kabuller ve inan\u0131\u015flar; t\u00f6renler ve davran\u0131\u015flar; \u00fcretim ve t\u00fcketim bi\u00e7imleri, sanat ve edebiyat, tarih \u015fuuru ve birlikte ya\u015fama k\u00fclt\u00fcr\u00fc gibi de\u011ferler birli\u011finden olu\u015fan T\u00fcrk k\u00fclt\u00fcr d\u00fcnyas\u0131, T\u00fcrk d\u00fcnyas\u0131 k\u00fclt\u00fcr\u00fcn\u00fc olu\u015fturur. T\u00fcrk milleti taraf\u0131ndan olu\u015fturulan s\u00f6zl\u00fc k\u00fclt\u00fcr ve edebiyat kaynakl\u0131 bu ortak k\u00fclt\u00fcr, T\u00fcrk milli k\u00fclt\u00fcr\u00fcn\u00fcn de temelidir. Ba\u015fka bir deyi\u015fle, T\u00fcrk kimli\u011fini olu\u015fturan ve T\u00fcrk milletini \u015fekillendiren as\u0131l unsur da bu ortak k\u00fclt\u00fcr, yani T\u00fcrk d\u00fcnyas\u0131 k\u00fclt\u00fcr\u00fcd\u00fcr. T\u00fcrk d\u00fcnyas\u0131 k\u00fclt\u00fcr\u00fc, bug\u00fcn \u201cT\u00fcrk D\u00fcnyas\u0131\u201d olarak adland\u0131r\u0131lan T\u00fcrk ve akraba topluluklar\u0131n\u0131 birbirine yak\u0131nla\u015ft\u0131ran as\u0131l k\u00f6pr\u00fcd\u00fcr.T\u00fcrk D\u00fcnyas\u0131 K\u00fclt\u00fcr\u00fc 1 &#8216;in devam\u0131 olan bu kitab\u0131n T\u00fcrk halk bilimi alan\u0131nda uzmanla\u015fanlara, T\u00fcrk Dili ve Edebiyat\u0131 b\u00f6l\u00fcm\u00fc \u00f6\u011frencilerine ve T\u00fcrk d\u00fcnyas\u0131 k\u00fclt\u00fcr\u00fcne ilgi duyan herkese yararl\u0131 olmas\u0131 beklenmektedir.<\/p>\n","protected":false},"excerpt":{"rendered":"<p>T\u00fcrk d\u00fcnyas\u0131n\u0131n herhangi bir y\u00f6resinde olu\u015fan bir k\u00fclt\u00fcr unsuru benimsendik\u00e7e \/ sahiplenildik\u00e7e zamanla \u00fclke genelinde yayg\u0131nla\u015fabilmekte, \u00fclke genelinden de co\u011frafya yak\u0131nl\u0131\u011f\u0131 olan di\u011fer T\u00fcrk \u00fclkelerine ve<span class=\"excerpt-hellip\"> [\u2026]<\/span><\/p>\n","protected":false},"featured_media":0,"template":"","meta":{"_monsterinsights_skip_tracking":false,"_monsterinsights_sitenote_active":false,"_monsterinsights_sitenote_note":"","_monsterinsights_sitenote_category":0},"product_brand":[],"product_cat":[12304,13650],"product_tag":[],"class_list":{"0":"post-718357","1":"product","2":"type-product","3":"status-publish","5":"product_cat-tarih","6":"product_cat-turk-tarihi-arastirmalari","7":"pa_cilt-ciltsiz","8":"pa_tur-kitap","9":"pa_yayinevi-otuken-nesriyat","10":"pa_yazar-bayram-durbilmez","12":"first","13":"instock","14":"sale","15":"shipping-taxable","16":"purchasable","17":"product-type-simple"},"_links":{"self":[{"href":"https:\/\/roveyayinevi.com.tr\/index.php\/wp-json\/wp\/v2\/product\/718357","targetHints":{"allow":["GET"]}}],"collection":[{"href":"https:\/\/roveyayinevi.com.tr\/index.php\/wp-json\/wp\/v2\/product"}],"about":[{"href":"https:\/\/roveyayinevi.com.tr\/index.php\/wp-json\/wp\/v2\/types\/product"}],"wp:attachment":[{"href":"https:\/\/roveyayinevi.com.tr\/index.php\/wp-json\/wp\/v2\/media?parent=718357"}],"wp:term":[{"taxonomy":"product_brand","embeddable":true,"href":"https:\/\/roveyayinevi.com.tr\/index.php\/wp-json\/wp\/v2\/product_brand?post=718357"},{"taxonomy":"product_cat","embeddable":true,"href":"https:\/\/roveyayinevi.com.tr\/index.php\/wp-json\/wp\/v2\/product_cat?post=718357"},{"taxonomy":"product_tag","embeddable":true,"href":"https:\/\/roveyayinevi.com.tr\/index.php\/wp-json\/wp\/v2\/product_tag?post=718357"}],"curies":[{"name":"wp","href":"https:\/\/api.w.org\/{rel}","templated":true}]}}