{"id":718355,"date":"2025-08-27T18:07:23","date_gmt":"2025-08-27T15:07:23","guid":{"rendered":"https:\/\/roveyayinevi.com.tr\/index.php\/urun\/savasci\/"},"modified":"2026-04-16T02:26:24","modified_gmt":"2026-04-15T23:26:24","slug":"savasci","status":"publish","type":"product","link":"https:\/\/roveyayinevi.com.tr\/index.php\/urun\/savasci\/","title":{"rendered":"Sava\u015f\u00e7\u0131"},"content":{"rendered":"<p>\u0130nsan\u0131 ba\u015far\u0131ya ula\u015ft\u0131ran \u015fey hedefleridir. Her hedef ula\u015f\u0131labilirdir; yeter ki disiplini, kararl\u0131l\u0131\u011f\u0131 ve istikrar\u0131 hayat\u0131m\u0131z\u0131n merkezine koyal\u0131m. Vermek zorunda kald\u0131\u011f\u0131m m\u00fccadeleler ve ailemin bana daha iyi imk\u00e2nlar sunam\u0131yor olu\u015fu, standart bir Amerikal\u0131 siyahi adam hayat\u0131 ya\u015famam\u0131 ve bu ya\u015fam\u0131 hakl\u0131 \u00e7\u0131karmam\u0131 sa\u011flayacak bahanelerimin olmas\u0131n\u0131 m\u00fcmk\u00fcn k\u0131lard\u0131 asl\u0131nda.   Hatalar yapt\u0131m. Ama neyse ki en b\u00fcy\u00fck hatam \u00f6l\u00fcmc\u00fcl de\u011fildi. Biliyorum, gelecekte sahip olaca\u011f\u0131m ba\u015far\u0131ya do\u011fru ilerlerken daha az bedel \u00f6deyebilirdim belki; ama ne yaz\u0131k ki biraz a\u011f\u0131r bir bedeli oldu her \u015feyin. Ben yine de t\u00fcm bunlar\u0131 yanl\u0131\u015f yolda gitmenin sonu\u00e7lar\u0131 olarak de\u011ferlendirmeyi tercih ettim. Tehlikelerle dolu bir \u00e7evrede yoksulluk i\u00e7inde b\u00fcy\u00fcmek, her \u015feyi zor yoldan \u00f6\u011frenmeme neden olmu\u015ftu.   \u015eimdi art\u0131k benim hik\u00e2yemi tamamen benim perspektifimden ve benim ger\u00e7eklerimle \u00f6\u011freneceksiniz. \u00c7\u00fcnk\u00fc size bor\u00e7lu oldu\u011fum \u015feylerden birinin de hik\u00e2yemi payla\u015fmak oldu\u011funa inan\u0131yorum. Payla\u015ft\u0131klar\u0131m\u0131n, i\u00e7inde bulundu\u011fu \u015fartlar m\u00fcsaade etmiyor gibi g\u00f6r\u00fcnse de kendine <\/p>\n","protected":false},"excerpt":{"rendered":"<p>\u0130nsan\u0131 ba\u015far\u0131ya ula\u015ft\u0131ran \u015fey hedefleridir. Her hedef ula\u015f\u0131labilirdir; yeter ki disiplini, kararl\u0131l\u0131\u011f\u0131 ve istikrar\u0131 hayat\u0131m\u0131z\u0131n merkezine koyal\u0131m. Vermek zorunda kald\u0131\u011f\u0131m m\u00fccadeleler ve ailemin bana daha iyi<span class=\"excerpt-hellip\"> [\u2026]<\/span><\/p>\n","protected":false},"featured_media":0,"template":"","meta":{"_monsterinsights_skip_tracking":false,"_monsterinsights_sitenote_active":false,"_monsterinsights_sitenote_note":"","_monsterinsights_sitenote_category":0},"product_brand":[],"product_cat":[14009,12291],"product_tag":[],"class_list":{"0":"post-718355","1":"product","2":"type-product","3":"status-publish","5":"product_cat-biyografi-otobiyografi-edebiyat","6":"product_cat-edebiyat","7":"pa_cilt-ciltsiz","8":"pa_tur-kitap","9":"pa_yayinevi-nemesis-kitap","10":"pa_yazar-bobby-dixon","12":"first","13":"instock","14":"sale","15":"shipping-taxable","16":"purchasable","17":"product-type-simple"},"_links":{"self":[{"href":"https:\/\/roveyayinevi.com.tr\/index.php\/wp-json\/wp\/v2\/product\/718355","targetHints":{"allow":["GET"]}}],"collection":[{"href":"https:\/\/roveyayinevi.com.tr\/index.php\/wp-json\/wp\/v2\/product"}],"about":[{"href":"https:\/\/roveyayinevi.com.tr\/index.php\/wp-json\/wp\/v2\/types\/product"}],"wp:attachment":[{"href":"https:\/\/roveyayinevi.com.tr\/index.php\/wp-json\/wp\/v2\/media?parent=718355"}],"wp:term":[{"taxonomy":"product_brand","embeddable":true,"href":"https:\/\/roveyayinevi.com.tr\/index.php\/wp-json\/wp\/v2\/product_brand?post=718355"},{"taxonomy":"product_cat","embeddable":true,"href":"https:\/\/roveyayinevi.com.tr\/index.php\/wp-json\/wp\/v2\/product_cat?post=718355"},{"taxonomy":"product_tag","embeddable":true,"href":"https:\/\/roveyayinevi.com.tr\/index.php\/wp-json\/wp\/v2\/product_tag?post=718355"}],"curies":[{"name":"wp","href":"https:\/\/api.w.org\/{rel}","templated":true}]}}