{"id":718354,"date":"2025-08-27T18:07:23","date_gmt":"2025-08-27T15:07:23","guid":{"rendered":"https:\/\/roveyayinevi.com.tr\/index.php\/urun\/meltem-ile-uras-uzayi-kesfediyor\/"},"modified":"2026-04-16T02:26:24","modified_gmt":"2026-04-15T23:26:24","slug":"meltem-ile-uras-uzayi-kesfediyor","status":"publish","type":"product","link":"https:\/\/roveyayinevi.com.tr\/index.php\/urun\/meltem-ile-uras-uzayi-kesfediyor\/","title":{"rendered":"Meltem \u0130le Uras Uzay\u0131 Ke\u015ffediyor"},"content":{"rendered":"<p>Meltem ile Uras, hava karard\u0131\u011f\u0131nda d\u00fcrb\u00fcnle g\u00f6ky\u00fcz\u00fcn\u00fc incelemeye ba\u015flarlar. Y\u0131ld\u0131zlar\u0131 ve Ay\u2019\u0131 g\u00f6r\u00fcp uzayda ke\u015ffedilecek \u00e7ok \u015fey oldu\u011funu d\u00fc\u015f\u00fcn\u00fcrler. Zaman kaybetmeden bir roket yaparak Ay\u2019a do\u011fru yolculu\u011fa \u00e7\u0131karlar. <\/p>\n","protected":false},"excerpt":{"rendered":"<p>Meltem ile Uras, hava karard\u0131\u011f\u0131nda d\u00fcrb\u00fcnle g\u00f6ky\u00fcz\u00fcn\u00fc incelemeye ba\u015flarlar. Y\u0131ld\u0131zlar\u0131 ve Ay\u2019\u0131 g\u00f6r\u00fcp uzayda ke\u015ffedilecek \u00e7ok \u015fey oldu\u011funu d\u00fc\u015f\u00fcn\u00fcrler. Zaman kaybetmeden bir roket yaparak Ay\u2019a do\u011fru<span class=\"excerpt-hellip\"> [\u2026]<\/span><\/p>\n","protected":false},"featured_media":0,"template":"","meta":{"_monsterinsights_skip_tracking":false,"_monsterinsights_sitenote_active":false,"_monsterinsights_sitenote_note":"","_monsterinsights_sitenote_category":0},"product_brand":[],"product_cat":[12274,12518],"product_tag":[],"class_list":{"0":"post-718354","1":"product","2":"type-product","3":"status-publish","5":"product_cat-cocuk-ve-genclik-kitaplari","6":"product_cat-okul-oncesi-kitaplar","7":"pa_cilt-ciltsiz","8":"pa_tur-kitap","9":"pa_yayinevi-is-bankasi-kultur-yayinlari","10":"pa_yazar-maria-breuer","12":"first","13":"instock","14":"sale","15":"shipping-taxable","16":"purchasable","17":"product-type-simple"},"_links":{"self":[{"href":"https:\/\/roveyayinevi.com.tr\/index.php\/wp-json\/wp\/v2\/product\/718354","targetHints":{"allow":["GET"]}}],"collection":[{"href":"https:\/\/roveyayinevi.com.tr\/index.php\/wp-json\/wp\/v2\/product"}],"about":[{"href":"https:\/\/roveyayinevi.com.tr\/index.php\/wp-json\/wp\/v2\/types\/product"}],"wp:attachment":[{"href":"https:\/\/roveyayinevi.com.tr\/index.php\/wp-json\/wp\/v2\/media?parent=718354"}],"wp:term":[{"taxonomy":"product_brand","embeddable":true,"href":"https:\/\/roveyayinevi.com.tr\/index.php\/wp-json\/wp\/v2\/product_brand?post=718354"},{"taxonomy":"product_cat","embeddable":true,"href":"https:\/\/roveyayinevi.com.tr\/index.php\/wp-json\/wp\/v2\/product_cat?post=718354"},{"taxonomy":"product_tag","embeddable":true,"href":"https:\/\/roveyayinevi.com.tr\/index.php\/wp-json\/wp\/v2\/product_tag?post=718354"}],"curies":[{"name":"wp","href":"https:\/\/api.w.org\/{rel}","templated":true}]}}