{"id":718350,"date":"2025-08-27T18:07:20","date_gmt":"2025-08-27T15:07:20","guid":{"rendered":"https:\/\/roveyayinevi.com.tr\/index.php\/urun\/tarim-sektorunde-kadin-emegi\/"},"modified":"2026-04-16T02:26:24","modified_gmt":"2026-04-15T23:26:24","slug":"tarim-sektorunde-kadin-emegi","status":"publish","type":"product","link":"https:\/\/roveyayinevi.com.tr\/index.php\/urun\/tarim-sektorunde-kadin-emegi\/","title":{"rendered":"Tar\u0131m Sekt\u00f6r\u00fcnde Kad\u0131n Eme\u011fi"},"content":{"rendered":"<p>1.B\u00f6l\u00fcm Kad\u0131n Eme\u011fi   2.B\u00f6l\u00fcm D\u00fcnyada Kad\u0131n Eme\u011fi T\u00fcrkiye&#8217;de Kad\u0131n Eme\u011fi   3.B\u00f6l\u00fcm Ara\u015ft\u0131rma Bulgular\u0131 Ara\u015ft\u0131rma Alan\u0131 Hakk\u0131nda Genel Bilgiler Ara\u015ft\u0131rman\u0131n Y\u00f6ntemi G\u00fcndo\u011fdu ve Damlata\u015f K\u00f6ylerinde Faaliyet G\u00f6steren Tar\u0131m \u0130\u015fletmelerine \u0130li\u015fkin Bulgular F\u0131nd\u0131k \u00dcretiminde Kad\u0131n Eme\u011fi \u00c7eltik \u00dcretiminde Kad\u0131n Eme\u011fi Sebze \u00dcretiminde Kad\u0131n Eme\u011fi Ara\u015ft\u0131rma Alan\u0131nda G\u00f6r\u00fc\u015f\u00fclen Kad\u0131nlara \u0130li\u015fkin Toplumsal Cinsiyet Bulgular\u0131 \u00c7ar\u015famba Ovas\u0131&#8217;nda F\u0131nd\u0131k Tar\u0131m\u0131nda Mevsimlik Tar\u0131m \u0130\u015f\u00e7isi Olarak \u00c7al\u0131\u015fan Kad\u0131nlara \u0130li\u015fkin Toplumsal Cinsiyet Bulgular\u0131   4.B\u00f6l\u00fcm Ara\u015ft\u0131rma Alan\u0131ndan Kad\u0131n Hikayeleri <\/p>\n","protected":false},"excerpt":{"rendered":"<p>1.B\u00f6l\u00fcm Kad\u0131n Eme\u011fi 2.B\u00f6l\u00fcm D\u00fcnyada Kad\u0131n Eme\u011fi T\u00fcrkiye&#8217;de Kad\u0131n Eme\u011fi 3.B\u00f6l\u00fcm Ara\u015ft\u0131rma Bulgular\u0131 Ara\u015ft\u0131rma Alan\u0131 Hakk\u0131nda Genel Bilgiler Ara\u015ft\u0131rman\u0131n Y\u00f6ntemi G\u00fcndo\u011fdu ve Damlata\u015f K\u00f6ylerinde Faaliyet G\u00f6steren<span class=\"excerpt-hellip\"> [\u2026]<\/span><\/p>\n","protected":false},"featured_media":0,"template":"","meta":{"_monsterinsights_skip_tracking":false,"_monsterinsights_sitenote_active":false,"_monsterinsights_sitenote_note":"","_monsterinsights_sitenote_category":0},"product_brand":[],"product_cat":[12325,12324],"product_tag":[],"class_list":{"0":"post-718350","1":"product","2":"type-product","3":"status-publish","5":"product_cat-diger-sosyoloji","6":"product_cat-sosyoloji","7":"pa_cilt-ciltsiz","8":"pa_tur-kitap","9":"pa_yayinevi-gazi-kitabevi","10":"pa_yazar-isil-alkan","12":"first","13":"instock","14":"sale","15":"shipping-taxable","16":"purchasable","17":"product-type-simple"},"_links":{"self":[{"href":"https:\/\/roveyayinevi.com.tr\/index.php\/wp-json\/wp\/v2\/product\/718350","targetHints":{"allow":["GET"]}}],"collection":[{"href":"https:\/\/roveyayinevi.com.tr\/index.php\/wp-json\/wp\/v2\/product"}],"about":[{"href":"https:\/\/roveyayinevi.com.tr\/index.php\/wp-json\/wp\/v2\/types\/product"}],"wp:attachment":[{"href":"https:\/\/roveyayinevi.com.tr\/index.php\/wp-json\/wp\/v2\/media?parent=718350"}],"wp:term":[{"taxonomy":"product_brand","embeddable":true,"href":"https:\/\/roveyayinevi.com.tr\/index.php\/wp-json\/wp\/v2\/product_brand?post=718350"},{"taxonomy":"product_cat","embeddable":true,"href":"https:\/\/roveyayinevi.com.tr\/index.php\/wp-json\/wp\/v2\/product_cat?post=718350"},{"taxonomy":"product_tag","embeddable":true,"href":"https:\/\/roveyayinevi.com.tr\/index.php\/wp-json\/wp\/v2\/product_tag?post=718350"}],"curies":[{"name":"wp","href":"https:\/\/api.w.org\/{rel}","templated":true}]}}