{"id":718349,"date":"2025-08-27T18:07:19","date_gmt":"2025-08-27T15:07:19","guid":{"rendered":"https:\/\/roveyayinevi.com.tr\/index.php\/urun\/istanbul-ve-bogazici\/"},"modified":"2026-04-16T02:26:24","modified_gmt":"2026-04-15T23:26:24","slug":"istanbul-ve-bogazici","status":"publish","type":"product","link":"https:\/\/roveyayinevi.com.tr\/index.php\/urun\/istanbul-ve-bogazici\/","title":{"rendered":"\u0130stanbul ve Bo\u011fazi\u00e7i"},"content":{"rendered":"<p>1847-1858 y\u0131llar\u0131 aras\u0131nda Anadolu\u2019yu ba\u015ftan ba\u015fa gezen Pierre de Tchihatchef 19. y\u00fczy\u0131l\u0131n \u00e7\u0131\u011f\u0131r a\u00e7an jeologlar\u0131ndan biridir. Sekiz ciltlik Asie Mineure (K\u00fc\u00e7\u00fck Asya) adl\u0131 dev eseri bu gezinin \u00fcr\u00fcn\u00fcd\u00fcr. \u0130stanbul\u2019a ilk kez 1845 y\u0131l\u0131nda Rus el\u00e7ili\u011finde ata\u015fe olarak gelen Tchihatchef Bo\u011fazi\u00e7i\u2019ne ayr\u0131 bir ilgi g\u00f6sterir. B\u00f6lgeyi geni\u015f bir \u00e7er\u00e7evede ele alarak Adalar\u2019\u0131, Bitinya\u2019y\u0131, Trakya ve Kocaeli\u2019yi de yapt\u0131\u011f\u0131 incelemelere dahil eder. \u0130stanbul\u2019un fiziki yap\u0131s\u0131, iklimi, bitki \u00f6rt\u00fcs\u00fc, hayvanlar\u0131 ve sular\u0131 hakk\u0131nda da detayl\u0131 g\u00f6zlemlerde bulunan yazar, Strabon, Homeros gibi Antik\u00e7a\u011f yazarlar\u0131n\u0131n aktard\u0131\u011f\u0131 bilgileri, hik\u00e2yeleri, efsaneleri de anlat\u0131s\u0131na katarak bizi zaman i\u00e7inde keyifli bir yolculu\u011fa \u00e7\u0131kar\u0131yor. \u0130stanbul ve Bo\u011fazi\u00e7i, yaz\u0131ld\u0131\u011f\u0131 d\u00f6neme dair k\u0131ymetli bilgilerin yan\u0131 s\u0131ra, i\u00e7erdi\u011fi \u00e7ok say\u0131da g\u00f6rsel malzeme ve b\u00fcy\u00fck \u00f6l\u00e7ekli bir Bo\u011fazi\u00e7i haritas\u0131yla 170 y\u0131l \u00f6ncesinin \u0130stanbul ve Bo\u011fazi\u00e7i\u2019ni g\u00f6z\u00fcm\u00fczde canland\u0131rmam\u0131z\u0131 sa\u011fl\u0131yor. <\/p>\n","protected":false},"excerpt":{"rendered":"<p>1847-1858 y\u0131llar\u0131 aras\u0131nda Anadolu\u2019yu ba\u015ftan ba\u015fa gezen Pierre de Tchihatchef 19. y\u00fczy\u0131l\u0131n \u00e7\u0131\u011f\u0131r a\u00e7an jeologlar\u0131ndan biridir. Sekiz ciltlik Asie Mineure (K\u00fc\u00e7\u00fck Asya) adl\u0131 dev eseri bu<span class=\"excerpt-hellip\"> [\u2026]<\/span><\/p>\n","protected":false},"featured_media":0,"template":"","meta":{"_monsterinsights_skip_tracking":false,"_monsterinsights_sitenote_active":false,"_monsterinsights_sitenote_note":"","_monsterinsights_sitenote_category":0},"product_brand":[],"product_cat":[12370,12304],"product_tag":[],"class_list":{"0":"post-718349","1":"product","2":"type-product","3":"status-publish","5":"product_cat-arastirma-inceleme","6":"product_cat-tarih","7":"pa_cilt-ciltsiz","8":"pa_tur-kitap","9":"pa_yayinevi-is-bankasi-kultur-yayinlari","10":"pa_yazar-pierre-de-tchihatchef","12":"first","13":"instock","14":"sale","15":"shipping-taxable","16":"purchasable","17":"product-type-simple"},"_links":{"self":[{"href":"https:\/\/roveyayinevi.com.tr\/index.php\/wp-json\/wp\/v2\/product\/718349","targetHints":{"allow":["GET"]}}],"collection":[{"href":"https:\/\/roveyayinevi.com.tr\/index.php\/wp-json\/wp\/v2\/product"}],"about":[{"href":"https:\/\/roveyayinevi.com.tr\/index.php\/wp-json\/wp\/v2\/types\/product"}],"wp:attachment":[{"href":"https:\/\/roveyayinevi.com.tr\/index.php\/wp-json\/wp\/v2\/media?parent=718349"}],"wp:term":[{"taxonomy":"product_brand","embeddable":true,"href":"https:\/\/roveyayinevi.com.tr\/index.php\/wp-json\/wp\/v2\/product_brand?post=718349"},{"taxonomy":"product_cat","embeddable":true,"href":"https:\/\/roveyayinevi.com.tr\/index.php\/wp-json\/wp\/v2\/product_cat?post=718349"},{"taxonomy":"product_tag","embeddable":true,"href":"https:\/\/roveyayinevi.com.tr\/index.php\/wp-json\/wp\/v2\/product_tag?post=718349"}],"curies":[{"name":"wp","href":"https:\/\/api.w.org\/{rel}","templated":true}]}}