{"id":718346,"date":"2025-08-27T18:07:17","date_gmt":"2025-08-27T15:07:17","guid":{"rendered":"https:\/\/roveyayinevi.com.tr\/index.php\/urun\/cihana-hukmeden-sultan-tarihte-iz-birakanlar-kanuni-sultan-suleyman\/"},"modified":"2026-04-16T02:26:24","modified_gmt":"2026-04-15T23:26:24","slug":"cihana-hukmeden-sultan-tarihte-iz-birakanlar-kanuni-sultan-suleyman","status":"publish","type":"product","link":"https:\/\/roveyayinevi.com.tr\/index.php\/urun\/cihana-hukmeden-sultan-tarihte-iz-birakanlar-kanuni-sultan-suleyman\/","title":{"rendered":"Cihana H\u00fckmeden Sultan &#8211; Tarihte \u0130z B\u0131rakanlar Kanuni Sultan S\u00fcleyman"},"content":{"rendered":"<p>Onlar sadece T\u00fcrklerin de\u011fil, d\u00fcnyan\u0131n gelece\u011fine y\u00f6n vermi\u015f liderlerdi. Ba\u015far\u0131lar\u0131yla tarihe isimlerini alt\u0131n harflerle yazd\u0131rd\u0131lar. \u0130\u015fte b\u00fct\u00fcn y\u00f6nleriyle tarihte iz b\u0131rakanlar.Kanuni Sultan S\u00fcleyman tahta \u00e7\u0131kt\u0131\u011f\u0131nda Osmanl\u0131, d\u00fcnyan\u0131n en zengin ve en g\u00fc\u00e7l\u00fc devletiydi. 46 y\u0131l padi\u015fahl\u0131k yapan ve seferden sefere ko\u015fan Sultan S\u00fcleyman d\u00f6neminde Osmanl\u0131, en ihti\u015faml\u0131 y\u0131llar\u0131n\u0131 ya\u015fad\u0131. Bat\u0131\u2019da ona duyulan sayg\u0131 ve hayranl\u0131k nedeniyle &#8220;Muhte\u015fem S\u00fcleyman&#8221;, Do\u011fu\u2019da ise adaletli y\u00f6netiminden dolay\u0131 &#8220;Kanuni&#8221; olarak an\u0131ld\u0131.<\/p>\n","protected":false},"excerpt":{"rendered":"<p>Onlar sadece T\u00fcrklerin de\u011fil, d\u00fcnyan\u0131n gelece\u011fine y\u00f6n vermi\u015f liderlerdi. Ba\u015far\u0131lar\u0131yla tarihe isimlerini alt\u0131n harflerle yazd\u0131rd\u0131lar. \u0130\u015fte b\u00fct\u00fcn y\u00f6nleriyle tarihte iz b\u0131rakanlar.Kanuni Sultan S\u00fcleyman tahta \u00e7\u0131kt\u0131\u011f\u0131nda Osmanl\u0131,<span class=\"excerpt-hellip\"> [\u2026]<\/span><\/p>\n","protected":false},"featured_media":0,"template":"","meta":{"_monsterinsights_skip_tracking":false,"_monsterinsights_sitenote_active":false,"_monsterinsights_sitenote_note":"","_monsterinsights_sitenote_category":0},"product_brand":[],"product_cat":[13946,12304],"product_tag":[],"class_list":{"0":"post-718346","1":"product","2":"type-product","3":"status-publish","5":"product_cat-biyografi-otobiyografi","6":"product_cat-tarih","7":"pa_cilt-ciltsiz","8":"pa_tur-kitap","9":"pa_yayinevi-beyaz-balina-yayinlari","10":"pa_yazar-tuna-duran","12":"first","13":"instock","14":"sale","15":"shipping-taxable","16":"purchasable","17":"product-type-simple"},"_links":{"self":[{"href":"https:\/\/roveyayinevi.com.tr\/index.php\/wp-json\/wp\/v2\/product\/718346","targetHints":{"allow":["GET"]}}],"collection":[{"href":"https:\/\/roveyayinevi.com.tr\/index.php\/wp-json\/wp\/v2\/product"}],"about":[{"href":"https:\/\/roveyayinevi.com.tr\/index.php\/wp-json\/wp\/v2\/types\/product"}],"wp:attachment":[{"href":"https:\/\/roveyayinevi.com.tr\/index.php\/wp-json\/wp\/v2\/media?parent=718346"}],"wp:term":[{"taxonomy":"product_brand","embeddable":true,"href":"https:\/\/roveyayinevi.com.tr\/index.php\/wp-json\/wp\/v2\/product_brand?post=718346"},{"taxonomy":"product_cat","embeddable":true,"href":"https:\/\/roveyayinevi.com.tr\/index.php\/wp-json\/wp\/v2\/product_cat?post=718346"},{"taxonomy":"product_tag","embeddable":true,"href":"https:\/\/roveyayinevi.com.tr\/index.php\/wp-json\/wp\/v2\/product_tag?post=718346"}],"curies":[{"name":"wp","href":"https:\/\/api.w.org\/{rel}","templated":true}]}}