{"id":718343,"date":"2025-08-27T18:07:15","date_gmt":"2025-08-27T15:07:15","guid":{"rendered":"https:\/\/roveyayinevi.com.tr\/index.php\/urun\/dervisin-yolu-2-her-gece-bir-dua\/"},"modified":"2026-04-16T02:26:24","modified_gmt":"2026-04-15T23:26:24","slug":"dervisin-yolu-2-her-gece-bir-dua","status":"publish","type":"product","link":"https:\/\/roveyayinevi.com.tr\/index.php\/urun\/dervisin-yolu-2-her-gece-bir-dua\/","title":{"rendered":"Dervi\u015fin Yolu 2 ; Her Gece Bir Dua"},"content":{"rendered":"<p>D\u00fcnya, bir \u201ca\u015fa\u011f\u0131-yer\u201ddir insan i\u00e7in. G\u00f6vdesi s\u0131\u011far ama g\u00f6nl\u00fc s\u0131\u011fmaz d\u00fcnyaya. Bedenini a\u011f\u0131rlar ama ruhuna a\u011f\u0131r gelir. Kal\u0131b\u0131n\u0131 besler ama kalbini a\u00e7 b\u0131rak\u0131r. Her sevda bir veday\u0131 besler. Vuslatlar hasretleri do\u011furur. Kavu\u015fmalardan ayr\u0131l\u0131k kokusu gelir. Sanc\u0131lar do\u011furur insan. Yak\u0131c\u0131 \u00e2h\u2019lar\u0131 k\u00f6zler g\u00f6nl\u00fcnde. \u201cMeryem gibi, kendini sanc\u0131yla do\u011furmak ister insan\u201d diyor Senai Demirci. Terapist olarak insan\u0131n i\u00e7 ac\u0131lar\u0131n\u0131 ke\u015ffederek, insan olman\u0131n gizli a\u011fr\u0131lar\u0131n\u0131 duyarak yaz\u0131yor dualar\u0131. Kli\u015fe metinleri tekrarlamak yerine; insan\u0131n ate\u015fli tela\u015flar\u0131na refakat ediyor, varolu\u015fsal sanc\u0131lar\u0131n\u0131 dua diye okuyor. \u00c7eli\u015fkilerden, k\u0131r\u0131kl\u0131klardan, d\u00fc\u015f\u00fc\u015flerden, vefas\u0131zl\u0131klardan yana yak\u0131la, avu\u00e7 i\u00e7ine \u00e7izilmi\u015f \u00e7izgileri g\u00f6steriyor. Bedeli \u00f6denmi\u015f s\u00f6zleri, ac\u0131s\u0131 \u00e7ekilmi\u015f \u015fiirleri de duan\u0131n parantezine al\u0131yor. D\u00fcnya gecesinin siy\/\u00e2h\u0131n\u0131 okuyor, ebedi sabah \u00fcmidini canl\u0131 tutuyor. Her renkten her dilden her milletten insan\u0131 ayn\u0131 duan\u0131n avu\u00e7lar\u0131na koyuyor. <\/p>\n","protected":false},"excerpt":{"rendered":"<p>D\u00fcnya, bir \u201ca\u015fa\u011f\u0131-yer\u201ddir insan i\u00e7in. G\u00f6vdesi s\u0131\u011far ama g\u00f6nl\u00fc s\u0131\u011fmaz d\u00fcnyaya. Bedenini a\u011f\u0131rlar ama ruhuna a\u011f\u0131r gelir. Kal\u0131b\u0131n\u0131 besler ama kalbini a\u00e7 b\u0131rak\u0131r. Her sevda bir<span class=\"excerpt-hellip\"> [\u2026]<\/span><\/p>\n","protected":false},"featured_media":0,"template":"","meta":{"_monsterinsights_skip_tracking":false,"_monsterinsights_sitenote_active":false,"_monsterinsights_sitenote_note":"","_monsterinsights_sitenote_category":0},"product_brand":[],"product_cat":[12718,12719,15238],"product_tag":[],"class_list":{"0":"post-718343","1":"product","2":"type-product","3":"status-publish","5":"product_cat-din","6":"product_cat-islam","7":"product_cat-tasavvuf","8":"pa_cilt-ciltsiz","9":"pa_tur-kitap","10":"pa_yayinevi-hayykitap","11":"pa_yazar-senai-demirci","13":"first","14":"instock","15":"sale","16":"shipping-taxable","17":"purchasable","18":"product-type-simple"},"_links":{"self":[{"href":"https:\/\/roveyayinevi.com.tr\/index.php\/wp-json\/wp\/v2\/product\/718343","targetHints":{"allow":["GET"]}}],"collection":[{"href":"https:\/\/roveyayinevi.com.tr\/index.php\/wp-json\/wp\/v2\/product"}],"about":[{"href":"https:\/\/roveyayinevi.com.tr\/index.php\/wp-json\/wp\/v2\/types\/product"}],"wp:attachment":[{"href":"https:\/\/roveyayinevi.com.tr\/index.php\/wp-json\/wp\/v2\/media?parent=718343"}],"wp:term":[{"taxonomy":"product_brand","embeddable":true,"href":"https:\/\/roveyayinevi.com.tr\/index.php\/wp-json\/wp\/v2\/product_brand?post=718343"},{"taxonomy":"product_cat","embeddable":true,"href":"https:\/\/roveyayinevi.com.tr\/index.php\/wp-json\/wp\/v2\/product_cat?post=718343"},{"taxonomy":"product_tag","embeddable":true,"href":"https:\/\/roveyayinevi.com.tr\/index.php\/wp-json\/wp\/v2\/product_tag?post=718343"}],"curies":[{"name":"wp","href":"https:\/\/api.w.org\/{rel}","templated":true}]}}