{"id":718342,"date":"2025-08-27T18:07:14","date_gmt":"2025-08-27T15:07:14","guid":{"rendered":"https:\/\/roveyayinevi.com.tr\/index.php\/urun\/tanrica-mitleri\/"},"modified":"2026-04-16T02:26:24","modified_gmt":"2026-04-15T23:26:24","slug":"tanrica-mitleri","status":"publish","type":"product","link":"https:\/\/roveyayinevi.com.tr\/index.php\/urun\/tanrica-mitleri\/","title":{"rendered":"Tanr\u0131\u00e7a Mitleri"},"content":{"rendered":"<p>Du\u0308nyadaki her \u015feye hu\u0308kmeden, her \u015feyi veren ve her \u015feyi alan ki onlard\u0131. Modern zaman dinlerinde, psikolojide ve bilimde isimleri an\u0131ld\u0131, efsaneleri anlat\u0131ld\u0131. Kadim zamanlar\u0131n bereketli, do\u011furgan Toprak Analar\u0131ndan modern zaman cad\u0131lar\u0131na; \u00f6lu\u0308mu\u0308n k\u0131rba\u00e7lar\u0131n\u0131 sevgi sanc\u0131lar\u0131 olarak yorumlayan Vika\u2019dan, Tanr\u0131\u2019n\u0131n kayras\u0131na eren Meryem\u2019e kadar sevilen, korkulan, merhamet dilenen, avunulan, tap\u0131lan, bazen y\u0131ld\u0131z gibi parlayan ama bazen insanl\u0131\u011f\u0131n u\u0308zerine karanl\u0131klar salan Tanr\u0131\u00e7alar\u0131n \u00f6yku\u0308su\u0308du\u0308r bu kitap&#8230;  David Leeming ve Jake Page\u2019in en \u00f6nemli efsaneleri en anla\u015f\u0131l\u0131r ve incelikli bir dille anlatt\u0131klar\u0131 Tanr\u0131\u00e7a Mitleri, tarih\u00f6ncesinden gu\u0308nu\u0308mu\u0308ze dek an\u0131lan Tanr\u0131\u00e7alardan bir ge\u00e7it resmi sunuyor okura.Karanl\u0131k ve ayd\u0131nl\u0131k. Buz ve ate\u015f. Somluk ve ruh. Zaman\u0131n d\u00f6nu\u0308\u015fu\u0308. Ba\u011fr\u0131 geni\u015f toprak ve onu saran g\u00f6kler. Ya\u015fam\u0131n ivedili\u011fi, devinim, a\u00e7\u0131l\u0131p bu\u0308yu\u0308me, varl\u0131\u011f\u0131n ezgisi; ru\u0308zg\u00e2r\u0131n g\u00f6ru\u0308nmez solu\u011fu, ac\u0131, \u00f6lu\u0308m sessizli\u011fi. Hepsi, onun \u015fi\u015fmi\u015f \u0131slak derinliklerinden, kendi ta\u015f\u0131d\u0131\u011f\u0131 gu\u0308ne\u015f \u0131\u015f\u0131\u011f\u0131na \u00e7\u0131k\u0131p g\u00f6ru\u0308lu\u0308r, yeni ba\u015ftan g\u00f6ru\u0308lmek i\u00e7in ona geri d\u00f6ner; her g\u00f6ru\u0308nu\u0308\u015f, onun kendi zevki i\u00e7in \u015fekil verdi\u011fi kendi varl\u0131\u011f\u0131ndan ne az\u0131 ne de fazlas\u0131d\u0131r. <\/p>\n","protected":false},"excerpt":{"rendered":"<p>Du\u0308nyadaki her \u015feye hu\u0308kmeden, her \u015feyi veren ve her \u015feyi alan ki onlard\u0131. Modern zaman dinlerinde, psikolojide ve bilimde isimleri an\u0131ld\u0131, efsaneleri anlat\u0131ld\u0131. Kadim zamanlar\u0131n bereketli,<span class=\"excerpt-hellip\"> [\u2026]<\/span><\/p>\n","protected":false},"featured_media":0,"template":"","meta":{"_monsterinsights_skip_tracking":false,"_monsterinsights_sitenote_active":false,"_monsterinsights_sitenote_note":"","_monsterinsights_sitenote_category":0},"product_brand":[],"product_cat":[12718,12858],"product_tag":[],"class_list":{"0":"post-718342","1":"product","2":"type-product","3":"status-publish","5":"product_cat-din","6":"product_cat-mitolojiler","7":"pa_cilt-ciltsiz","8":"pa_tur-kitap","9":"pa_yayinevi-say-yayinlari","10":"pa_yazar-david-leeming-jake-page","12":"first","13":"instock","14":"sale","15":"shipping-taxable","16":"purchasable","17":"product-type-simple"},"_links":{"self":[{"href":"https:\/\/roveyayinevi.com.tr\/index.php\/wp-json\/wp\/v2\/product\/718342","targetHints":{"allow":["GET"]}}],"collection":[{"href":"https:\/\/roveyayinevi.com.tr\/index.php\/wp-json\/wp\/v2\/product"}],"about":[{"href":"https:\/\/roveyayinevi.com.tr\/index.php\/wp-json\/wp\/v2\/types\/product"}],"wp:attachment":[{"href":"https:\/\/roveyayinevi.com.tr\/index.php\/wp-json\/wp\/v2\/media?parent=718342"}],"wp:term":[{"taxonomy":"product_brand","embeddable":true,"href":"https:\/\/roveyayinevi.com.tr\/index.php\/wp-json\/wp\/v2\/product_brand?post=718342"},{"taxonomy":"product_cat","embeddable":true,"href":"https:\/\/roveyayinevi.com.tr\/index.php\/wp-json\/wp\/v2\/product_cat?post=718342"},{"taxonomy":"product_tag","embeddable":true,"href":"https:\/\/roveyayinevi.com.tr\/index.php\/wp-json\/wp\/v2\/product_tag?post=718342"}],"curies":[{"name":"wp","href":"https:\/\/api.w.org\/{rel}","templated":true}]}}