{"id":718341,"date":"2025-08-27T18:07:14","date_gmt":"2025-08-27T15:07:14","guid":{"rendered":"https:\/\/roveyayinevi.com.tr\/index.php\/urun\/yonetim-101\/"},"modified":"2026-04-16T02:26:24","modified_gmt":"2026-04-15T23:26:24","slug":"yonetim-101","status":"publish","type":"product","link":"https:\/\/roveyayinevi.com.tr\/index.php\/urun\/yonetim-101\/","title":{"rendered":"Y\u00f6netim 101"},"content":{"rendered":"<p>Bir i\u015fletmenin ba\u015far\u0131l\u0131 olmas\u0131 i\u00e7in etkili personel y\u00f6netimi \u015fartt\u0131r. Y\u00f6neticilik ile ilgili kitaplar genellikle en iyi uygulamalar\u0131n ayr\u0131nt\u0131lar\u0131n\u0131 \u00f6yle s\u0131k\u0131c\u0131 \u015fekilde ele al\u0131r ki, en uyan\u0131k CEO\u2019nun bile uykusunu getirir. Y\u00f6netim 101 bu tu\u0308r s\u0131k\u0131c\u0131 a\u00e7\u0131klamalar\u0131 bir kenara itiyor ve ger\u00e7ek deneyimleri baz al\u0131yor. Personelinizi hem u\u0308retken hem de mutlu k\u0131larak \u015firketinizi, departman\u0131n\u0131z\u0131 ya da ekibinizi nas\u0131l y\u00f6netece\u011finizi ad\u0131m ad\u0131m size g\u00f6steriyor. \u0130\u015fe alma, i\u015ften \u00e7\u0131karma, yetki devretme ve yol g\u00f6sterme gibi \u00f6nemli meselelerden, raporlama, sunum yapma ve telefon ya da e-posta trafi\u011fiyle ba\u015fa \u00e7\u0131kma gibi ikinci planda kalan meselelere dek pek \u00e7ok alanda sizi ayd\u0131nlat\u0131yor. Tu\u0308m sorular\u0131n\u0131z\u0131n yan\u0131tlar\u0131 Y\u00f6netim 101\u2019de. <\/p>\n","protected":false},"excerpt":{"rendered":"<p>Bir i\u015fletmenin ba\u015far\u0131l\u0131 olmas\u0131 i\u00e7in etkili personel y\u00f6netimi \u015fartt\u0131r. Y\u00f6neticilik ile ilgili kitaplar genellikle en iyi uygulamalar\u0131n ayr\u0131nt\u0131lar\u0131n\u0131 \u00f6yle s\u0131k\u0131c\u0131 \u015fekilde ele al\u0131r ki, en uyan\u0131k<span class=\"excerpt-hellip\"> [\u2026]<\/span><\/p>\n","protected":false},"featured_media":0,"template":"","meta":{"_monsterinsights_skip_tracking":false,"_monsterinsights_sitenote_active":false,"_monsterinsights_sitenote_note":"","_monsterinsights_sitenote_category":0},"product_brand":[],"product_cat":[13043,19008],"product_tag":[],"class_list":{"0":"post-718341","1":"product","2":"type-product","3":"status-publish","5":"product_cat-ekonomi","6":"product_cat-yonetim","7":"pa_cilt-ciltsiz","8":"pa_tur-kitap","9":"pa_yayinevi-say-yayinlari","10":"pa_yazar-stephen-soundering","12":"first","13":"instock","14":"sale","15":"shipping-taxable","16":"purchasable","17":"product-type-simple"},"_links":{"self":[{"href":"https:\/\/roveyayinevi.com.tr\/index.php\/wp-json\/wp\/v2\/product\/718341","targetHints":{"allow":["GET"]}}],"collection":[{"href":"https:\/\/roveyayinevi.com.tr\/index.php\/wp-json\/wp\/v2\/product"}],"about":[{"href":"https:\/\/roveyayinevi.com.tr\/index.php\/wp-json\/wp\/v2\/types\/product"}],"wp:attachment":[{"href":"https:\/\/roveyayinevi.com.tr\/index.php\/wp-json\/wp\/v2\/media?parent=718341"}],"wp:term":[{"taxonomy":"product_brand","embeddable":true,"href":"https:\/\/roveyayinevi.com.tr\/index.php\/wp-json\/wp\/v2\/product_brand?post=718341"},{"taxonomy":"product_cat","embeddable":true,"href":"https:\/\/roveyayinevi.com.tr\/index.php\/wp-json\/wp\/v2\/product_cat?post=718341"},{"taxonomy":"product_tag","embeddable":true,"href":"https:\/\/roveyayinevi.com.tr\/index.php\/wp-json\/wp\/v2\/product_tag?post=718341"}],"curies":[{"name":"wp","href":"https:\/\/api.w.org\/{rel}","templated":true}]}}