{"id":718340,"date":"2025-08-27T18:07:13","date_gmt":"2025-08-27T15:07:13","guid":{"rendered":"https:\/\/roveyayinevi.com.tr\/index.php\/urun\/adan-zye-felsefe\/"},"modified":"2026-04-16T02:26:24","modified_gmt":"2026-04-15T23:26:24","slug":"adan-zye-felsefe","status":"publish","type":"product","link":"https:\/\/roveyayinevi.com.tr\/index.php\/urun\/adan-zye-felsefe\/","title":{"rendered":"A&#8217;dan Z&#8217;ye Felsefe"},"content":{"rendered":"<p>Ge\u00e7mi\u015fi M\u00d6 yedinci yu\u0308zy\u0131la dayanan felsefe, bir zamanlar matematikle, geometriyle, t\u0131pla ve hatta mitolojiyle i\u00e7 i\u00e7eydi. Filozoflar \u00e7o\u011funlukla hem \u015fifac\u0131 hem de kendilerini hayat\u0131 anlamland\u0131rmaya adam\u0131\u015f rehberler olarak kabul edilirlerdi. Peki, nas\u0131l oldu da felsefe bu\u0308tu\u0308n disiplinleri kapsayan bir alanken yu\u0308zlerce alt alana b\u00f6lu\u0308ndu\u0308? Felsefi du\u0308\u015fu\u0308nceyle tarihte iz b\u0131rakm\u0131\u015f filozoflar\u0131n ilgin\u00e7 hik\u00e2yelerini birle\u015ftiren A\u2019dan Z\u2019ye Felsefe, 1000\u2019den fazla soruya verilmi\u015f kapsaml\u0131 yan\u0131tlarla sizi bilgelik ve hakikatin pe\u015findeki Pre-Sokratik d\u00f6nem filozoflar\u0131ndan analitik felsefenin temsilcilerine dek su\u0308ren bir felsefe tarihi yolculu\u011funa \u00e7\u0131kar\u0131yor. Bu yolculukta, insanl\u0131\u011f\u0131n du\u0308\u015fu\u0308nce sisteminin nas\u0131l de\u011fi\u015fip geli\u015fti\u011fini g\u00f6zlemlerken eski\u00e7a\u011fdan R\u00f6nesans\u2019a, Ayd\u0131nlanmadan postmodern d\u00f6neme, felsefenin a\u015ft\u0131\u011f\u0131 bu\u0308tu\u0308n engelleri yak\u0131ndan tan\u0131ma f\u0131rsat\u0131n\u0131 bulacaks\u0131n\u0131z.<\/p>\n","protected":false},"excerpt":{"rendered":"<p>Ge\u00e7mi\u015fi M\u00d6 yedinci yu\u0308zy\u0131la dayanan felsefe, bir zamanlar matematikle, geometriyle, t\u0131pla ve hatta mitolojiyle i\u00e7 i\u00e7eydi. Filozoflar \u00e7o\u011funlukla hem \u015fifac\u0131 hem de kendilerini hayat\u0131 anlamland\u0131rmaya adam\u0131\u015f<span class=\"excerpt-hellip\"> [\u2026]<\/span><\/p>\n","protected":false},"featured_media":0,"template":"","meta":{"_monsterinsights_skip_tracking":false,"_monsterinsights_sitenote_active":false,"_monsterinsights_sitenote_note":"","_monsterinsights_sitenote_category":0},"product_brand":[],"product_cat":[12388,13555],"product_tag":[],"class_list":{"0":"post-718340","1":"product","2":"type-product","3":"status-publish","5":"product_cat-felsefe","6":"product_cat-genel-felsefe","7":"pa_cilt-ciltsiz","8":"pa_tur-kitap","9":"pa_yayinevi-say-yayinlari","10":"pa_yazar-naomi-zack","12":"first","13":"instock","14":"sale","15":"shipping-taxable","16":"purchasable","17":"product-type-simple"},"_links":{"self":[{"href":"https:\/\/roveyayinevi.com.tr\/index.php\/wp-json\/wp\/v2\/product\/718340","targetHints":{"allow":["GET"]}}],"collection":[{"href":"https:\/\/roveyayinevi.com.tr\/index.php\/wp-json\/wp\/v2\/product"}],"about":[{"href":"https:\/\/roveyayinevi.com.tr\/index.php\/wp-json\/wp\/v2\/types\/product"}],"wp:attachment":[{"href":"https:\/\/roveyayinevi.com.tr\/index.php\/wp-json\/wp\/v2\/media?parent=718340"}],"wp:term":[{"taxonomy":"product_brand","embeddable":true,"href":"https:\/\/roveyayinevi.com.tr\/index.php\/wp-json\/wp\/v2\/product_brand?post=718340"},{"taxonomy":"product_cat","embeddable":true,"href":"https:\/\/roveyayinevi.com.tr\/index.php\/wp-json\/wp\/v2\/product_cat?post=718340"},{"taxonomy":"product_tag","embeddable":true,"href":"https:\/\/roveyayinevi.com.tr\/index.php\/wp-json\/wp\/v2\/product_tag?post=718340"}],"curies":[{"name":"wp","href":"https:\/\/api.w.org\/{rel}","templated":true}]}}