{"id":718339,"date":"2025-08-27T18:07:12","date_gmt":"2025-08-27T15:07:12","guid":{"rendered":"https:\/\/roveyayinevi.com.tr\/index.php\/urun\/calismak-mi-eglenmek-mi-dusunme-cemberi-4\/"},"modified":"2026-04-12T02:31:46","modified_gmt":"2026-04-11T23:31:46","slug":"calismak-mi-eglenmek-mi-dusunme-cemberi-4","status":"publish","type":"product","link":"https:\/\/roveyayinevi.com.tr\/index.php\/urun\/calismak-mi-eglenmek-mi-dusunme-cemberi-4\/","title":{"rendered":"\u00c7al\u0131\u015fmak m\u0131 E\u011flenmek mi? &#8211; D\u00fc\u015f\u00fcnme \u00c7emberi 4"},"content":{"rendered":"<p>Herkesin birlikte \u00e7al\u0131\u015f\u0131p birlikte tu\u0308ketti\u011fi \u00c7al\u0131\u015f adl\u0131 k\u00f6yu\u0308n halk\u0131 \u00f6nemli bir karar\u0131n e\u015fi\u011finde. \u00c7u\u0308nku\u0308 k\u00f6yde, \u00e7al\u0131\u015fmak istemeyip sadece gitar \u00e7al\u0131p \u015fark\u0131 s\u00f6ylemek isteyen biri var. Ne dersiniz? Gitar \u00e7al\u0131p \u015fark\u0131 s\u00f6ylemek de \u00e7al\u0131\u015fmak say\u0131l\u0131r m\u0131? Biri \u00e7ocuk kitaplar\u0131 yazar\u0131, di\u011feri felsefeci olan iki yazar\u0131n kaleminden \u00e7\u0131kan \u201cDu\u0308\u015fu\u0308nme \u00c7emberi\u201d kitap dizisinde heyecanl\u0131 tart\u0131\u015fmalar yap\u0131l\u0131yor. P4C (\u00c7ocuklar \u0130\u00e7in Felsefe) tekni\u011fiyle, \u00e7ocuklarla yap\u0131lan at\u00f6lye \u00e7al\u0131\u015fmalar\u0131ndan esinlenerek yaz\u0131lan kitaplarda, tart\u0131\u015fmalara okuyucunun da kat\u0131lmas\u0131 sa\u011flanarak felsefi kavramlara do\u011fru birlikte yol al\u0131n\u0131yor. <\/p>\n","protected":false},"excerpt":{"rendered":"<p>Herkesin birlikte \u00e7al\u0131\u015f\u0131p birlikte tu\u0308ketti\u011fi \u00c7al\u0131\u015f adl\u0131 k\u00f6yu\u0308n halk\u0131 \u00f6nemli bir karar\u0131n e\u015fi\u011finde. \u00c7u\u0308nku\u0308 k\u00f6yde, \u00e7al\u0131\u015fmak istemeyip sadece gitar \u00e7al\u0131p \u015fark\u0131 s\u00f6ylemek isteyen biri var. Ne<span class=\"excerpt-hellip\"> [\u2026]<\/span><\/p>\n","protected":false},"featured_media":0,"template":"","meta":{"_monsterinsights_skip_tracking":false,"_monsterinsights_sitenote_active":false,"_monsterinsights_sitenote_note":"","_monsterinsights_sitenote_category":0},"product_brand":[],"product_cat":[12275,12274],"product_tag":[],"class_list":{"0":"post-718339","1":"product","2":"type-product","3":"status-publish","5":"product_cat-6-12-yas-kitaplari","6":"product_cat-cocuk-ve-genclik-kitaplari","7":"pa_cilt-ciltsiz","8":"pa_tur-kitap","9":"pa_yayinevi-say-yayinlari","10":"pa_yazar-yilmaz-murat-bilican-nergis-seli","12":"first","13":"instock","14":"sale","15":"shipping-taxable","16":"purchasable","17":"product-type-simple"},"_links":{"self":[{"href":"https:\/\/roveyayinevi.com.tr\/index.php\/wp-json\/wp\/v2\/product\/718339","targetHints":{"allow":["GET"]}}],"collection":[{"href":"https:\/\/roveyayinevi.com.tr\/index.php\/wp-json\/wp\/v2\/product"}],"about":[{"href":"https:\/\/roveyayinevi.com.tr\/index.php\/wp-json\/wp\/v2\/types\/product"}],"wp:attachment":[{"href":"https:\/\/roveyayinevi.com.tr\/index.php\/wp-json\/wp\/v2\/media?parent=718339"}],"wp:term":[{"taxonomy":"product_brand","embeddable":true,"href":"https:\/\/roveyayinevi.com.tr\/index.php\/wp-json\/wp\/v2\/product_brand?post=718339"},{"taxonomy":"product_cat","embeddable":true,"href":"https:\/\/roveyayinevi.com.tr\/index.php\/wp-json\/wp\/v2\/product_cat?post=718339"},{"taxonomy":"product_tag","embeddable":true,"href":"https:\/\/roveyayinevi.com.tr\/index.php\/wp-json\/wp\/v2\/product_tag?post=718339"}],"curies":[{"name":"wp","href":"https:\/\/api.w.org\/{rel}","templated":true}]}}