{"id":718338,"date":"2025-08-27T18:07:11","date_gmt":"2025-08-27T15:07:11","guid":{"rendered":"https:\/\/roveyayinevi.com.tr\/index.php\/urun\/mutlu-olmak-kolay-mi-dusunme-cemberi-2\/"},"modified":"2026-04-16T02:26:24","modified_gmt":"2026-04-15T23:26:24","slug":"mutlu-olmak-kolay-mi-dusunme-cemberi-2","status":"publish","type":"product","link":"https:\/\/roveyayinevi.com.tr\/index.php\/urun\/mutlu-olmak-kolay-mi-dusunme-cemberi-2\/","title":{"rendered":"Mutlu Olmak Kolay m\u0131? &#8211; D\u00fc\u015f\u00fcnme \u00c7emberi 2"},"content":{"rendered":"<p>Hi\u00e7 kolay olur mu? Kolay olsayd\u0131, istedi\u011fi her \u015feye sahip olan ve yak\u0131nda kral olacak prens mutlu olurdu, oysa prens \u00e7ok mutsuz. \u00d6yle ki, mutsuz bir prens olmaktansa, mutlu bir ke\u00e7i olmaya bile raz\u0131. Orman cini, e\u011fer isterse onu mutlu bir ke\u00e7i yapmak i\u00e7in haz\u0131r. Siz ne dersiniz, prens ne yaps\u0131n? Mutsuz bir prens olarak m\u0131 kals\u0131n yoksa mutlu bir ke\u00e7iye mi d\u00f6nu\u0308\u015fsu\u0308n?Biri \u00e7ocuk kitaplar\u0131 yazar\u0131, di\u011feri felsefeci olan iki yazar\u0131n kaleminden \u00e7\u0131kan \u201cDu\u0308\u015fu\u0308nme \u00c7emberi\u201d kitap dizisinde heyecanl\u0131 tart\u0131\u015fmalar yap\u0131l\u0131yor. P4C (\u00c7ocuklar \u0130\u00e7in Felsefe) tekni\u011fiyle, \u00e7ocuklarla yap\u0131lan at\u00f6lye \u00e7al\u0131\u015fmalar\u0131ndan esinlenerek yaz\u0131lan kitaplarda, tart\u0131\u015fmalara okuyucunun da kat\u0131lmas\u0131 sa\u011flanarak felsefi kavramlara do\u011fru birlikte yol al\u0131n\u0131yor. <\/p>\n","protected":false},"excerpt":{"rendered":"<p>Hi\u00e7 kolay olur mu? Kolay olsayd\u0131, istedi\u011fi her \u015feye sahip olan ve yak\u0131nda kral olacak prens mutlu olurdu, oysa prens \u00e7ok mutsuz. \u00d6yle ki, mutsuz bir<span class=\"excerpt-hellip\"> [\u2026]<\/span><\/p>\n","protected":false},"featured_media":0,"template":"","meta":{"_monsterinsights_skip_tracking":false,"_monsterinsights_sitenote_active":false,"_monsterinsights_sitenote_note":"","_monsterinsights_sitenote_category":0},"product_brand":[],"product_cat":[12275,12274],"product_tag":[],"class_list":{"0":"post-718338","1":"product","2":"type-product","3":"status-publish","5":"product_cat-6-12-yas-kitaplari","6":"product_cat-cocuk-ve-genclik-kitaplari","7":"pa_cilt-ciltsiz","8":"pa_tur-kitap","9":"pa_yayinevi-say-yayinlari","10":"pa_yazar-yilmaz-murat-bilican-nergis-seli","12":"first","13":"instock","14":"sale","15":"shipping-taxable","16":"purchasable","17":"product-type-simple"},"_links":{"self":[{"href":"https:\/\/roveyayinevi.com.tr\/index.php\/wp-json\/wp\/v2\/product\/718338","targetHints":{"allow":["GET"]}}],"collection":[{"href":"https:\/\/roveyayinevi.com.tr\/index.php\/wp-json\/wp\/v2\/product"}],"about":[{"href":"https:\/\/roveyayinevi.com.tr\/index.php\/wp-json\/wp\/v2\/types\/product"}],"wp:attachment":[{"href":"https:\/\/roveyayinevi.com.tr\/index.php\/wp-json\/wp\/v2\/media?parent=718338"}],"wp:term":[{"taxonomy":"product_brand","embeddable":true,"href":"https:\/\/roveyayinevi.com.tr\/index.php\/wp-json\/wp\/v2\/product_brand?post=718338"},{"taxonomy":"product_cat","embeddable":true,"href":"https:\/\/roveyayinevi.com.tr\/index.php\/wp-json\/wp\/v2\/product_cat?post=718338"},{"taxonomy":"product_tag","embeddable":true,"href":"https:\/\/roveyayinevi.com.tr\/index.php\/wp-json\/wp\/v2\/product_tag?post=718338"}],"curies":[{"name":"wp","href":"https:\/\/api.w.org\/{rel}","templated":true}]}}