{"id":718335,"date":"2025-08-27T18:07:09","date_gmt":"2025-08-27T15:07:09","guid":{"rendered":"https:\/\/roveyayinevi.com.tr\/index.php\/urun\/saki\/"},"modified":"2026-04-16T02:26:24","modified_gmt":"2026-04-15T23:26:24","slug":"saki","status":"publish","type":"product","link":"https:\/\/roveyayinevi.com.tr\/index.php\/urun\/saki\/","title":{"rendered":"\u015eaki"},"content":{"rendered":"<p>Elinizdeki kitap son d\u00f6nemde kamu kurumlar\u0131ndaki usuls\u00fczl\u00fck iddialar\u0131yla ilgili olarak yaz\u0131lm\u0131\u015f en kapsaml\u0131 \u00e7al\u0131\u015fma. Tek c\u00fcmleyle \u00f6zetlenecek olursa, bir T\u00fcrkiye ger\u00e7e\u011fi!.. B\u00fcy\u00fck rakamlar\u0131n konu\u015fuldu\u011fu, ilgin\u00e7 ili\u015fkilerin d\u00f6nd\u00fc\u011f\u00fc \u015fa\u015f\u0131rt\u0131c\u0131 olaylar\u0131 adeta polisiye bir film izler gibi, bir solukta okuyacaks\u0131n\u0131z. U\u011fur D\u00fcndar   Sevgili karde\u015fim, dostum Murat A\u011f\u0131rel, \u201cYeni T\u00fcrkiye\u2019yi\u201d pek g\u00fczel anlatan, Tevfik Fikret\u2019in \u201cHan-\u0131 \u0130\u015ftiha\u201d \u015fiirinde \u201c\u00e7atlay\u0131ncaya kadar yiyen\u201d tan\u0131m\u0131na cuk oturanlar\u0131, devleti soyanlar\u0131 korkudan titreten bir kitaba imza att\u0131: \u015eaki: Korumal\u0131 devlet soygunu! Eline sa\u011fl\u0131k karde\u015fim!.. \u00dcmit Zileli Okudu\u011funuz kitap bir s\u00fcrecin hukuk devletinin olmazsa olmaz\u0131 yarg\u0131 s\u00fcrecinin son halkas\u0131 olan Say\u0131\u015ftay raporlar\u0131na yans\u0131yan talan d\u00fczenini anlatmakta. Kim yapm\u0131\u015f, nas\u0131l yapm\u0131\u015f, kimlerle yapm\u0131\u015f, kimler g\u00f6rmezden gelmi\u015f sorular\u0131n\u0131n yan\u0131tlar\u0131n\u0131 kendiniz arayacak ve bulacaks\u0131n\u0131z. Celal \u00dclgen   Murat A\u011f\u0131rel zor ve az yap\u0131lan bir \u015feyi yapm\u0131\u015f; Say\u0131\u015ftay raporlar\u0131n\u0131 inceleyip ara\u015ft\u0131rm\u0131\u015f. Ama daha da \u00f6nemlisi kamuoyundan ve TBMM\u2019den ka\u00e7\u0131r\u0131lan raporlar\u0131 yazm\u0131\u015f. Soygunlar hep oldu, olacak. \u00d6nemli olan soygunlar\u0131 ara\u015ft\u0131racak, sorgulayacak, denetleyecek ve sonunda adalete hesap verecek sorumlular\u0131n ortaya \u00e7\u0131kar\u0131lmas\u0131 ve cayd\u0131r\u0131c\u0131 mekanizmalar\u0131n olu\u015fturulmas\u0131d\u0131r. Demokrasilerin fark\u0131 budur. Adaletin olmad\u0131\u011f\u0131, bas\u0131n ve hukuk kurumlar\u0131n\u0131n sessizle\u015ftirildi\u011fi d\u00f6nemlerde bu kitaplar toplumun hayk\u0131r\u0131\u015f\u0131 ve gelecek i\u00e7in tarihe d\u00fc\u015f\u00fclm\u00fc\u015f notlard\u0131r. Ceyhun \u0130rgil   \u201cBen yapar\u0131m olur. Ben harcar\u0131m olur. Ben g\u00f6z yumar\u0131m olur. Ben izin veririm olur\u201d mant\u0131\u011f\u0131n\u0131n devlete h\u00e2kim olmas\u0131. En ba\u015fta da vatanda\u015f\u0131n cebinden \u00e7\u0131kan ve kimi zaman \u201ckatrilyonlara\u201d ula\u015fan her bir k\u00f6r kuru\u015fun, muktedirler taraf\u0131ndan har vurulup harman savrulmas\u0131, kimi zaman da pe\u015fke\u015f \u00e7ekilmesi. Gen\u00e7 meslekta\u015f\u0131m Murat A\u011f\u0131rel, Say\u0131\u015ftay dosyalar\u0131n\u0131 didik didik ederek haz\u0131rlad\u0131\u011f\u0131 bu kitapta, i\u015fte \u201cYeni Rejim\u201din bu affedilemez ar\u0131zalar\u0131ndan birini daha ortaya \u00e7\u0131karmaya yard\u0131mc\u0131 oluyor.  Zafer Arapkirli  <\/p>\n","protected":false},"excerpt":{"rendered":"<p>Elinizdeki kitap son d\u00f6nemde kamu kurumlar\u0131ndaki usuls\u00fczl\u00fck iddialar\u0131yla ilgili olarak yaz\u0131lm\u0131\u015f en kapsaml\u0131 \u00e7al\u0131\u015fma. Tek c\u00fcmleyle \u00f6zetlenecek olursa, bir T\u00fcrkiye ger\u00e7e\u011fi!.. B\u00fcy\u00fck rakamlar\u0131n konu\u015fuldu\u011fu, ilgin\u00e7 ili\u015fkilerin<span class=\"excerpt-hellip\"> [\u2026]<\/span><\/p>\n","protected":false},"featured_media":0,"template":"","meta":{"_monsterinsights_skip_tracking":false,"_monsterinsights_sitenote_active":false,"_monsterinsights_sitenote_note":"","_monsterinsights_sitenote_category":0},"product_brand":[],"product_cat":[13590,12337],"product_tag":[],"class_list":{"0":"post-718335","1":"product","2":"type-product","3":"status-publish","5":"product_cat-arastirma-inceleme-politika-siyaset","6":"product_cat-politika-siyaset","7":"pa_cilt-ciltsiz","8":"pa_tur-kitap","9":"pa_yayinevi-inkilap-kitabevi","10":"pa_yazar-murat-agirel","12":"first","13":"instock","14":"sale","15":"shipping-taxable","16":"purchasable","17":"product-type-simple"},"_links":{"self":[{"href":"https:\/\/roveyayinevi.com.tr\/index.php\/wp-json\/wp\/v2\/product\/718335","targetHints":{"allow":["GET"]}}],"collection":[{"href":"https:\/\/roveyayinevi.com.tr\/index.php\/wp-json\/wp\/v2\/product"}],"about":[{"href":"https:\/\/roveyayinevi.com.tr\/index.php\/wp-json\/wp\/v2\/types\/product"}],"wp:attachment":[{"href":"https:\/\/roveyayinevi.com.tr\/index.php\/wp-json\/wp\/v2\/media?parent=718335"}],"wp:term":[{"taxonomy":"product_brand","embeddable":true,"href":"https:\/\/roveyayinevi.com.tr\/index.php\/wp-json\/wp\/v2\/product_brand?post=718335"},{"taxonomy":"product_cat","embeddable":true,"href":"https:\/\/roveyayinevi.com.tr\/index.php\/wp-json\/wp\/v2\/product_cat?post=718335"},{"taxonomy":"product_tag","embeddable":true,"href":"https:\/\/roveyayinevi.com.tr\/index.php\/wp-json\/wp\/v2\/product_tag?post=718335"}],"curies":[{"name":"wp","href":"https:\/\/api.w.org\/{rel}","templated":true}]}}