{"id":718334,"date":"2025-08-27T18:07:08","date_gmt":"2025-08-27T15:07:08","guid":{"rendered":"https:\/\/roveyayinevi.com.tr\/index.php\/urun\/dusman-okullar-3-son-ders\/"},"modified":"2026-04-13T02:32:49","modified_gmt":"2026-04-12T23:32:49","slug":"dusman-okullar-3-son-ders","status":"publish","type":"product","link":"https:\/\/roveyayinevi.com.tr\/index.php\/urun\/dusman-okullar-3-son-ders\/","title":{"rendered":"D\u00fc\u015fman Okullar &#8211; 3; Son Ders"},"content":{"rendered":"<p>Son\u2019a gizlenen ba\u015flang\u0131\u00e7&#8230;   Kader, halkalar\u0131 birbirine ge\u00e7irilen \u015fans zincirinden ibarettir kimine g\u00f6re. Kimine g\u00f6reyse, sonu belli olmayan ve gidi\u015fat\u0131n de\u011fi\u015fmesinde rol alamayaca\u011f\u0131m\u0131z bir film&#8230; Defne t\u00fcm bu tan\u0131mlar\u0131 y\u0131k\u0131p kendi kaderini \u00e7izmeye karar verir. Bu s\u00fcre\u00e7te dostlar\u0131n\u0131n onu yaln\u0131z b\u0131rakmaya hi\u00e7 niyeti yoktur. Hal b\u00f6yle olunca, yeni bir maceradan ne kadar ka\u00e7\u0131labilir ki?   D\u00fc\u015fman Okullar, b\u00fcy\u00fck bir a\u015fk ve dostlu\u011fa tan\u0131kl\u0131k etmeniz i\u00e7in son kez kap\u0131n\u0131z\u0131 \u00e7al\u0131yor. <\/p>\n","protected":false},"excerpt":{"rendered":"<p>Son\u2019a gizlenen ba\u015flang\u0131\u00e7&#8230; Kader, halkalar\u0131 birbirine ge\u00e7irilen \u015fans zincirinden ibarettir kimine g\u00f6re. Kimine g\u00f6reyse, sonu belli olmayan ve gidi\u015fat\u0131n de\u011fi\u015fmesinde rol alamayaca\u011f\u0131m\u0131z bir film&#8230; Defne t\u00fcm<span class=\"excerpt-hellip\"> [\u2026]<\/span><\/p>\n","protected":false},"featured_media":0,"template":"","meta":{"_monsterinsights_skip_tracking":false,"_monsterinsights_sitenote_active":false,"_monsterinsights_sitenote_note":"","_monsterinsights_sitenote_category":0},"product_brand":[],"product_cat":[12291,12711],"product_tag":[],"class_list":{"0":"post-718334","1":"product","2":"type-product","3":"status-publish","5":"product_cat-edebiyat","6":"product_cat-roman-oyku","7":"pa_cilt-ciltsiz","8":"pa_tur-kitap","9":"pa_yayinevi-ephesus-yayinlari","10":"pa_yazar-dilara-keskin","12":"first","13":"instock","14":"sale","15":"shipping-taxable","16":"purchasable","17":"product-type-simple"},"_links":{"self":[{"href":"https:\/\/roveyayinevi.com.tr\/index.php\/wp-json\/wp\/v2\/product\/718334","targetHints":{"allow":["GET"]}}],"collection":[{"href":"https:\/\/roveyayinevi.com.tr\/index.php\/wp-json\/wp\/v2\/product"}],"about":[{"href":"https:\/\/roveyayinevi.com.tr\/index.php\/wp-json\/wp\/v2\/types\/product"}],"wp:attachment":[{"href":"https:\/\/roveyayinevi.com.tr\/index.php\/wp-json\/wp\/v2\/media?parent=718334"}],"wp:term":[{"taxonomy":"product_brand","embeddable":true,"href":"https:\/\/roveyayinevi.com.tr\/index.php\/wp-json\/wp\/v2\/product_brand?post=718334"},{"taxonomy":"product_cat","embeddable":true,"href":"https:\/\/roveyayinevi.com.tr\/index.php\/wp-json\/wp\/v2\/product_cat?post=718334"},{"taxonomy":"product_tag","embeddable":true,"href":"https:\/\/roveyayinevi.com.tr\/index.php\/wp-json\/wp\/v2\/product_tag?post=718334"}],"curies":[{"name":"wp","href":"https:\/\/api.w.org\/{rel}","templated":true}]}}