{"id":718333,"date":"2025-08-27T18:07:08","date_gmt":"2025-08-27T15:07:08","guid":{"rendered":"https:\/\/roveyayinevi.com.tr\/index.php\/urun\/kucuk-cesur-tavsan-hopi-ciltli\/"},"modified":"2026-04-16T02:26:24","modified_gmt":"2026-04-15T23:26:24","slug":"kucuk-cesur-tavsan-hopi-ciltli","status":"publish","type":"product","link":"https:\/\/roveyayinevi.com.tr\/index.php\/urun\/kucuk-cesur-tavsan-hopi-ciltli\/","title":{"rendered":"K\u00fc\u00e7\u00fck Cesur Tav\u015fan  Hopi (Ciltli)"},"content":{"rendered":"<p>Hopi evde vakit ge\u00e7irmeyi seven, evcimen bir tav\u015fan. D\u0131\u015far\u0131daki d\u00fcnyay\u0131 \u00e7ok merak etse de bir t\u00fcrl\u00fc cesaretini toplay\u0131p evden d\u0131\u015far\u0131 ad\u0131m\u0131n\u0131 atam\u0131yor. \u00c7\u00fcnk\u00fc ona g\u00f6re d\u0131\u015far\u0131s\u0131 tehlikelerle dolu, korkun\u00e7 bir yer. Peki, Hopi bir g\u00fcn evden \u00e7\u0131kmaya mecbur kal\u0131nca ne yapacak dersiniz? K\u00fc\u00e7\u00fck Cesur Tav\u015fan Hopi, bizlere zannetti\u011fimizden \u00e7ok \u00e7ok daha cesur olabilece\u011fimizi g\u00f6steren s\u0131ms\u0131cak bir dostluk hikayesi.<\/p>\n","protected":false},"excerpt":{"rendered":"<p>Hopi evde vakit ge\u00e7irmeyi seven, evcimen bir tav\u015fan. D\u0131\u015far\u0131daki d\u00fcnyay\u0131 \u00e7ok merak etse de bir t\u00fcrl\u00fc cesaretini toplay\u0131p evden d\u0131\u015far\u0131 ad\u0131m\u0131n\u0131 atam\u0131yor. \u00c7\u00fcnk\u00fc ona g\u00f6re d\u0131\u015far\u0131s\u0131<span class=\"excerpt-hellip\"> [\u2026]<\/span><\/p>\n","protected":false},"featured_media":0,"template":"","meta":{"_monsterinsights_skip_tracking":false,"_monsterinsights_sitenote_active":false,"_monsterinsights_sitenote_note":"","_monsterinsights_sitenote_category":0},"product_brand":[],"product_cat":[12913,12274],"product_tag":[],"class_list":{"0":"post-718333","1":"product","2":"type-product","3":"status-publish","5":"product_cat-3-6-yas-kitaplari","6":"product_cat-cocuk-ve-genclik-kitaplari","7":"pa_cilt-ciltli","8":"pa_tur-kitap","9":"pa_yayinevi-beyaz-balina-yayinlari","10":"pa_yazar-nicola-kinnear","12":"first","13":"instock","14":"sale","15":"shipping-taxable","16":"purchasable","17":"product-type-simple"},"_links":{"self":[{"href":"https:\/\/roveyayinevi.com.tr\/index.php\/wp-json\/wp\/v2\/product\/718333","targetHints":{"allow":["GET"]}}],"collection":[{"href":"https:\/\/roveyayinevi.com.tr\/index.php\/wp-json\/wp\/v2\/product"}],"about":[{"href":"https:\/\/roveyayinevi.com.tr\/index.php\/wp-json\/wp\/v2\/types\/product"}],"wp:attachment":[{"href":"https:\/\/roveyayinevi.com.tr\/index.php\/wp-json\/wp\/v2\/media?parent=718333"}],"wp:term":[{"taxonomy":"product_brand","embeddable":true,"href":"https:\/\/roveyayinevi.com.tr\/index.php\/wp-json\/wp\/v2\/product_brand?post=718333"},{"taxonomy":"product_cat","embeddable":true,"href":"https:\/\/roveyayinevi.com.tr\/index.php\/wp-json\/wp\/v2\/product_cat?post=718333"},{"taxonomy":"product_tag","embeddable":true,"href":"https:\/\/roveyayinevi.com.tr\/index.php\/wp-json\/wp\/v2\/product_tag?post=718333"}],"curies":[{"name":"wp","href":"https:\/\/api.w.org\/{rel}","templated":true}]}}