{"id":718331,"date":"2025-08-27T18:07:06","date_gmt":"2025-08-27T15:07:06","guid":{"rendered":"https:\/\/roveyayinevi.com.tr\/index.php\/urun\/degirmenler-vadisi-2\/"},"modified":"2026-04-16T02:26:24","modified_gmt":"2026-04-15T23:26:24","slug":"degirmenler-vadisi-2","status":"publish","type":"product","link":"https:\/\/roveyayinevi.com.tr\/index.php\/urun\/degirmenler-vadisi-2\/","title":{"rendered":"De\u011firmenler Vadisi"},"content":{"rendered":"<p>Bir vadiden bahsedilecekse, onu olu\u015fturan sudan da bahsetmek gerekir. Vadideki su t\u00fcm canl\u0131lara hayat verir: bitkilere, \u00e7i\u00e7eklere, hayvanlara, insanlara&#8230; Y\u00fcz y\u0131llarca, bin y\u0131llarca b\u00f6yle s\u00fcregelmi\u015ftir. Ama insanlar bazen tuhaft\u0131r, bazen de zalim&#8230; Hatta kiminin akl\u0131na suyun ak\u0131\u015f\u0131n\u0131 durdurmak bile gelir. \u0130\u015fte o zaman sorunlar ba\u015flar. De\u011firmenlerin \u00e7arklar\u0131 durur ve yeniden d\u00f6nmeleri i\u00e7in adaletin yerini bulmas\u0131n\u0131 beklemek gerekir.\u201dDe\u011firmenler Vadisi\u201d hik\u00e2yelerin g\u00fcc\u00fc ve adalet \u00fczerine unutulmaz bir kitap!<\/p>\n","protected":false},"excerpt":{"rendered":"<p>Bir vadiden bahsedilecekse, onu olu\u015fturan sudan da bahsetmek gerekir. Vadideki su t\u00fcm canl\u0131lara hayat verir: bitkilere, \u00e7i\u00e7eklere, hayvanlara, insanlara&#8230; Y\u00fcz y\u0131llarca, bin y\u0131llarca b\u00f6yle s\u00fcregelmi\u015ftir. Ama<span class=\"excerpt-hellip\"> [\u2026]<\/span><\/p>\n","protected":false},"featured_media":0,"template":"","meta":{"_monsterinsights_skip_tracking":false,"_monsterinsights_sitenote_active":false,"_monsterinsights_sitenote_note":"","_monsterinsights_sitenote_category":0},"product_brand":[],"product_cat":[12275,12274],"product_tag":[],"class_list":{"0":"post-718331","1":"product","2":"type-product","3":"status-publish","5":"product_cat-6-12-yas-kitaplari","6":"product_cat-cocuk-ve-genclik-kitaplari","7":"pa_cilt-ciltsiz","8":"pa_tur-kitap","9":"pa_yayinevi-can-cocuk-yayinlari","10":"pa_yazar-roberto-piumini","12":"first","13":"instock","14":"sale","15":"shipping-taxable","16":"purchasable","17":"product-type-simple"},"_links":{"self":[{"href":"https:\/\/roveyayinevi.com.tr\/index.php\/wp-json\/wp\/v2\/product\/718331","targetHints":{"allow":["GET"]}}],"collection":[{"href":"https:\/\/roveyayinevi.com.tr\/index.php\/wp-json\/wp\/v2\/product"}],"about":[{"href":"https:\/\/roveyayinevi.com.tr\/index.php\/wp-json\/wp\/v2\/types\/product"}],"wp:attachment":[{"href":"https:\/\/roveyayinevi.com.tr\/index.php\/wp-json\/wp\/v2\/media?parent=718331"}],"wp:term":[{"taxonomy":"product_brand","embeddable":true,"href":"https:\/\/roveyayinevi.com.tr\/index.php\/wp-json\/wp\/v2\/product_brand?post=718331"},{"taxonomy":"product_cat","embeddable":true,"href":"https:\/\/roveyayinevi.com.tr\/index.php\/wp-json\/wp\/v2\/product_cat?post=718331"},{"taxonomy":"product_tag","embeddable":true,"href":"https:\/\/roveyayinevi.com.tr\/index.php\/wp-json\/wp\/v2\/product_tag?post=718331"}],"curies":[{"name":"wp","href":"https:\/\/api.w.org\/{rel}","templated":true}]}}